{"id":4229,"date":"2025-06-05T14:14:57","date_gmt":"2025-06-05T11:14:57","guid":{"rendered":"https:\/\/wristbandfactory.eu\/?post_type=product&#038;p=4229"},"modified":"2026-04-01T21:52:36","modified_gmt":"2026-04-01T18:52:36","slug":"digital-printed-reusable-cups-360-wrap","status":"publish","type":"product","link":"https:\/\/displayproducts.eu\/fr\/p\/digital-printed-reusable-cups-360-wrap\/","title":{"rendered":"Gobelets r\u00e9utilisables imprim\u00e9s num\u00e9riquement (enveloppe \u00e0 360\u00b0)"},"content":{"rendered":"<p data-path-to-node=\"11\">Optimisez l&#039;impact de votre marque gr\u00e2ce \u00e0 nos gobelets r\u00e9utilisables imprim\u00e9s num\u00e9riquement. Ce gobelet de 500 ml est une solution de branding haut de gamme, offrant une impression num\u00e9rique 360\u00b0 int\u00e9grale qui donne vie \u00e0 des designs complexes en couleur et aux logos de vos sponsors.<\/p>\n<p data-path-to-node=\"12\">Fabriqu\u00e9 en plastique PP durable et de haute qualit\u00e9 avec une \u00e9l\u00e9gante finition mate semi-transparente, ce gobelet est le choix id\u00e9al pour les \u00e9v\u00e9nements d&#039;entreprise haut de gamme, les lancements de produits et les festivals o\u00f9 la pr\u00e9sentation de la marque est essentielle.<\/p>\n<p data-path-to-node=\"13\">Bien que sa sp\u00e9cialit\u00e9 soit l&#039;impression num\u00e9rique \u00e0 fort impact, cette tasse polyvalente prend en charge une gamme compl\u00e8te d&#039;options de personnalisation pour s&#039;adapter \u00e0 tous les budgets, y compris la s\u00e9rigraphie int\u00e9grale en une couleur et la tampographie pr\u00e9cise \u00e0 plusieurs emplacements pour les logos plus petits.<\/p>\n<p data-path-to-node=\"14\">Solution empilable, l\u00e9g\u00e8re et \u00e9co-responsable fabriqu\u00e9e en Europe, elle r\u00e9duit non seulement les d\u00e9chets plastiques, mais constitue \u00e9galement un souvenir m\u00e9morable de haute qualit\u00e9 qui repr\u00e9sente efficacement votre marque.<\/p>\n<p data-path-to-node=\"15\"><b>Caract\u00e9ristiques principales :<\/b><\/p>\n<ul data-path-to-node=\"16\">\n<li>\n<p data-path-to-node=\"16,0,0\"><b>Impression num\u00e9rique premium \u00e0 360\u00b0 :<\/b> Offre une impression sans couture et enveloppante (270 x 116 mm) pour des graphismes complexes en couleur.<\/p>\n<\/li>\n<li>\n<p data-path-to-node=\"16,1,0\"><b>Options d&#039;impression polyvalentes\u00a0:<\/b> Prend \u00e9galement en charge la s\u00e9rigraphie 1 couleur et la tampographie multi-emplacements pour des besoins de marquage plus sans impressions.<\/p>\n<\/li>\n<li>\n<p data-path-to-node=\"16,2,0\"><b>Gobelet durable de 500 ml :<\/b> Fabriqu\u00e9 en plastique PP r\u00e9utilisable de haute qualit\u00e9, id\u00e9al pour le service des boissons.<\/p>\n<\/li>\n<li>\n<p data-path-to-node=\"16,3,0\"><b>Finition mate \u00e9l\u00e9gante :<\/b> Il pr\u00e9sente une finition mate semi-transparente moderne qui met en valeur l&#039;image de marque.<\/p>\n<\/li>\n<li>\n<p data-path-to-node=\"16,4,0\"><b>Production europ\u00e9enne :<\/b> Garantit le respect des normes de s\u00e9curit\u00e9 et de qualit\u00e9 les plus \u00e9lev\u00e9es.<\/p>\n<\/li>\n<\/ul>","protected":false},"excerpt":{"rendered":"<ul data-path-to-node=\"10\">\n<li>\n<p data-path-to-node=\"10,0,0\">Impression num\u00e9rique panoramique \u00e0 360\u00b0 de qualit\u00e9 sup\u00e9rieure pour des designs complexes et photor\u00e9alistes.<\/p>\n<\/li>\n<li>\n<p data-path-to-node=\"10,1,0\">Bouteille en plastique PP r\u00e9utilisable et durable de 500 ml avec une finition mate semi-transparente moderne.<\/p>\n<\/li>\n<li>\n<p data-path-to-node=\"10,2,0\">Plusieurs techniques d&#039;impression sont disponibles, allant de l&#039;impression num\u00e9rique int\u00e9grale \u00e0 la s\u00e9rigraphie ou \u00e0 la tampographie monochrome.<\/p>\n<\/li>\n<li>\n<p data-path-to-node=\"10,3,0\">Fabriqu\u00e9 en Europe, garantissant des normes de qualit\u00e9 et de s\u00e9curit\u00e9 \u00e9lev\u00e9es.<\/p>\n<\/li>\n<\/ul>","protected":false},"featured_media":6494,"comment_status":"closed","ping_status":"closed","template":"","meta":[],"product_brand":[],"product_cat":[111],"product_tag":[],"class_list":{"0":"post-4229","1":"product","2":"type-product","3":"status-publish","4":"has-post-thumbnail","6":"product_cat-reusable-event-cups","8":"first","9":"instock","10":"shipping-taxable","11":"purchasable","12":"product-type-simple"},"_links":{"self":[{"href":"https:\/\/displayproducts.eu\/fr\/wp-json\/wp\/v2\/product\/4229","targetHints":{"allow":["GET"]}}],"collection":[{"href":"https:\/\/displayproducts.eu\/fr\/wp-json\/wp\/v2\/product"}],"about":[{"href":"https:\/\/displayproducts.eu\/fr\/wp-json\/wp\/v2\/types\/product"}],"replies":[{"embeddable":true,"href":"https:\/\/displayproducts.eu\/fr\/wp-json\/wp\/v2\/comments?post=4229"}],"wp:featuredmedia":[{"embeddable":true,"href":"https:\/\/displayproducts.eu\/fr\/wp-json\/wp\/v2\/media\/6494"}],"wp:attachment":[{"href":"https:\/\/displayproducts.eu\/fr\/wp-json\/wp\/v2\/media?parent=4229"}],"wp:term":[{"taxonomy":"product_brand","embeddable":true,"href":"https:\/\/displayproducts.eu\/fr\/wp-json\/wp\/v2\/product_brand?post=4229"},{"taxonomy":"product_cat","embeddable":true,"href":"https:\/\/displayproducts.eu\/fr\/wp-json\/wp\/v2\/product_cat?post=4229"},{"taxonomy":"product_tag","embeddable":true,"href":"https:\/\/displayproducts.eu\/fr\/wp-json\/wp\/v2\/product_tag?post=4229"}],"curies":[{"name":"wp","href":"https:\/\/api.w.org\/{rel}","templated":true}]}}