{"id":4202,"date":"2025-06-05T13:39:24","date_gmt":"2025-06-05T10:39:24","guid":{"rendered":"https:\/\/wristbandfactory.eu\/?post_type=product&#038;p=4202"},"modified":"2026-04-01T21:52:04","modified_gmt":"2026-04-01T18:52:04","slug":"standard-reusable-event-cups-500ml","status":"publish","type":"product","link":"https:\/\/displayproducts.eu\/fr\/p\/standard-reusable-event-cups-500ml\/","title":{"rendered":"Gobelets r\u00e9utilisables standard pour \u00e9v\u00e9nements (500 ml)"},"content":{"rendered":"<p data-path-to-node=\"8\">Ce gobelet r\u00e9utilisable standard de 500 ml est la solution id\u00e9ale et \u00e9conomique pour les \u00e9v\u00e9nements de grande envergure, les festivals et les campagnes promotionnelles. Il est con\u00e7u pour les organisations qui recherchent une alternative durable, \u00e9cologique et facilement personnalisable aux plastiques \u00e0 usage unique, sans installation complexe.<\/p>\n<p data-path-to-node=\"9\">Fabriqu\u00e9 en Europe \u00e0 partir de plastique PP robuste \u00e0 sans impression paroi, ce gobelet est l\u00e9ger et r\u00e9sistant, id\u00e9al pour les \u00e9v\u00e9nements les plus anim\u00e9s. Sa contenance de 500 ml est parfaite pour servir la plupart des boissons. Son design minimaliste offre un support id\u00e9al pour votre marque.<\/p>\n<p data-path-to-node=\"10\">Cette tasse est id\u00e9ale pour un marquage monochrome clair et abordable. Nous proposons l&#039;impression par tampographie et la s\u00e9rigraphie pour afficher efficacement votre logo ou le message de votre \u00e9v\u00e9nement.<\/p>\n<p data-path-to-node=\"11\">Ce mat\u00e9riau est certifi\u00e9 sans BPA, garantissant la s\u00e9curit\u00e9 de tous les participants. R\u00e9utilisable et fabriqu\u00e9 en Europe, ce produit est un choix fiable et \u00e9cologique pour tout \u00e9v\u00e9nement.<\/p>\n<p data-path-to-node=\"12\"><b>Caract\u00e9ristiques principales :<\/b><\/p>\n<ul data-path-to-node=\"13\">\n<li>\n<p data-path-to-node=\"13,0,0\"><b>Image de marque rentable\u00a0:<\/b> Optimis\u00e9 pour l&#039;impression par tampographie ou s\u00e9rigraphie 1 couleur \u00e0 prix abordable.<\/p>\n<\/li>\n<li>\n<p data-path-to-node=\"13,1,0\"><b>Capacit\u00e9 standard de 500 ml :<\/b> Un format polyvalent id\u00e9al pour les festivals, les \u00e9v\u00e9nements d&#039;entreprise et les promotions.<\/p>\n<\/li>\n<li>\n<p data-path-to-node=\"13,2,0\"><b>Durable et l\u00e9ger :<\/b> Fabriqu\u00e9 en plastique PP robuste \u00e0 paroi sans impression, id\u00e9al pour la distribution \u00e0 grande \u00e9chelle.<\/p>\n<\/li>\n<li>\n<p data-path-to-node=\"13,3,0\"><b>S\u00fbr et durable :<\/b> Certifi\u00e9 sans BPA et fabriqu\u00e9 en Europe selon des normes de qualit\u00e9 \u00e9lev\u00e9es.<\/p>\n<\/li>\n<li>\n<p data-path-to-node=\"13,4,0\"><b>Solution \u00e9cologique :<\/b> Une alternative durable et r\u00e9utilisable pour r\u00e9duire les d\u00e9chets plastiques \u00e0 usage unique.<\/p>\n<\/li>\n<\/ul>","protected":false},"excerpt":{"rendered":"<ul>\n<li>\n<p data-path-to-node=\"7,0,0\">Votre choix \u00e9conomique pour les commandes group\u00e9es et les \u00e9v\u00e9nements de grande envergure.<\/p>\n<\/li>\n<li>\n<p data-path-to-node=\"7,1,0\">Id\u00e9al pour un marquage abordable en une couleur (tampographie ou s\u00e9rigraphie).<\/p>\n<\/li>\n<li>\n<p data-path-to-node=\"7,2,0\">Plastique PP monocouche, durable et l\u00e9ger.<\/p>\n<\/li>\n<li>\n<p data-path-to-node=\"7,3,0\">Fabriqu\u00e9 en Europe et certifi\u00e9 sans BPA.<\/p>\n<\/li>\n<\/ul>","protected":false},"featured_media":6639,"comment_status":"closed","ping_status":"closed","template":"","meta":[],"product_brand":[],"product_cat":[111],"product_tag":[],"class_list":{"0":"post-4202","1":"product","2":"type-product","3":"status-publish","4":"has-post-thumbnail","6":"product_cat-reusable-event-cups","8":"first","9":"instock","10":"shipping-taxable","11":"purchasable","12":"product-type-simple"},"_links":{"self":[{"href":"https:\/\/displayproducts.eu\/fr\/wp-json\/wp\/v2\/product\/4202","targetHints":{"allow":["GET"]}}],"collection":[{"href":"https:\/\/displayproducts.eu\/fr\/wp-json\/wp\/v2\/product"}],"about":[{"href":"https:\/\/displayproducts.eu\/fr\/wp-json\/wp\/v2\/types\/product"}],"replies":[{"embeddable":true,"href":"https:\/\/displayproducts.eu\/fr\/wp-json\/wp\/v2\/comments?post=4202"}],"wp:featuredmedia":[{"embeddable":true,"href":"https:\/\/displayproducts.eu\/fr\/wp-json\/wp\/v2\/media\/6639"}],"wp:attachment":[{"href":"https:\/\/displayproducts.eu\/fr\/wp-json\/wp\/v2\/media?parent=4202"}],"wp:term":[{"taxonomy":"product_brand","embeddable":true,"href":"https:\/\/displayproducts.eu\/fr\/wp-json\/wp\/v2\/product_brand?post=4202"},{"taxonomy":"product_cat","embeddable":true,"href":"https:\/\/displayproducts.eu\/fr\/wp-json\/wp\/v2\/product_cat?post=4202"},{"taxonomy":"product_tag","embeddable":true,"href":"https:\/\/displayproducts.eu\/fr\/wp-json\/wp\/v2\/product_tag?post=4202"}],"curies":[{"name":"wp","href":"https:\/\/api.w.org\/{rel}","templated":true}]}}