{"id":4159,"date":"2025-06-04T23:53:14","date_gmt":"2025-06-04T20:53:14","guid":{"rendered":"https:\/\/wristbandfactory.eu\/?post_type=product&#038;p=4159"},"modified":"2026-04-01T21:52:04","modified_gmt":"2026-04-01T18:52:04","slug":"iml-printed-reusable-event-cups-bpa-free","status":"publish","type":"product","link":"https:\/\/displayproducts.eu\/fr\/p\/iml-printed-reusable-event-cups-bpa-free\/","title":{"rendered":"Gobelets r\u00e9utilisables imprim\u00e9s IML"},"content":{"rendered":"<p data-path-to-node=\"8\"><span class=\"citation-103 citation-end-103\">Valorisez votre marque et atteignez vos objectifs de d\u00e9veloppement durable gr\u00e2ce \u00e0 nos gobelets \u00e9v\u00e9nementiels r\u00e9utilisables haut de gamme, dot\u00e9s d&#039;une impression IML en couleur haute d\u00e9finition. <\/span><span class=\"citation-102 citation-end-102\">C&#039;est la solution id\u00e9ale pour les festivals, les stades et les entreprises \u00e0 la recherche d&#039;un outil de branding percutant et \u00e9cologique. <\/span><span class=\"citation-101 citation-end-101\">Cette technologie transforme une sans impression tasse en un souvenir promotionnel percutant et photor\u00e9aliste que les participants auront envie de conserver. <\/span><\/p>\n<p data-path-to-node=\"9\">Nous sommes sp\u00e9cialis\u00e9s dans deux technologies d&#039;impression internes de haute qualit\u00e9 pour r\u00e9pondre aux besoins de votre marque\u00a0:<\/p>\n<ol start=\"1\" data-path-to-node=\"10\">\n<li>\n<p data-path-to-node=\"10,0,1\"><b><span class=\"citation-100\">Impression IML (In-Mould Labelling) :<\/span><\/b><span class=\"citation-100 citation-end-100\"> Notre choix haut de gamme, offrant des graphismes \u00e9poustouflants et photor\u00e9alistes qui recouvrent l&#039;int\u00e9gralit\u00e9 de la tasse. <\/span><span class=\"citation-99 citation-end-99\">Cette technologie unique donne vie \u00e0 des dessins complexes et en couleur avec un niveau de d\u00e9tail exceptionnel. <\/span><span class=\"citation-98 citation-end-98\">Nous vous proposons un choix entre une finition mate \u00e9l\u00e9gante ou une finition transparente classique pour cr\u00e9er le support id\u00e9al pour votre marque. <\/span> (Commande minimale : 1 000 unit\u00e9s)<span class=\"citation-97 citation-end-97\">. <\/span><\/p>\n<\/li>\n<li>\n<p data-path-to-node=\"10,1,1\"><b><span class=\"citation-96\">Impression s\u00e9rigraphique rotative :<\/span><\/b><span class=\"citation-96 citation-end-96\"> Une solution tr\u00e8s durable et \u00e9conomique, id\u00e9ale pour les logos vectoriels et les designs plus sans impressions. <\/span> Ce proc\u00e9d\u00e9 permet une impression de haute qualit\u00e9 et durable sur des gobelets transparents ou color\u00e9s. (Commande minimale\u00a0: 250 unit\u00e9s)<span class=\"citation-95 citation-end-95\">. <\/span><\/p>\n<\/li>\n<\/ol>\n<p data-path-to-node=\"11\">Au-del\u00e0 de l&#039;image de marque, ces gobelets repr\u00e9sentent un investissement op\u00e9rationnel judicieux. <span class=\"citation-94 citation-end-94\">Fabriqu\u00e9s en Europe, ils sont certifi\u00e9s sans danger pour la sant\u00e9, sans BPA (100%), aptes au contact alimentaire et recyclables (100%). <\/span><span class=\"citation-93 citation-end-93\">Nombre de nos mod\u00e8les IML (comme la s\u00e9rie Nicknack) sont dot\u00e9s d&#039;une \u00e9chelle de mesure v\u00e9rifi\u00e9e m\u00e9trologiquement pour un service de boissons pr\u00e9cis et professionnel. <\/span><\/p>\n<p data-path-to-node=\"12\"><span class=\"citation-92 citation-end-92\">Sa construction en plastique PP durable est con\u00e7ue pour durer. <\/span> et passe au lave-vaisselle. (Pour une dur\u00e9e de vie optimale des impressions IML, le lavage \u00e0 la main est recommand\u00e9.)<span class=\"citation-91 citation-end-91\">. <\/span><span class=\"citation-90 citation-end-90\">Disponibles en plusieurs formats, notamment 330 ml et 500 ml, elles constituent une solution pratique, empilable et peu encombrante pour tous types d&#039;\u00e9tablissements. <\/span><\/p>\n<p data-path-to-node=\"13\">Ils constituent le choix durable id\u00e9al pour :<\/p>\n<ul data-path-to-node=\"14\">\n<li>\n<p data-path-to-node=\"14,0,0\"><span class=\"citation-89 citation-end-89\">Festivals, concerts et clubs <\/span><\/p>\n<\/li>\n<li>\n<p data-path-to-node=\"14,1,0\"><span class=\"citation-88 citation-end-88\">ar\u00e8nes sportives et \u00e9v\u00e9nements d&#039;\u00e9quipe <\/span><\/p>\n<\/li>\n<li>\n<p data-path-to-node=\"14,2,0\"><span class=\"citation-87 citation-end-87\">\u00e9v\u00e9nements d&#039;entreprise et salons professionnels <\/span><\/p>\n<\/li>\n<li>\n<p data-path-to-node=\"14,3,0\"><span class=\"citation-86 citation-end-86\">\u00c9v\u00e9nements municipaux, foires et march\u00e9s <\/span><\/p>\n<\/li>\n<\/ul>\n<p data-path-to-node=\"15\">Contactez-nous d\u00e8s aujourd&#039;hui pour discuter de votre projet d&#039;impression IML ou de s\u00e9rigraphie et faites une impression durable avec vos tasses r\u00e9utilisables personnalis\u00e9es.<\/p>\n<h3 data-path-to-node=\"16\"><b>Caract\u00e9ristiques principales :<\/b><\/h3>\n<ul data-path-to-node=\"17\">\n<li>\n<p data-path-to-node=\"17,0,1\"><b><span class=\"citation-85\">Impression IML Premium :<\/span><\/b><span class=\"citation-85 citation-end-85\"> Offre un marquage int\u00e9gral photor\u00e9aliste sur toute la surface de la tasse. <\/span><\/p>\n<\/li>\n<li>\n<p data-path-to-node=\"17,1,1\"><b><span class=\"citation-84\">Options de finition personnalis\u00e9es\u00a0:<\/span><\/b><span class=\"citation-84 citation-end-84\"> Disponible en finitions mates et transparentes pour les designs IML. <\/span><\/p>\n<\/li>\n<li>\n<p data-path-to-node=\"17,2,1\"><b><span class=\"citation-83\">Impression s\u00e9rigraphique durable :<\/span><\/b><span class=\"citation-83 citation-end-83\"> Une alternative de haute qualit\u00e9 et durable aux logos vectoriels. <\/span><\/p>\n<\/li>\n<li>\n<p data-path-to-node=\"17,3,1\"><b><span class=\"citation-82\">Certifi\u00e9 sans danger pour la sant\u00e9 :<\/span><\/b><span class=\"citation-82 citation-end-82\"> Fabriqu\u00e9 \u00e0 partir de plastique PP 100% sans BPA, apte au contact alimentaire et recyclable. <\/span><\/p>\n<\/li>\n<li>\n<p data-path-to-node=\"17,4,1\"><b><span class=\"citation-81\">\u00c9chelle de mesure v\u00e9rifi\u00e9e\u00a0:<\/span><\/b><span class=\"citation-81 citation-end-81\"> De nombreux mod\u00e8les incluent une balance v\u00e9rifi\u00e9e pour un service de boissons pr\u00e9cis et constant. <\/span><\/p>\n<\/li>\n<li>\n<p data-path-to-node=\"17,5,1\"><b><span class=\"citation-80\">Capacit\u00e9s multiples :<\/span><\/b><span class=\"citation-80 citation-end-80\"> Disponible en diff\u00e9rentes tailles (ex. 330 ml, 500 ml) pour r\u00e9pondre \u00e0 vos besoins. <\/span><\/p>\n<\/li>\n<li>\n<p data-path-to-node=\"17,6,1\"><b><span class=\"citation-79\">Production europ\u00e9enne de haute qualit\u00e9 :<\/span><\/b><span class=\"citation-79 citation-end-79\"> Fabriqu\u00e9 en Europe (par exemple, en R\u00e9publique tch\u00e8que) selon des normes de s\u00e9curit\u00e9 et de qualit\u00e9 \u00e9lev\u00e9es. <\/span><\/p>\n<\/li>\n<\/ul>","protected":false},"excerpt":{"rendered":"<ul>\n<li data-path-to-node=\"7,0,0\"><span class=\"citation-108 citation-end-108\">Impression IML haut de gamme, en couleur et photor\u00e9aliste pour un impact maximal de la marque. <\/span><\/li>\n<li data-path-to-node=\"7,0,0\"><span class=\"citation-107 citation-end-107\">Disponible en plusieurs formats (ex. 330 ml, 500 ml) et finitions (mate ou transparente). <\/span><\/li>\n<li data-path-to-node=\"7,0,0\"><span class=\"citation-106 citation-end-106\">Mat\u00e9riau certifi\u00e9 sans BPA et sans danger pour la sant\u00e9 <\/span><span class=\"citation-105 citation-end-105\">; de nombreux mod\u00e8les comportent une \u00e9chelle de mesure v\u00e9rifi\u00e9e. <\/span><\/li>\n<li data-path-to-node=\"7,0,0\"><span class=\"citation-104 citation-end-104\">\u00c9galement disponible avec une impression s\u00e9rigraphique rotative durable et \u00e9conomique pour les logos plus sans impressions. <\/span><\/li>\n<li style=\"list-style-type: none;\"><\/li>\n<\/ul>","protected":false},"featured_media":6517,"comment_status":"closed","ping_status":"closed","template":"","meta":[],"product_brand":[],"product_cat":[111],"product_tag":[],"class_list":{"0":"post-4159","1":"product","2":"type-product","3":"status-publish","4":"has-post-thumbnail","6":"product_cat-reusable-event-cups","8":"first","9":"instock","10":"shipping-taxable","11":"purchasable","12":"product-type-simple"},"_links":{"self":[{"href":"https:\/\/displayproducts.eu\/fr\/wp-json\/wp\/v2\/product\/4159","targetHints":{"allow":["GET"]}}],"collection":[{"href":"https:\/\/displayproducts.eu\/fr\/wp-json\/wp\/v2\/product"}],"about":[{"href":"https:\/\/displayproducts.eu\/fr\/wp-json\/wp\/v2\/types\/product"}],"replies":[{"embeddable":true,"href":"https:\/\/displayproducts.eu\/fr\/wp-json\/wp\/v2\/comments?post=4159"}],"wp:featuredmedia":[{"embeddable":true,"href":"https:\/\/displayproducts.eu\/fr\/wp-json\/wp\/v2\/media\/6517"}],"wp:attachment":[{"href":"https:\/\/displayproducts.eu\/fr\/wp-json\/wp\/v2\/media?parent=4159"}],"wp:term":[{"taxonomy":"product_brand","embeddable":true,"href":"https:\/\/displayproducts.eu\/fr\/wp-json\/wp\/v2\/product_brand?post=4159"},{"taxonomy":"product_cat","embeddable":true,"href":"https:\/\/displayproducts.eu\/fr\/wp-json\/wp\/v2\/product_cat?post=4159"},{"taxonomy":"product_tag","embeddable":true,"href":"https:\/\/displayproducts.eu\/fr\/wp-json\/wp\/v2\/product_tag?post=4159"}],"curies":[{"name":"wp","href":"https:\/\/api.w.org\/{rel}","templated":true}]}}