{"id":4098,"date":"2025-05-09T18:19:48","date_gmt":"2025-05-09T15:19:48","guid":{"rendered":"https:\/\/wristbandfactory.eu\/?post_type=product&#038;p=4098"},"modified":"2026-04-01T21:52:04","modified_gmt":"2026-04-01T18:52:04","slug":"pu-leather-wristbands-with-details","status":"publish","type":"product","link":"https:\/\/displayproducts.eu\/fr\/p\/pu-leather-wristbands-with-details\/","title":{"rendered":"Bracelets en cuir PU avec d\u00e9tails"},"content":{"rendered":"<p class=\"\" data-start=\"132\" data-end=\"394\">Ajoutez une touche d&#039;\u00e9clat et d&#039;\u00e9l\u00e9gance \u00e0 votre collection d&#039;accessoires avec cet \u00e9l\u00e9gant bracelet en similicuir PU, au design moderne et aux d\u00e9tails \u00e9clatants fa\u00e7on cristaux. Ce bracelet est id\u00e9al au quotidien comme cadeau d&#039;entreprise haut de gamme.<\/p>\n<p class=\"\" data-start=\"396\" data-end=\"640\">Le bracelet r\u00e9glable \u00e0 bouton-pression s&#039;adapte \u00e0 toutes les tailles de poignet. Il est disponible en trois tons \u00e9l\u00e9gants\u00a0: or, noir et argent, chacun sublimant le style de celle qui le porte \u00e0 sa mani\u00e8re et offrant un magnifique \u00e9crin aux pierres \u00e9tincelantes.<\/p>\n<p class=\"\" data-start=\"642\" data-end=\"891\">Ce produit est \u00e9galement personnalisable\u00a0: la zone d&#039;impression situ\u00e9e pr\u00e8s du fermoir permet d&#039;y ajouter un logo ou un message par tampographie en une couleur, au format 15 \u00d7 12\u00a0mm. Ce bracelet est ainsi id\u00e9al comme cadeau promotionnel ou de campagne.<\/p>\n<p class=\"\" data-start=\"893\" data-end=\"912\"><strong data-start=\"893\" data-end=\"912\">Caract\u00e9ristiques:<\/strong><\/p>\n<ul data-start=\"913\" data-end=\"1238\">\n<li class=\"\" data-start=\"913\" data-end=\"941\">\n<p class=\"\" data-start=\"915\" data-end=\"941\"><strong data-start=\"915\" data-end=\"928\">Mat\u00e9riel:<\/strong> cuir PU<\/p>\n<\/li>\n<li class=\"\" data-start=\"942\" data-end=\"995\">\n<p class=\"\" data-start=\"944\" data-end=\"995\"><strong data-start=\"944\" data-end=\"955\">Conception:<\/strong> D\u00e9tails \u00e9tincelants avec une finition \u00e9l\u00e9gante<\/p>\n<\/li>\n<li class=\"\" data-start=\"996\" data-end=\"1038\">\n<p class=\"\" data-start=\"998\" data-end=\"1038\"><strong data-start=\"998\" data-end=\"1016\">Options de couleur :<\/strong> Or, noir, argent<\/p>\n<\/li>\n<li class=\"\" data-start=\"1039\" data-end=\"1084\">\n<p class=\"\" data-start=\"1041\" data-end=\"1084\"><strong data-start=\"1041\" data-end=\"1051\">Fermoir:<\/strong> Fermeture \u00e0 bouton-pression r\u00e9glable<\/p>\n<\/li>\n<li class=\"\" data-start=\"1085\" data-end=\"1118\">\n<p class=\"\" data-start=\"1087\" data-end=\"1118\"><strong data-start=\"1087\" data-end=\"1102\">Dimensions:<\/strong> 20,5 \u00d7 2,6 cm<\/p>\n<\/li>\n<li class=\"\" data-start=\"1119\" data-end=\"1138\">\n<p class=\"\" data-start=\"1121\" data-end=\"1138\"><strong data-start=\"1121\" data-end=\"1132\">Poids:<\/strong> 8 g<\/p>\n<\/li>\n<li class=\"\" data-start=\"1139\" data-end=\"1181\">\n<p class=\"\" data-start=\"1141\" data-end=\"1181\"><strong data-start=\"1141\" data-end=\"1156\">Zone d&#039;impression :<\/strong> Fermoir proche, 15 \u00d7 12 mm<\/p>\n<\/li>\n<li class=\"\" data-start=\"1182\" data-end=\"1238\">\n<p class=\"\" data-start=\"1184\" data-end=\"1238\"><strong data-start=\"1184\" data-end=\"1207\">Technique d&#039;impression :<\/strong> Tampographie (maximum 1 couleur)<\/p>\n<\/li>\n<\/ul>","protected":false},"excerpt":{"rendered":"<p class=\"\" data-start=\"80\" data-end=\"438\">Ce bracelet en similicuir PU est orn\u00e9 de d\u00e9tails color\u00e9s en forme de cristaux. Dot\u00e9 d&#039;un fermoir \u00e0 pression r\u00e9glable, il est disponible en trois teintes \u00e9l\u00e9gantes\u00a0: or, noir et argent, chacune soulignant la personnalit\u00e9 de celui qui le porte. Un logo ou un message peut \u00eatre ajout\u00e9 par tampographie \u00e0 c\u00f4t\u00e9 du fermoir, pour un cadeau promotionnel original.<\/p>","protected":false},"featured_media":6430,"comment_status":"closed","ping_status":"closed","template":"","meta":[],"product_brand":[],"product_cat":[66,117],"product_tag":[],"class_list":{"0":"post-4098","1":"product","2":"type-product","3":"status-publish","4":"has-post-thumbnail","6":"product_cat-wristbands","7":"product_cat-leather-wristbands","9":"first","10":"instock","11":"shipping-taxable","12":"purchasable","13":"product-type-simple"},"_links":{"self":[{"href":"https:\/\/displayproducts.eu\/fr\/wp-json\/wp\/v2\/product\/4098","targetHints":{"allow":["GET"]}}],"collection":[{"href":"https:\/\/displayproducts.eu\/fr\/wp-json\/wp\/v2\/product"}],"about":[{"href":"https:\/\/displayproducts.eu\/fr\/wp-json\/wp\/v2\/types\/product"}],"replies":[{"embeddable":true,"href":"https:\/\/displayproducts.eu\/fr\/wp-json\/wp\/v2\/comments?post=4098"}],"wp:featuredmedia":[{"embeddable":true,"href":"https:\/\/displayproducts.eu\/fr\/wp-json\/wp\/v2\/media\/6430"}],"wp:attachment":[{"href":"https:\/\/displayproducts.eu\/fr\/wp-json\/wp\/v2\/media?parent=4098"}],"wp:term":[{"taxonomy":"product_brand","embeddable":true,"href":"https:\/\/displayproducts.eu\/fr\/wp-json\/wp\/v2\/product_brand?post=4098"},{"taxonomy":"product_cat","embeddable":true,"href":"https:\/\/displayproducts.eu\/fr\/wp-json\/wp\/v2\/product_cat?post=4098"},{"taxonomy":"product_tag","embeddable":true,"href":"https:\/\/displayproducts.eu\/fr\/wp-json\/wp\/v2\/product_tag?post=4098"}],"curies":[{"name":"wp","href":"https:\/\/api.w.org\/{rel}","templated":true}]}}