{"id":4065,"date":"2025-05-09T17:33:44","date_gmt":"2025-05-09T14:33:44","guid":{"rendered":"https:\/\/wristbandfactory.eu\/?post_type=product&#038;p=4065"},"modified":"2026-04-01T21:52:04","modified_gmt":"2026-04-01T18:52:04","slug":"three-strand-leather-wristband-with-light-green-glass-beads","status":"publish","type":"product","link":"https:\/\/displayproducts.eu\/fr\/p\/three-strand-leather-wristband-with-light-green-glass-beads\/","title":{"rendered":"Bracelet en cuir trois rangs avec perles en verre"},"content":{"rendered":"<p data-path-to-node=\"12\">Vous recherchez un cadeau d&#039;entreprise qui ressemble davantage \u00e0 un accessoire de mode qu&#039;\u00e0 un objet promotionnel ? <b data-path-to-node=\"12\" data-index-in-node=\"124\">Bracelet en cuir \u00e0 trois brins fabriqu\u00e9 \u00e0 la main<\/b> Ce bracelet allie charme rustique et \u00e9l\u00e9gance. Contrairement aux bracelets classiques en silicone ou en tissu, il est fabriqu\u00e9 \u00e0 partir de mat\u00e9riaux naturels, ce qui en fait un excellent choix pour les marques \u00e9co-responsables, les \u00e9v\u00e9nements de boutiques et les cadeaux de remerciement aux employ\u00e9s.<\/p>\n<h2 data-path-to-node=\"13\">Caract\u00e9ristiques principales<\/h2>\n<ul data-path-to-node=\"14\">\n<li>\n<p data-path-to-node=\"14,0,0\"><b data-path-to-node=\"14,0,0\" data-index-in-node=\"0\">Design distinctif en trio :<\/b> Le bracelet associe une bande de cuir lisse marron clair, un cordon en cuir tress\u00e9 textur\u00e9 marron fonc\u00e9 et un brin central orn\u00e9 de perles de verre vert clair.<\/p>\n<\/li>\n<li>\n<p data-path-to-node=\"14,1,0\"><b data-path-to-node=\"14,1,0\" data-index-in-node=\"0\">Emballage de marque\u00a0:<\/b> La personnalisation est appliqu\u00e9e au <b data-path-to-node=\"14,1,0\" data-index-in-node=\"51\">Carte en papier kraft<\/b> Nous utilisons la tampographie (jusqu&#039;\u00e0 4 couleurs) pour apposer votre logo ou message directement au-dessus du bracelet, cr\u00e9ant ainsi une pr\u00e9sentation professionnelle pr\u00eate pour la vente au d\u00e9tail.<\/p>\n<\/li>\n<li>\n<p data-path-to-node=\"14,2,0\"><b data-path-to-node=\"14,2,0\" data-index-in-node=\"0\">Confort universel :<\/b> La fermeture r\u00e9glable en coton cir\u00e9 assure un ajustement confortable pour diff\u00e9rentes tailles de poignet, \u00e9liminant ainsi le besoin de tableaux de tailles complexes.<\/p>\n<\/li>\n<li>\n<p data-path-to-node=\"14,3,0\"><b data-path-to-node=\"14,3,0\" data-index-in-node=\"0\">Pr\u00eat \u00e0 offrir :<\/b> Livr\u00e9s mont\u00e9s sur la carte, ces bracelets sont imm\u00e9diatement pr\u00eats \u00e0 \u00eatre distribu\u00e9s lors d&#039;\u00e9v\u00e9nements ou inclus dans les sacs de bienvenue.<\/p>\n<\/li>\n<\/ul>\n<h2 data-path-to-node=\"15\">Caract\u00e9ristiques<\/h2>\n<ul data-path-to-node=\"16\">\n<li>\n<p data-path-to-node=\"16,0,0\"><b data-path-to-node=\"16,0,0\" data-index-in-node=\"0\">Mat\u00e9riels:<\/b> Cuir v\u00e9ritable, perles de verre, coton cir\u00e9.<\/p>\n<\/li>\n<li>\n<p data-path-to-node=\"16,1,0\"><b data-path-to-node=\"16,1,0\" data-index-in-node=\"0\">Dimensions:<\/b> 26 \u00d7 1,2 cm (Longueur ajustable).<\/p>\n<\/li>\n<li>\n<p data-path-to-node=\"16,2,0\"><b data-path-to-node=\"16,2,0\" data-index-in-node=\"0\">Poids:<\/b> 6 g.<\/p>\n<\/li>\n<li>\n<p data-path-to-node=\"16,3,0\"><b data-path-to-node=\"16,3,0\" data-index-in-node=\"0\">Zone de marque\u00a0:<\/b> 25 \u00d7 15 mm (Sur l&#039;en-t\u00eate de la carte).<\/p>\n<\/li>\n<li>\n<p data-path-to-node=\"16,4,0\"><b data-path-to-node=\"16,4,0\" data-index-in-node=\"0\">Technique d&#039;impression :<\/b> Impression par tampographie (4 couleurs max.).<\/p>\n<\/li>\n<li>\n<p data-path-to-node=\"16,5,0\"><b data-path-to-node=\"16,5,0\" data-index-in-node=\"0\">Conditionnement:<\/b> Carte en papier kraft \u00e9cologique.<\/p>\n<\/li>\n<\/ul>\n<h2 data-path-to-node=\"17\">Cas d&#039;utilisation<\/h2>\n<ul data-path-to-node=\"18\">\n<li>\n<p data-path-to-node=\"18,0,0\"><b data-path-to-node=\"18,0,0\" data-index-in-node=\"0\">Cadeaux d&#039;entreprise\u00a0:<\/b> Un cadeau \u00e9l\u00e9gant et de grande valeur per\u00e7ue pour les employ\u00e9s ou les partenaires.<\/p>\n<\/li>\n<li>\n<p data-path-to-node=\"18,1,0\"><b data-path-to-node=\"18,1,0\" data-index-in-node=\"0\">Cadeaux VIP du festival\u00a0:<\/b> Un accessoire boh\u00e8me chic que les invit\u00e9s porteront longtemps apr\u00e8s l&#039;\u00e9v\u00e9nement.<\/p>\n<\/li>\n<li>\n<p data-path-to-node=\"18,2,0\"><b data-path-to-node=\"18,2,0\" data-index-in-node=\"0\">Campagnes caritatives :<\/b> Un bracelet discret, inspir\u00e9 par la nature, pour soutenir les causes environnementales.<\/p>\n<\/li>\n<li>\n<p data-path-to-node=\"18,3,0\"><b data-path-to-node=\"18,3,0\" data-index-in-node=\"0\">Marchandises de d\u00e9tail :<\/b> Id\u00e9al pour les boutiques de mus\u00e9es, les zoos ou les r\u00e9serves naturelles souhaitant vendre des produits personnalis\u00e9s.<\/p>\n<\/li>\n<\/ul>\n<p data-path-to-node=\"19\">","protected":false},"excerpt":{"rendered":"<ul>\n<li>\n<p data-path-to-node=\"11,0,0\"><b data-path-to-node=\"11,0,0\" data-index-in-node=\"0\">Conception artisanale :<\/b> Comporte trois \u00e9l\u00e9ments distincts : du cuir lisse, du cuir tress\u00e9 et des perles de verre vertes.<\/p>\n<\/li>\n<li>\n<p data-path-to-node=\"11,1,0\"><b data-path-to-node=\"11,1,0\" data-index-in-node=\"0\">Personnalisation de la marque\u00a0:<\/b> Votre logo est imprim\u00e9 par tampographie sur la carte de pr\u00e9sentation en papier kraft fournie.<\/p>\n<\/li>\n<li>\n<p data-path-to-node=\"11,2,0\"><b data-path-to-node=\"11,2,0\" data-index-in-node=\"0\">Ajustement r\u00e9glable :<\/b> Se ferme avec un n\u0153ud coulissant en coton cir\u00e9 r\u00e9sistant, convenant \u00e0 la plupart des tailles de poignet.<\/p>\n<\/li>\n<li>\n<p data-path-to-node=\"11,3,0\"><b data-path-to-node=\"11,3,0\" data-index-in-node=\"0\">Mat\u00e9riaux naturels :<\/b> Fabriqu\u00e9 en cuir v\u00e9ritable et en verre pour un aspect haut de gamme, digne du commerce de d\u00e9tail.<\/p>\n<\/li>\n<\/ul>","protected":false},"featured_media":6412,"comment_status":"closed","ping_status":"closed","template":"","meta":[],"product_brand":[],"product_cat":[66,117],"product_tag":[],"class_list":{"0":"post-4065","1":"product","2":"type-product","3":"status-publish","4":"has-post-thumbnail","6":"product_cat-wristbands","7":"product_cat-leather-wristbands","9":"first","10":"instock","11":"shipping-taxable","12":"purchasable","13":"product-type-simple"},"_links":{"self":[{"href":"https:\/\/displayproducts.eu\/fr\/wp-json\/wp\/v2\/product\/4065","targetHints":{"allow":["GET"]}}],"collection":[{"href":"https:\/\/displayproducts.eu\/fr\/wp-json\/wp\/v2\/product"}],"about":[{"href":"https:\/\/displayproducts.eu\/fr\/wp-json\/wp\/v2\/types\/product"}],"replies":[{"embeddable":true,"href":"https:\/\/displayproducts.eu\/fr\/wp-json\/wp\/v2\/comments?post=4065"}],"wp:featuredmedia":[{"embeddable":true,"href":"https:\/\/displayproducts.eu\/fr\/wp-json\/wp\/v2\/media\/6412"}],"wp:attachment":[{"href":"https:\/\/displayproducts.eu\/fr\/wp-json\/wp\/v2\/media?parent=4065"}],"wp:term":[{"taxonomy":"product_brand","embeddable":true,"href":"https:\/\/displayproducts.eu\/fr\/wp-json\/wp\/v2\/product_brand?post=4065"},{"taxonomy":"product_cat","embeddable":true,"href":"https:\/\/displayproducts.eu\/fr\/wp-json\/wp\/v2\/product_cat?post=4065"},{"taxonomy":"product_tag","embeddable":true,"href":"https:\/\/displayproducts.eu\/fr\/wp-json\/wp\/v2\/product_tag?post=4065"}],"curies":[{"name":"wp","href":"https:\/\/api.w.org\/{rel}","templated":true}]}}