{"id":4046,"date":"2025-05-09T17:16:59","date_gmt":"2025-05-09T14:16:59","guid":{"rendered":"https:\/\/wristbandfactory.eu\/?post_type=product&#038;p=4046"},"modified":"2026-04-01T21:52:04","modified_gmt":"2026-04-01T18:52:04","slug":"custom-leather-wristbands","status":"publish","type":"product","link":"https:\/\/displayproducts.eu\/fr\/p\/custom-leather-wristbands\/","title":{"rendered":"Bracelets en cuir personnalis\u00e9s"},"content":{"rendered":"<p>Cet \u00e9l\u00e9gant bracelet est confectionn\u00e9 en cuir marron de haute qualit\u00e9, rehauss\u00e9 de cordons en coton cir\u00e9 r\u00e9sistants et de perles plaqu\u00e9es argent raffin\u00e9es. Une perle centrale, orn\u00e9e du symbole universel de la paix, apporte une touche de profondeur, symbolisant l&#039;harmonie et le partenariat. Son fermoir en alliage m\u00e9tallique argent\u00e9 poli assure durabilit\u00e9 et raffinement au quotidien.<\/p>\n<p>La cl\u00e9 de sa valeur en tant qu&#039;outil promotionnel r\u00e9side dans son emballage. Chaque bracelet est mont\u00e9 sur une carte en papier kraft naturel, v\u00e9ritable support pour votre marque. Nous proposons une tampographie pr\u00e9cise du logo de votre entreprise ou d&#039;un message personnalis\u00e9, jusqu&#039;\u00e0 quatre couleurs, sur une surface de 25 \u00d7 15 mm. Cette pr\u00e9sentation soign\u00e9e met votre marque en avant et laisse une impression durable longtemps apr\u00e8s la r\u00e9ception du cadeau.<\/p>\n<p><b>Caract\u00e9ristiques principales :<\/b><\/p>\n<ul>\n<li><b>Mat\u00e9riel:<\/b> Cuir v\u00e9ritable, coton cir\u00e9 et alliage plaqu\u00e9 argent<\/li>\n<li><b>Image de marque :<\/b> Carte de support en papier kraft imprim\u00e9e sur mesure<\/li>\n<li><b>Zone d&#039;impression :<\/b> 25 \u00d7 15 mm sur le dessus de la carte<\/li>\n<li><b>M\u00e9thode d&#039;impression :<\/b> Tampographie de haute qualit\u00e9 (jusqu&#039;\u00e0 4 couleurs)<\/li>\n<li><b>Symbolisme:<\/b> Comporte une perle symbole de paix pour un message d&#039;unit\u00e9<\/li>\n<li><b>Fermoir:<\/b> Fermoir en alliage m\u00e9tallique argent\u00e9 s\u00fbr et \u00e9l\u00e9gant<\/li>\n<\/ul>\n<p>&nbsp;<\/p>","protected":false},"excerpt":{"rendered":"<article class=\"text-token-text-primary w-full\" dir=\"auto\" data-testid=\"conversation-turn-440\" data-scroll-anchor=\"true\">\n<div class=\"text-base my-auto mx-auto py-5 [--thread-content-margin:--spacing(4)] @[37rem]:[--thread-content-margin:--spacing(6)] @[72rem]:[--thread-content-margin:--spacing(16)] px-(--thread-content-margin)\">\n<div class=\"[--thread-content-max-width:32rem] @[34rem]:[--thread-content-max-width:40rem] @[64rem]:[--thread-content-max-width:48rem] mx-auto flex max-w-(--thread-content-max-width) flex-1 text-base gap-4 md:gap-5 lg:gap-6 group\/turn-messages focus-visible:outline-hidden\" tabindex=\"-1\">\n<div class=\"group\/conversation-turn relative flex w-full min-w-0 flex-col agent-turn\">\n<div class=\"relative flex-col gap-1 md:gap-3\">\n<div class=\"flex max-w-full flex-col grow\">\n<div class=\"min-h-8 text-message relative flex w-full flex-col items-end gap-2 text-start break-words whitespace-normal [.text-message+&amp;]:mt-5\" dir=\"auto\" data-message-author-role=\"assistant\" data-message-id=\"90623f22-b929-41cf-a2ca-210f95d4ea1a\" data-message-model-slug=\"gpt-4o\">\n<div class=\"flex w-full flex-col gap-1 empty:hidden first:pt-[3px]\">\n<div class=\"markdown prose dark:prose-invert w-full break-words light\">\n<p>D\u00e9couvrez le cadeau d&#039;entreprise id\u00e9al, alliant style intemporel et image de marque percutante. Nos bracelets en cuir haut de gamme offrent une fa\u00e7on raffin\u00e9e de t\u00e9moigner votre reconnaissance \u00e0 vos clients, de r\u00e9compenser vos employ\u00e9s ou de cr\u00e9er des produits uniques. Pr\u00e9sent\u00e9 sur une carte de support enti\u00e8rement personnalisable, ce produit transforme un sans impression geste en une exp\u00e9rience de marque m\u00e9morable.<\/p>\n<\/div>\n<\/div>\n<\/div>\n<\/div>\n<\/div>\n<\/div>\n<\/div>\n<\/div>\n<\/article>\n<div class=\"pointer-events-none h-px w-px\" aria-hidden=\"true\" data-edge=\"true\"><\/div>","protected":false},"featured_media":6404,"comment_status":"closed","ping_status":"closed","template":"","meta":[],"product_brand":[],"product_cat":[66,117],"product_tag":[],"class_list":{"0":"post-4046","1":"product","2":"type-product","3":"status-publish","4":"has-post-thumbnail","6":"product_cat-wristbands","7":"product_cat-leather-wristbands","9":"first","10":"instock","11":"shipping-taxable","12":"purchasable","13":"product-type-simple"},"_links":{"self":[{"href":"https:\/\/displayproducts.eu\/fr\/wp-json\/wp\/v2\/product\/4046","targetHints":{"allow":["GET"]}}],"collection":[{"href":"https:\/\/displayproducts.eu\/fr\/wp-json\/wp\/v2\/product"}],"about":[{"href":"https:\/\/displayproducts.eu\/fr\/wp-json\/wp\/v2\/types\/product"}],"replies":[{"embeddable":true,"href":"https:\/\/displayproducts.eu\/fr\/wp-json\/wp\/v2\/comments?post=4046"}],"wp:featuredmedia":[{"embeddable":true,"href":"https:\/\/displayproducts.eu\/fr\/wp-json\/wp\/v2\/media\/6404"}],"wp:attachment":[{"href":"https:\/\/displayproducts.eu\/fr\/wp-json\/wp\/v2\/media?parent=4046"}],"wp:term":[{"taxonomy":"product_brand","embeddable":true,"href":"https:\/\/displayproducts.eu\/fr\/wp-json\/wp\/v2\/product_brand?post=4046"},{"taxonomy":"product_cat","embeddable":true,"href":"https:\/\/displayproducts.eu\/fr\/wp-json\/wp\/v2\/product_cat?post=4046"},{"taxonomy":"product_tag","embeddable":true,"href":"https:\/\/displayproducts.eu\/fr\/wp-json\/wp\/v2\/product_tag?post=4046"}],"curies":[{"name":"wp","href":"https:\/\/api.w.org\/{rel}","templated":true}]}}