{"id":4024,"date":"2025-05-09T16:57:10","date_gmt":"2025-05-09T13:57:10","guid":{"rendered":"https:\/\/wristbandfactory.eu\/?post_type=product&#038;p=4024"},"modified":"2026-04-01T21:52:36","modified_gmt":"2026-04-01T18:52:36","slug":"custom-engraved-multifunctional-paracord-survival-wristbands","status":"publish","type":"product","link":"https:\/\/displayproducts.eu\/fr\/p\/custom-engraved-multifunctional-paracord-survival-wristbands\/","title":{"rendered":"Bracelets paracorde personnalis\u00e9s"},"content":{"rendered":"<p data-path-to-node=\"8\">Offrez un cadeau d&#039;entreprise exceptionnel avec un outil alliant fonctionnalit\u00e9 et robustesse. Notre bracelet de survie multifonctionnel en paracorde est bien plus qu&#039;un sans impression accessoire\u00a0: c&#039;est un kit d&#039;urgence compact con\u00e7u pour les personnes actives et les aventuriers. Que ce soit pour la randonn\u00e9e, le camping ou l&#039;entra\u00eenement tactique, ce bracelet met \u00e0 votre disposition des outils essentiels.<\/p>\n<p data-path-to-node=\"9\">Le c\u0153ur du bracelet est compos\u00e9 de paracorde en nylon haute r\u00e9sistance, facile \u00e0 d\u00e9rouler en cas d&#039;urgence. Le fermoir \u00e0 boucle s\u00e9curis\u00e9 int\u00e9gr\u00e9 dissimule un sifflet de d\u00e9tresse puissant et un grattoir allume-feu, tandis que la partie sup\u00e9rieure est \u00e9quip\u00e9e d&#039;une boussole fiable et d&#039;un d\u00e9capsuleur robuste.<\/p>\n<h2 data-path-to-node=\"10\">Caract\u00e9ristiques principales<\/h2>\n<ul data-path-to-node=\"11\">\n<li>\n<p data-path-to-node=\"11,0,0\"><b data-path-to-node=\"11,0,0\" data-index-in-node=\"0\">Utilitaire tout-en-un\u00a0:<\/b> Cinq outils de survie essentiels int\u00e9gr\u00e9s dans un seul dispositif portable.<\/p>\n<\/li>\n<li>\n<p data-path-to-node=\"11,1,0\"><b data-path-to-node=\"11,1,0\" data-index-in-node=\"0\">Gravure laser personnalis\u00e9e\u00a0:<\/b> Le logo de votre entreprise est grav\u00e9 avec pr\u00e9cision sur la plaque m\u00e9tallique, garantissant ainsi que la marque ne s&#039;effacera ni ne se d\u00e9collera jamais.<\/p>\n<\/li>\n<li>\n<p data-path-to-node=\"11,2,0\"><b data-path-to-node=\"11,2,0\" data-index-in-node=\"0\">Construction robuste :<\/b> Con\u00e7u pour r\u00e9sister aux conditions environnementales les plus difficiles, il est tr\u00e8s appr\u00e9ci\u00e9 des amateurs de plein air.<\/p>\n<\/li>\n<li>\n<p data-path-to-node=\"11,3,0\"><b data-path-to-node=\"11,3,0\" data-index-in-node=\"0\">Ajustement ergonomique :<\/b> Con\u00e7ues pour un confort optimal m\u00eame en cas de port prolong\u00e9, elles sont dot\u00e9es d&#039;un syst\u00e8me de boucle s\u00e9curis\u00e9.<\/p>\n<\/li>\n<\/ul>\n<h2 data-path-to-node=\"12\">Caract\u00e9ristiques<\/h2>\n<ul data-path-to-node=\"13\">\n<li>\n<p data-path-to-node=\"13,0,0\"><b data-path-to-node=\"13,0,0\" data-index-in-node=\"0\">Mat\u00e9riel:<\/b> Cordon en nylon haute t\u00e9nacit\u00e9 et composants m\u00e9talliques<\/p>\n<\/li>\n<li>\n<p data-path-to-node=\"13,1,0\"><b data-path-to-node=\"13,1,0\" data-index-in-node=\"0\">Dimensions:<\/b> 25,5 \u00d7 3,4 \u00d7 1,1 cm<\/p>\n<\/li>\n<li>\n<p data-path-to-node=\"13,2,0\"><b data-path-to-node=\"13,2,0\" data-index-in-node=\"0\">Poids:<\/b> 36 g<\/p>\n<\/li>\n<li>\n<p data-path-to-node=\"13,3,0\"><b data-path-to-node=\"13,3,0\" data-index-in-node=\"0\">Fonctions int\u00e9gr\u00e9es :<\/b> Bracelet, boussole, sifflet, grattoir allume-feu, ouvre-bouteille<\/p>\n<\/li>\n<li>\n<p data-path-to-node=\"13,4,0\"><b data-path-to-node=\"13,4,0\" data-index-in-node=\"0\">Zone de personnalisation\u00a0:<\/b> 20 \u00d7 10 mm sur la plaque m\u00e9tallique<\/p>\n<\/li>\n<li>\n<p data-path-to-node=\"13,5,0\"><b data-path-to-node=\"13,5,0\" data-index-in-node=\"0\">Technique:<\/b> Gravure laser monochrome<\/p>\n<\/li>\n<\/ul>\n<h2 data-path-to-node=\"14\">Cas d&#039;utilisation<\/h2>\n<ul data-path-to-node=\"15\">\n<li>\n<p data-path-to-node=\"15,0,0\"><b data-path-to-node=\"15,0,0\" data-index-in-node=\"0\">Renforcement d&#039;\u00e9quipe en entreprise :<\/b> Un cadeau id\u00e9al pour les retraites en pleine nature et les d\u00e9fis de survie en ext\u00e9rieur.<\/p>\n<\/li>\n<li>\n<p data-path-to-node=\"15,1,0\"><b data-path-to-node=\"15,1,0\" data-index-in-node=\"0\">Tourisme d&#039;aventure :<\/b> Les agences de voyages et les voyagistes peuvent proposer des \u00e9quipements de marque \u00e0 leurs clients.<\/p>\n<\/li>\n<li>\n<p data-path-to-node=\"15,2,0\"><b data-path-to-node=\"15,2,0\" data-index-in-node=\"0\">Commerce de d\u00e9tail et marchandisage :<\/b> Article \u00e0 forte valeur per\u00e7ue, id\u00e9al pour les magasins d&#039;articles de sport et de plein air.<\/p>\n<\/li>\n<li>\n<p data-path-to-node=\"15,3,0\"><b data-path-to-node=\"15,3,0\" data-index-in-node=\"0\">Campagnes de sensibilisation \u00e0 la s\u00e9curit\u00e9 :<\/b> Id\u00e9al pour les organisations ax\u00e9es sur la pr\u00e9paration et les services d&#039;urgence.<\/p>\n<\/li>\n<\/ul>","protected":false},"excerpt":{"rendered":"<article class=\"text-token-text-primary w-full\" dir=\"auto\" data-testid=\"conversation-turn-434\" data-scroll-anchor=\"true\">\n<div class=\"text-base my-auto mx-auto py-5 [--thread-content-margin:--spacing(4)] @[37rem]:[--thread-content-margin:--spacing(6)] @[72rem]:[--thread-content-margin:--spacing(16)] px-(--thread-content-margin)\">\n<div class=\"[--thread-content-max-width:32rem] @[34rem]:[--thread-content-max-width:40rem] @[64rem]:[--thread-content-max-width:48rem] mx-auto flex max-w-(--thread-content-max-width) flex-1 text-base gap-4 md:gap-5 lg:gap-6 group\/turn-messages focus-visible:outline-hidden\" tabindex=\"-1\">\n<div class=\"group\/conversation-turn relative flex w-full min-w-0 flex-col agent-turn\">\n<div class=\"relative flex-col gap-1 md:gap-3\">\n<div class=\"flex max-w-full flex-col grow\">\n<div class=\"min-h-8 text-message relative flex w-full flex-col items-end gap-2 text-start break-words whitespace-normal [.text-message+&amp;]:mt-5\" dir=\"auto\" data-message-author-role=\"assistant\" data-message-id=\"209e0cfa-4190-4646-a2b0-a9a360850576\" data-message-model-slug=\"gpt-4o\">\n<div class=\"flex w-full flex-col gap-1 empty:hidden first:pt-[3px]\">\n<div class=\"markdown prose dark:prose-invert w-full break-words light\">\n<ul>\n<li>\n<p data-path-to-node=\"7,0,0\"><b data-path-to-node=\"7,0,0\" data-index-in-node=\"0\">Outil multifonctionnel 5 en 1\u00a0:<\/b> Comprend une boussole, un sifflet, un allume-feu, un ouvre-bouteille et une paracorde r\u00e9sistante.<\/p>\n<\/li>\n<li>\n<p data-path-to-node=\"7,1,0\"><b data-path-to-node=\"7,1,0\" data-index-in-node=\"0\">Image de marque haut de gamme\u00a0:<\/b> Gravure laser professionnelle sur une plaque m\u00e9tallique de 20 \u00d7 10 mm pour une visibilit\u00e9 permanente du logo.<\/p>\n<\/li>\n<li>\n<p data-path-to-node=\"7,2,0\"><b data-path-to-node=\"7,2,0\" data-index-in-node=\"0\">Durabilit\u00e9 extr\u00eame :<\/b> Fabriqu\u00e9 en nylon ultra-r\u00e9sistant, con\u00e7u pour les aventures en plein air et la pr\u00e9paration aux situations d&#039;urgence.<\/p>\n<\/li>\n<li>\n<p data-path-to-node=\"7,3,0\"><b data-path-to-node=\"7,3,0\" data-index-in-node=\"0\">Polyvalence B2B\u00a0:<\/b> Id\u00e9al pour les agences de voyages, les activit\u00e9s de team building et les d\u00e9taillants d&#039;\u00e9quipement de plein air.<\/p>\n<\/li>\n<\/ul>\n<\/div>\n<\/div>\n<\/div>\n<\/div>\n<\/div>\n<\/div>\n<\/div>\n<\/div>\n<\/article>","protected":false},"featured_media":6416,"comment_status":"closed","ping_status":"closed","template":"","meta":[],"product_brand":[],"product_cat":[66,112,45],"product_tag":[],"class_list":{"0":"post-4024","1":"product","2":"type-product","3":"status-publish","4":"has-post-thumbnail","6":"product_cat-wristbands","7":"product_cat-paracord-wristbands","8":"product_cat-other","10":"first","11":"instock","12":"shipping-taxable","13":"purchasable","14":"product-type-simple"},"_links":{"self":[{"href":"https:\/\/displayproducts.eu\/fr\/wp-json\/wp\/v2\/product\/4024","targetHints":{"allow":["GET"]}}],"collection":[{"href":"https:\/\/displayproducts.eu\/fr\/wp-json\/wp\/v2\/product"}],"about":[{"href":"https:\/\/displayproducts.eu\/fr\/wp-json\/wp\/v2\/types\/product"}],"replies":[{"embeddable":true,"href":"https:\/\/displayproducts.eu\/fr\/wp-json\/wp\/v2\/comments?post=4024"}],"wp:featuredmedia":[{"embeddable":true,"href":"https:\/\/displayproducts.eu\/fr\/wp-json\/wp\/v2\/media\/6416"}],"wp:attachment":[{"href":"https:\/\/displayproducts.eu\/fr\/wp-json\/wp\/v2\/media?parent=4024"}],"wp:term":[{"taxonomy":"product_brand","embeddable":true,"href":"https:\/\/displayproducts.eu\/fr\/wp-json\/wp\/v2\/product_brand?post=4024"},{"taxonomy":"product_cat","embeddable":true,"href":"https:\/\/displayproducts.eu\/fr\/wp-json\/wp\/v2\/product_cat?post=4024"},{"taxonomy":"product_tag","embeddable":true,"href":"https:\/\/displayproducts.eu\/fr\/wp-json\/wp\/v2\/product_tag?post=4024"}],"curies":[{"name":"wp","href":"https:\/\/api.w.org\/{rel}","templated":true}]}}