{"id":3908,"date":"2025-05-08T15:38:19","date_gmt":"2025-05-08T12:38:19","guid":{"rendered":"https:\/\/wristbandfactory.eu\/?post_type=product&#038;p=3908"},"modified":"2026-04-01T21:52:36","modified_gmt":"2026-04-01T18:52:36","slug":"phone-wrist-straps-with-bamboo-holder","status":"publish","type":"product","link":"https:\/\/displayproducts.eu\/fr\/p\/phone-wrist-straps-with-bamboo-holder\/","title":{"rendered":"Dragonne pour t\u00e9l\u00e9phone avec support en bambou"},"content":{"rendered":"<p>Offrez un cadeau d&#039;entreprise pratique et \u00e9cologique avec notre dragonne en coton pour t\u00e9l\u00e9phone. Cet accessoire est id\u00e9al pour garder votre smartphone en s\u00e9curit\u00e9 et \u00e0 port\u00e9e de main lors de conf\u00e9rences, salons professionnels ou \u00e9v\u00e9nements d&#039;entreprise, tout en vous permettant de garder les mains libres.<\/p>\n<p>La lani\u00e8re est confectionn\u00e9e en coton doux et r\u00e9sistant, tandis que le support pour t\u00e9l\u00e9phone est fabriqu\u00e9 en bambou issu de for\u00eats g\u00e9r\u00e9es durablement. Cette partie en bambou offre une surface \u00e9l\u00e9gante et bien visible, id\u00e9ale pour le marquage, et se pr\u00eate parfaitement \u00e0 la gravure laser pr\u00e9cise du logo de votre entreprise.<\/p>\n<p>Ce kit comprend un outil de fixation discret qui se glisse entre le t\u00e9l\u00e9phone et sa coque pour une installation s\u00e9curis\u00e9e. T\u00e9moignant de l&#039;engagement de votre entreprise en faveur du d\u00e9veloppement durable, chaque dragonne est emball\u00e9e individuellement dans une pochette en papier recycl\u00e9, ce qui en fait un cadeau publicitaire id\u00e9al pour les marques soucieuses de l&#039;environnement.<\/p>\n<p><b>Caract\u00e9ristiques principales :<\/b><\/p>\n<ul>\n<li><b>Solution pratique mains libres\u00a0:<\/b> Permet de s\u00e9curiser et d&#039;acc\u00e9der aux smartphones lors d&#039;\u00e9v\u00e9nements d&#039;entreprise.<\/li>\n<li><b>Mat\u00e9riaux \u00e9cologiques :<\/b> Fabriqu\u00e9 en coton doux et avec un support en bambou durable.<\/li>\n<li><b>Surface de marquage haut de gamme\u00a0:<\/b> Le support en bambou est id\u00e9al pour la gravure laser personnalis\u00e9e ou la tampographie.<\/li>\n<li><b>Conception ajustable :<\/b> S&#039;adapte confortablement \u00e0 toutes les tailles de poignet pour une utilisation universelle.<\/li>\n<li><b>Emballages durables\u00a0:<\/b> Emball\u00e9es individuellement dans un sachet en papier recycl\u00e9, renfor\u00e7ant ainsi votre message \u00e9coresponsable.<\/li>\n<li><b>Impression polyvalente\u00a0:<\/b> Personnalisez-le par gravure laser, tampographie ou impression par transfert.<\/li>\n<\/ul>","protected":false},"excerpt":{"rendered":"<ul>\n<li>Cadeau d&#039;entreprise \u00e9cologique fabriqu\u00e9 en coton doux et en bambou durable.<\/li>\n<li>Permet un acc\u00e8s t\u00e9l\u00e9phonique mains libres, id\u00e9al pour les conf\u00e9rences et les \u00e9v\u00e9nements dynamiques.<\/li>\n<li>Le support en bambou est id\u00e9al pour la gravure laser personnalis\u00e9e de votre logo.<\/li>\n<li>Emball\u00e9 individuellement dans un sachet en papier recycl\u00e9 pour une distribution facile.<\/li>\n<\/ul>","protected":false},"featured_media":6657,"comment_status":"closed","ping_status":"closed","template":"","meta":[],"product_brand":[],"product_cat":[128],"product_tag":[],"class_list":{"0":"post-3908","1":"product","2":"type-product","3":"status-publish","4":"has-post-thumbnail","6":"product_cat-mobile-tech-accessories","8":"first","9":"instock","10":"shipping-taxable","11":"purchasable","12":"product-type-simple"},"_links":{"self":[{"href":"https:\/\/displayproducts.eu\/fr\/wp-json\/wp\/v2\/product\/3908","targetHints":{"allow":["GET"]}}],"collection":[{"href":"https:\/\/displayproducts.eu\/fr\/wp-json\/wp\/v2\/product"}],"about":[{"href":"https:\/\/displayproducts.eu\/fr\/wp-json\/wp\/v2\/types\/product"}],"replies":[{"embeddable":true,"href":"https:\/\/displayproducts.eu\/fr\/wp-json\/wp\/v2\/comments?post=3908"}],"wp:featuredmedia":[{"embeddable":true,"href":"https:\/\/displayproducts.eu\/fr\/wp-json\/wp\/v2\/media\/6657"}],"wp:attachment":[{"href":"https:\/\/displayproducts.eu\/fr\/wp-json\/wp\/v2\/media?parent=3908"}],"wp:term":[{"taxonomy":"product_brand","embeddable":true,"href":"https:\/\/displayproducts.eu\/fr\/wp-json\/wp\/v2\/product_brand?post=3908"},{"taxonomy":"product_cat","embeddable":true,"href":"https:\/\/displayproducts.eu\/fr\/wp-json\/wp\/v2\/product_cat?post=3908"},{"taxonomy":"product_tag","embeddable":true,"href":"https:\/\/displayproducts.eu\/fr\/wp-json\/wp\/v2\/product_tag?post=3908"}],"curies":[{"name":"wp","href":"https:\/\/api.w.org\/{rel}","templated":true}]}}