{"id":3867,"date":"2025-05-07T17:40:16","date_gmt":"2025-05-07T14:40:16","guid":{"rendered":"https:\/\/wristbandfactory.eu\/?post_type=product&#038;p=3867"},"modified":"2026-04-01T21:52:04","modified_gmt":"2026-04-01T18:52:04","slug":"tie-on-ribbon-wristbands","status":"publish","type":"product","link":"https:\/\/displayproducts.eu\/fr\/p\/tie-on-ribbon-wristbands\/","title":{"rendered":"Bracelets \u00e0 ruban \u00e0 nouer"},"content":{"rendered":"<p>Soutenez votre cause ou dynamisez votre promotion gr\u00e2ce \u00e0 nos bracelets \u00e0 ruban, sans impressions et efficaces. Ces bracelets sont un choix classique pour les campagnes de sensibilisation, les collectes de fonds caritatives et les \u00e9v\u00e9nements de responsabilit\u00e9 sociale des entreprises. Ils constituent un outil de communication visuelle tr\u00e8s visible \u00e0 un prix avantageux.<\/p>\n<p>Fabriqu\u00e9s en ruban de polyester doux au fini satin\u00e9 lisse, ces bracelets sont con\u00e7us pour \u00eatre nou\u00e9s par l&#039;utilisateur, offrant ainsi une solution confortable et adaptable \u00e0 toutes les morphologies. Leur fermeture sans impression les rend id\u00e9aux pour une distribution \u00e0 grande \u00e9chelle lors de salons professionnels, de conf\u00e9rences ou de campagnes de sensibilisation.<\/p>\n<p>Leur surface lisse est id\u00e9ale pour l&#039;impression personnalis\u00e9e, permettant d&#039;afficher clairement votre logo, votre slogan ou votre message. Elles constituent un symbole fort et visible de soutien aux initiatives d&#039;entreprises ou aux organisations \u00e0 but non lucratif.<\/p>\n<p><b>Caract\u00e9ristiques principales :<\/b><\/p>\n<ul>\n<li><b>Fermeture auto-nou\u00e9e :<\/b> Conception sans impression et ajustable avec attache pour une distribution facile et une adaptation universelle.<\/li>\n<li><b>Mati\u00e8re du ruban doux :<\/b> Ruban en polyester confortable avec une finition satin\u00e9e, adapt\u00e9 \u00e0 un port de courte dur\u00e9e.<\/li>\n<li><b>Id\u00e9al pour la sensibilisation :<\/b> Le choix classique pour les campagnes de sensibilisation des organismes caritatifs, des organisations \u00e0 but non lucratif et des entreprises.<\/li>\n<li><b>Surface personnalisable :<\/b> Id\u00e9al pour ajouter un logo s\u00e9rigraphi\u00e9 ou un message promotionnel.<\/li>\n<li><b>Image de marque rentable\u00a0:<\/b> Une solution id\u00e9ale pour les commandes en gros et la distribution promotionnelle \u00e0 grande \u00e9chelle.<\/li>\n<\/ul>","protected":false},"excerpt":{"rendered":"<article class=\"text-token-text-primary w-full\" dir=\"auto\" data-testid=\"conversation-turn-2\" data-scroll-anchor=\"true\">\n<div class=\"text-base my-auto mx-auto py-5 [--thread-content-margin:--spacing(4)] @[37rem]:[--thread-content-margin:--spacing(6)] @[72rem]:[--thread-content-margin:--spacing(16)] px-(--thread-content-margin)\">\n<div class=\"[--thread-content-max-width:32rem] @[34rem]:[--thread-content-max-width:40rem] @[64rem]:[--thread-content-max-width:48rem] mx-auto flex max-w-(--thread-content-max-width) flex-1 text-base gap-4 md:gap-5 lg:gap-6 group\/turn-messages focus-visible:outline-hidden\" tabindex=\"-1\">\n<div class=\"group\/conversation-turn relative flex w-full min-w-0 flex-col agent-turn\">\n<div class=\"relative flex-col gap-1 md:gap-3\">\n<div class=\"flex max-w-full flex-col grow\">\n<div class=\"min-h-8 text-message relative flex w-full flex-col items-end gap-2 text-start break-words whitespace-normal [.text-message+&amp;]:mt-5\" dir=\"auto\" data-message-author-role=\"assistant\" data-message-id=\"d5fd0877-4229-4aba-9632-b344fd91f147\" data-message-model-slug=\"gpt-4o\">\n<div class=\"flex w-full flex-col gap-1 empty:hidden first:pt-[3px]\">\n<div class=\"markdown prose dark:prose-invert w-full break-words light\">\n<ul>\n<li>Fermeture sans impression et autobloquante pour une distribution facile des masses.<\/li>\n<li>Ruban en polyester doux, finition satin\u00e9e.<\/li>\n<li>Id\u00e9al pour les campagnes de sensibilisation, les organisations \u00e0 but non lucratif et les cadeaux promotionnels lors d&#039;\u00e9v\u00e9nements.<\/li>\n<li>Personnalisez-le avec le logo ou le message de votre organisation.<\/li>\n<\/ul>\n<\/div>\n<\/div>\n<\/div>\n<\/div>\n<\/div>\n<\/div>\n<\/div>\n<\/div>\n<\/article>","protected":false},"featured_media":6255,"comment_status":"closed","ping_status":"closed","template":"","meta":[],"product_brand":[],"product_cat":[66,96],"product_tag":[],"class_list":{"0":"post-3867","1":"product","2":"type-product","3":"status-publish","4":"has-post-thumbnail","6":"product_cat-wristbands","7":"product_cat-ribbons","9":"first","10":"instock","11":"shipping-taxable","12":"purchasable","13":"product-type-simple"},"_links":{"self":[{"href":"https:\/\/displayproducts.eu\/fr\/wp-json\/wp\/v2\/product\/3867","targetHints":{"allow":["GET"]}}],"collection":[{"href":"https:\/\/displayproducts.eu\/fr\/wp-json\/wp\/v2\/product"}],"about":[{"href":"https:\/\/displayproducts.eu\/fr\/wp-json\/wp\/v2\/types\/product"}],"replies":[{"embeddable":true,"href":"https:\/\/displayproducts.eu\/fr\/wp-json\/wp\/v2\/comments?post=3867"}],"wp:featuredmedia":[{"embeddable":true,"href":"https:\/\/displayproducts.eu\/fr\/wp-json\/wp\/v2\/media\/6255"}],"wp:attachment":[{"href":"https:\/\/displayproducts.eu\/fr\/wp-json\/wp\/v2\/media?parent=3867"}],"wp:term":[{"taxonomy":"product_brand","embeddable":true,"href":"https:\/\/displayproducts.eu\/fr\/wp-json\/wp\/v2\/product_brand?post=3867"},{"taxonomy":"product_cat","embeddable":true,"href":"https:\/\/displayproducts.eu\/fr\/wp-json\/wp\/v2\/product_cat?post=3867"},{"taxonomy":"product_tag","embeddable":true,"href":"https:\/\/displayproducts.eu\/fr\/wp-json\/wp\/v2\/product_tag?post=3867"}],"curies":[{"name":"wp","href":"https:\/\/api.w.org\/{rel}","templated":true}]}}