{"id":3823,"date":"2025-05-06T18:09:47","date_gmt":"2025-05-06T15:09:47","guid":{"rendered":"https:\/\/wristbandfactory.eu\/?post_type=product&#038;p=3823"},"modified":"2026-04-01T21:52:36","modified_gmt":"2026-04-01T18:52:36","slug":"tyvek-safety-wristbands-for-children","status":"publish","type":"product","link":"https:\/\/displayproducts.eu\/fr\/p\/tyvek-safety-wristbands-for-children\/","title":{"rendered":"Bracelets de s\u00e9curit\u00e9 Tyvek pour enfants"},"content":{"rendered":"<p>L&#039;organisation d&#039;\u00e9v\u00e9nements impliquant des enfants n\u00e9cessite une s\u00e9curit\u00e9 renforc\u00e9e. Nos bracelets de s\u00e9curit\u00e9 Tyvek pour enfants offrent une solution sans impression, efficace et hautement visible pour garantir la s\u00e9curit\u00e9, la comptabilisation et l&#039;identification des jeunes participants, offrant ainsi une tranquillit\u00e9 d&#039;esprit pr\u00e9cieuse au personnel et aux parents.<\/p>\n<p>Ces bracelets sont sp\u00e9cialement con\u00e7us pour s&#039;adapter confortablement et en toute s\u00e9curit\u00e9 aux poignets fins. Fabriqu\u00e9s en Tyvek\u00ae DuPont\u2122 authentique, ils sont incroyablement l\u00e9gers tout en \u00e9tant suffisamment r\u00e9sistants pour supporter les activit\u00e9s les plus dynamiques sans se d\u00e9chirer. Leur mat\u00e9riau imperm\u00e9able les rend parfaits pour toutes les occasions, des sorties scolaires aux camps d&#039;\u00e9t\u00e9 en passant par les parcs aquatiques.<\/p>\n<p>Chaque bracelet est dot\u00e9 d&#039;une fermeture adh\u00e9sive s\u00e9curis\u00e9e \u00e0 usage unique qui emp\u00eache son transfert, un atout essentiel pour un comptage pr\u00e9cis des personnes et un contr\u00f4le d&#039;acc\u00e8s fiable. La zone d&#039;impression d\u00e9di\u00e9e de 60 x 20 mm permet d&#039;ajouter des informations importantes, telles que le nom du groupe, un num\u00e9ro de contact d&#039;urgence ou des avertissements relatifs aux allergies, transformant ainsi un sans impression outil d&#039;identification en un dispositif de s\u00e9curit\u00e9 crucial.<\/p>\n<p><b>Caract\u00e9ristiques principales :<\/b><\/p>\n<ul>\n<li><b>Mat\u00e9riau Tyvek\u00ae authentique :<\/b> R\u00e9sistant, l\u00e9ger, imperm\u00e9able et ind\u00e9chirable pour supporter une utilisation active tout au long de la journ\u00e9e.<\/li>\n<li><b>Tailles sp\u00e9cifiques aux enfants\u00a0:<\/b> Con\u00e7u pour un maintien s\u00fbr et confortable sur les poignets plus fins.<\/li>\n<li><b>Fermeture s\u00e9curis\u00e9e :<\/b> Un syst\u00e8me de fixation adh\u00e9sive inviolable avec un loquet de s\u00e9curit\u00e9 emp\u00eache le transfert entre enfants.<\/li>\n<li><b>Impression de s\u00e9curit\u00e9 personnalis\u00e9e\u00a0:<\/b> Une zone de 60 x 20 mm pour ajouter des informations essentielles comme des num\u00e9ros de contact ou des avertissements concernant les allergies.<\/li>\n<li><b>Couleurs \u00e0 haute visibilit\u00e9 :<\/b> Disponible en bleu vif, rouge et jaune pour une identification visuelle facile des groupes.<\/li>\n<li><b>Distribution facile\u00a0:<\/b> Fourni en feuilles de 10 pour une manipulation et une impression efficaces.<\/li>\n<\/ul>","protected":false},"excerpt":{"rendered":"<ul>\n<li>Con\u00e7ue sp\u00e9cifiquement pour un maintien s\u00fbr et confortable aux poignets des enfants.<\/li>\n<li>Mat\u00e9riau Tyvek\u00ae durable, imperm\u00e9able et r\u00e9sistant aux d\u00e9chirures pour jouer toute la journ\u00e9e.<\/li>\n<li>Fermeture adh\u00e9sive s\u00e9curis\u00e9e et inviolable avec un loquet de s\u00e9curit\u00e9.<\/li>\n<li>Personnalisez avec les num\u00e9ros de contact d&#039;urgence ou les informations sur les allergies (zone d&#039;impression 60x20mm).<\/li>\n<\/ul>","protected":false},"featured_media":6124,"comment_status":"closed","ping_status":"closed","template":"","meta":[],"product_brand":[],"product_cat":[66,41,68],"product_tag":[],"class_list":{"0":"post-3823","1":"product","2":"type-product","3":"status-publish","4":"has-post-thumbnail","6":"product_cat-wristbands","7":"product_cat-tyvek","8":"product_cat-event-supplies","10":"first","11":"instock","12":"shipping-taxable","13":"purchasable","14":"product-type-simple"},"_links":{"self":[{"href":"https:\/\/displayproducts.eu\/fr\/wp-json\/wp\/v2\/product\/3823","targetHints":{"allow":["GET"]}}],"collection":[{"href":"https:\/\/displayproducts.eu\/fr\/wp-json\/wp\/v2\/product"}],"about":[{"href":"https:\/\/displayproducts.eu\/fr\/wp-json\/wp\/v2\/types\/product"}],"replies":[{"embeddable":true,"href":"https:\/\/displayproducts.eu\/fr\/wp-json\/wp\/v2\/comments?post=3823"}],"wp:featuredmedia":[{"embeddable":true,"href":"https:\/\/displayproducts.eu\/fr\/wp-json\/wp\/v2\/media\/6124"}],"wp:attachment":[{"href":"https:\/\/displayproducts.eu\/fr\/wp-json\/wp\/v2\/media?parent=3823"}],"wp:term":[{"taxonomy":"product_brand","embeddable":true,"href":"https:\/\/displayproducts.eu\/fr\/wp-json\/wp\/v2\/product_brand?post=3823"},{"taxonomy":"product_cat","embeddable":true,"href":"https:\/\/displayproducts.eu\/fr\/wp-json\/wp\/v2\/product_cat?post=3823"},{"taxonomy":"product_tag","embeddable":true,"href":"https:\/\/displayproducts.eu\/fr\/wp-json\/wp\/v2\/product_tag?post=3823"}],"curies":[{"name":"wp","href":"https:\/\/api.w.org\/{rel}","templated":true}]}}