{"id":3583,"date":"2025-03-24T15:51:08","date_gmt":"2025-03-24T12:51:08","guid":{"rendered":"https:\/\/wristbandfactory.eu\/?post_type=product&#038;p=3583"},"modified":"2026-04-01T21:52:36","modified_gmt":"2026-04-01T18:52:36","slug":"rpet-lanyards-with-wheat-straw-breakaway","status":"publish","type":"product","link":"https:\/\/displayproducts.eu\/fr\/p\/rpet-lanyards-with-wheat-straw-breakaway\/","title":{"rendered":"Tours de cou rPET avec clip en paille de bl\u00e9"},"content":{"rendered":"<p data-path-to-node=\"11\">Rendez visible l&#039;engagement de votre organisation en mati\u00e8re de d\u00e9veloppement durable jusque dans les moindres d\u00e9tails gr\u00e2ce \u00e0 notre <b>Lani\u00e8res en rPET avec syst\u00e8me de rupture en paille de bl\u00e9<\/b>. Il ne s&#039;agit pas sans impressionment d&#039;un cordon ; c&#039;est un kit d&#039;identification \u00e9cologique complet, con\u00e7u pour les entreprises qui souhaitent \u00e9liminer totalement le plastique vierge de leurs \u00e9v\u00e9nements.<\/p>\n<p data-path-to-node=\"12\">La lani\u00e8re est fabriqu\u00e9e \u00e0 partir de <b>100% PET recycl\u00e9 (rPET)<\/b>, donnant une nouvelle vie aux bouteilles en plastique post-consommation. Contrairement aux options classiques, ce mod\u00e8le r\u00e9sout le probl\u00e8me du \u201c plastique cach\u00e9 \u201d : le clip de s\u00e9curit\u00e9 d\u00e9tachable (en option) est fabriqu\u00e9 \u00e0 partir de <b>paille de bl\u00e9 durable<\/b>, un sous-produit v\u00e9g\u00e9tal biod\u00e9gradable. Ce mat\u00e9riau composite naturel est aussi r\u00e9sistant que le plastique, mais r\u00e9duit consid\u00e9rablement son impact environnemental.<\/p>\n<p data-path-to-node=\"13\">Pour compl\u00e9ter l&#039;ensemble, nous incluons un l\u00e9ger <b>porte-carte d&#039;identit\u00e9 en papier recyclable<\/b>, garantissant ainsi que m\u00eame le bo\u00eetier du badge soit en accord avec vos valeurs environnementales. Le tissu rPET lisse est parfait pour <b>sublimation thermique en couleur<\/b>, Vous pouvez ainsi mettre en valeur votre identit\u00e9 visuelle avec une nettet\u00e9 et un r\u00e9alisme photographique exceptionnels sur les deux faces du bracelet. C&#039;est le choix id\u00e9al pour les conf\u00e9rences vertes de haut niveau o\u00f9 chaque d\u00e9tail compte.<\/p>\n<p data-path-to-node=\"14\"><b>Caract\u00e9ristiques principales :<\/b><\/p>\n<ul data-path-to-node=\"15\">\n<li>\n<p data-path-to-node=\"15,0,0\"><b>Mat\u00e9riau du cordon :<\/b> 100% rPET (recycl\u00e9 \u00e0 partir de bouteilles PET post-consommation).<\/p>\n<\/li>\n<li>\n<p data-path-to-node=\"15,1,0\"><b>Innovation:<\/b> Dispositif de s\u00e9curit\u00e9 d\u00e9tachable fabriqu\u00e9 \u00e0 partir de mat\u00e9riaux biod\u00e9gradables <b>Paille de bl\u00e9<\/b>.<\/p>\n<\/li>\n<li>\n<p data-path-to-node=\"15,2,0\"><b>Impression:<\/b> Impression par sublimation thermique recto verso en couleur pour graphismes complexes.<\/p>\n<\/li>\n<li>\n<p data-path-to-node=\"15,3,0\"><b>Ensemble complet :<\/b> Comprend un porte-carte d&#039;identit\u00e9 en papier recyclable (norme standard).<\/p>\n<\/li>\n<li>\n<p data-path-to-node=\"15,4,0\"><b>\u00c9co-responsable :<\/b> Combine des d\u00e9chets recycl\u00e9s et des mati\u00e8res v\u00e9g\u00e9tales renouvelables.<\/p>\n<\/li>\n<li>\n<p data-path-to-node=\"15,5,0\"><b>S\u00e9curit\u00e9:<\/b> La pince \u00e0 paille de bl\u00e9 se lib\u00e8re sous tension pour \u00e9viter les blessures.<\/p>\n<\/li>\n<\/ul>","protected":false},"excerpt":{"rendered":"<ul data-path-to-node=\"9\">\n<li>\n<p data-path-to-node=\"9,0,0\"><b>Quincaillerie \u00e0 teneur r\u00e9duite en plastique\u00a0:<\/b> Comporte un clip de s\u00e9curit\u00e9 unique \u00e0 ouverture facile, fabriqu\u00e9 \u00e0 partir de mat\u00e9riaux biod\u00e9gradables. <b>paille de bl\u00e9<\/b> au lieu du plastique standard.<\/p>\n<\/li>\n<li>\n<p data-path-to-node=\"9,1,0\"><b>Ensemble \u00e9cologique complet :<\/b> Comprend une lani\u00e8re en PET recycl\u00e9 100% et un emballage recyclable <b>porte-carte d&#039;identit\u00e9 papier<\/b> pour une solution enti\u00e8rement durable.<\/p>\n<\/li>\n<li>\n<p data-path-to-node=\"9,2,0\"><b>Identit\u00e9 visuelle en couleur\u00a0:<\/b> L&#039;impression par sublimation thermique haute d\u00e9finition permet d&#039;obtenir des motifs \u00e9clatants, bord \u00e0 bord, sur les deux faces.<\/p>\n<\/li>\n<li>\n<p data-path-to-node=\"9,3,0\"><b>\u00c9conomie circulaire :<\/b> Donne une nouvelle vie aux d\u00e9chets plastiques (1 cordon \u2248 1 bouteille en plastique) tout en utilisant des mat\u00e9riaux v\u00e9g\u00e9taux renouvelables.<\/p>\n<\/li>\n<\/ul>","protected":false},"featured_media":6632,"comment_status":"closed","ping_status":"closed","template":"","meta":[],"product_brand":[],"product_cat":[104,106,107,68],"product_tag":[],"class_list":{"0":"post-3583","1":"product","2":"type-product","3":"status-publish","4":"has-post-thumbnail","6":"product_cat-custom-printed-lanyards","7":"product_cat-breakaway-lanyards","8":"product_cat-eco-friendly-lanyards","9":"product_cat-event-supplies","11":"first","12":"instock","13":"shipping-taxable","14":"purchasable","15":"product-type-simple"},"_links":{"self":[{"href":"https:\/\/displayproducts.eu\/fr\/wp-json\/wp\/v2\/product\/3583","targetHints":{"allow":["GET"]}}],"collection":[{"href":"https:\/\/displayproducts.eu\/fr\/wp-json\/wp\/v2\/product"}],"about":[{"href":"https:\/\/displayproducts.eu\/fr\/wp-json\/wp\/v2\/types\/product"}],"replies":[{"embeddable":true,"href":"https:\/\/displayproducts.eu\/fr\/wp-json\/wp\/v2\/comments?post=3583"}],"wp:featuredmedia":[{"embeddable":true,"href":"https:\/\/displayproducts.eu\/fr\/wp-json\/wp\/v2\/media\/6632"}],"wp:attachment":[{"href":"https:\/\/displayproducts.eu\/fr\/wp-json\/wp\/v2\/media?parent=3583"}],"wp:term":[{"taxonomy":"product_brand","embeddable":true,"href":"https:\/\/displayproducts.eu\/fr\/wp-json\/wp\/v2\/product_brand?post=3583"},{"taxonomy":"product_cat","embeddable":true,"href":"https:\/\/displayproducts.eu\/fr\/wp-json\/wp\/v2\/product_cat?post=3583"},{"taxonomy":"product_tag","embeddable":true,"href":"https:\/\/displayproducts.eu\/fr\/wp-json\/wp\/v2\/product_tag?post=3583"}],"curies":[{"name":"wp","href":"https:\/\/api.w.org\/{rel}","templated":true}]}}