{"id":3045,"date":"2025-02-05T15:13:29","date_gmt":"2025-02-05T12:13:29","guid":{"rendered":"https:\/\/wristbandfactory.eu\/toode\/silicone-printed-keychain\/"},"modified":"2026-04-01T21:52:04","modified_gmt":"2026-04-01T18:52:04","slug":"silicone-print-nylon-keychains","status":"publish","type":"product","link":"https:\/\/displayproducts.eu\/fr\/p\/silicone-print-nylon-keychains\/","title":{"rendered":"Porte-cl\u00e9s en nylon avec impression silicone"},"content":{"rendered":"<p data-path-to-node=\"12\">Am\u00e9liorez vos articles promotionnels avec notre <b data-path-to-node=\"12\" data-index-in-node=\"71\">Porte-cl\u00e9s en nylon imprim\u00e9s en silicone personnalis\u00e9s<\/b>. Ce ne sont pas de sans impressions cordons\u00a0; ce sont des accessoires haute durabilit\u00e9 con\u00e7us pour une utilisation prolong\u00e9e. Leur principal atout r\u00e9side dans\u2026 <b data-path-to-node=\"12\" data-index-in-node=\"240\">technologie d&#039;impression silicone en relief<\/b>, Ce proc\u00e9d\u00e9 consiste \u00e0 d\u00e9poser une \u00e9paisse couche de silicone souple sur le bracelet en nylon. Il en r\u00e9sulte un effet 3D vibrant et tactile, impossible \u00e0 ignorer, et extr\u00eamement r\u00e9sistant \u00e0 la d\u00e9coloration, aux craquelures et au d\u00e9collement.<\/p>\n<h2 data-path-to-node=\"13\">Caract\u00e9ristiques principales<\/h2>\n<ul data-path-to-node=\"14\">\n<li>\n<p data-path-to-node=\"14,0,0\"><b data-path-to-node=\"14,0,0\" data-index-in-node=\"0\">Impression silicone de qualit\u00e9 sup\u00e9rieure\u00a0:<\/b> Contrairement \u00e0 l&#039;encre plate, notre impression silicone ajoute de la texture et du relief \u00e0 votre logo, lui conf\u00e9rant un aspect et un toucher haut de gamme.<\/p>\n<\/li>\n<li>\n<p data-path-to-node=\"14,1,1\"><span data-path-to-node=\"14,1,1,0\"><b data-path-to-node=\"14,1,1,0\" data-index-in-node=\"0\"><span class=\"citation-9\">Construction robuste en nylon :<\/span><\/b><span class=\"citation-9\"> Fabriqu\u00e9 \u00e0 partir de sangles en nylon haute r\u00e9sistance<\/span><\/span><span data-path-to-node=\"14,1,1,2\">, Ce bracelet est con\u00e7u pour r\u00e9sister \u00e0 une utilisation quotidienne, ce qui le rend id\u00e9al pour les marques de plein air, les entreprises automobiles et les \u00e9quipes sportives.<\/span><\/p>\n<\/li>\n<li>\n<p data-path-to-node=\"14,2,0\"><b data-path-to-node=\"14,2,0\" data-index-in-node=\"0\">Syst\u00e8me de fixation double :<\/b> Une polyvalence maximale est assur\u00e9e gr\u00e2ce \u00e0 une structure robuste <b data-path-to-node=\"14,2,0\" data-index-in-node=\"69\">mousqueton<\/b> pour les passants de ceinture ou les sacs, plus un classique <b data-path-to-node=\"14,2,0\" data-index-in-node=\"118\">anneau bris\u00e9<\/b> pour les cl\u00e9s.<\/p>\n<\/li>\n<li>\n<p data-path-to-node=\"14,3,0\"><b data-path-to-node=\"14,3,0\" data-index-in-node=\"0\">Pr\u00e9cision Pantone :<\/b> Nous proposons un service de correspondance de couleurs complet pour la sangle en nylon afin de garantir une parfaite ad\u00e9quation avec votre identit\u00e9 visuelle.<\/p>\n<\/li>\n<\/ul>\n<h2 data-path-to-node=\"15\">Caract\u00e9ristiques<\/h2>\n<ul data-path-to-node=\"16\">\n<li>\n<p data-path-to-node=\"16,0,0\"><b data-path-to-node=\"16,0,0\" data-index-in-node=\"0\">Mat\u00e9riel:<\/b> Sangle en nylon haute r\u00e9sistance.<\/p>\n<\/li>\n<li>\n<p data-path-to-node=\"16,1,0\"><b data-path-to-node=\"16,1,0\" data-index-in-node=\"0\">Technique d&#039;impression :<\/b> Impression en silicone en relief (effet 3D).<\/p>\n<\/li>\n<li>\n<p data-path-to-node=\"16,2,0\"><b data-path-to-node=\"16,2,0\" data-index-in-node=\"0\">Dimensions:<\/b> Format standard 25 x 150 mm (Tailles personnalis\u00e9es disponibles).<\/p>\n<\/li>\n<li>\n<p data-path-to-node=\"16,3,0\"><b data-path-to-node=\"16,3,0\" data-index-in-node=\"0\">Accessoires :<\/b> Mousqueton m\u00e9tallique + anneau bris\u00e9.<\/p>\n<\/li>\n<li>\n<p data-path-to-node=\"16,4,0\"><b data-path-to-node=\"16,4,0\" data-index-in-node=\"0\">MOQ\u00a0:<\/b> 100 unit\u00e9s.<\/p>\n<\/li>\n<li>\n<p data-path-to-node=\"16,5,0\"><b data-path-to-node=\"16,5,0\" data-index-in-node=\"0\">D\u00e9lai de production :<\/b> Environ 18 \u00e0 20 jours.<\/p>\n<\/li>\n<\/ul>\n<h2 data-path-to-node=\"17\">Cas d&#039;utilisation<\/h2>\n<ul data-path-to-node=\"18\">\n<li>\n<p data-path-to-node=\"18,0,0\"><b data-path-to-node=\"18,0,0\" data-index-in-node=\"0\">Concessionnaires automobiles\u00a0:<\/b> Un cadeau de grande valeur pour l&#039;achat de cl\u00e9s de voiture neuves que les clients utiliseront quotidiennement.<\/p>\n<\/li>\n<li>\n<p data-path-to-node=\"18,1,0\"><b data-path-to-node=\"18,1,0\" data-index-in-node=\"0\">Marques de plein air et d&#039;aventure\u00a0:<\/b> Le nylon robuste et le mousqueton correspondent parfaitement \u00e0 une image de style de vie actif.<\/p>\n<\/li>\n<li>\n<p data-path-to-node=\"18,2,0\"><b data-path-to-node=\"18,2,0\" data-index-in-node=\"0\">Cadeaux d&#039;entreprise :<\/b> Une alternative tactile et haut de gamme aux porte-cl\u00e9s en polyester standard pour les kits de bienvenue des employ\u00e9s.<\/p>\n<\/li>\n<li>\n<p data-path-to-node=\"18,3,0\"><b data-path-to-node=\"18,3,0\" data-index-in-node=\"0\">Agents immobiliers :<\/b> Un porte-cl\u00e9s durable et m\u00e9morable pour les remises de cl\u00e9s dans une nouvelle accueil.<\/p>\n<\/li>\n<\/ul>","protected":false},"excerpt":{"rendered":"<ul>\n<li>\n<p data-path-to-node=\"11,0,0\"><b data-path-to-node=\"11,0,0\" data-index-in-node=\"0\">Marquage tactile 3D\u00a0:<\/b> L&#039;impression en silicone en relief cr\u00e9e un logo haut de gamme et durable.<\/p>\n<\/li>\n<li>\n<p data-path-to-node=\"11,1,0\"><b data-path-to-node=\"11,1,0\" data-index-in-node=\"0\">Mat\u00e9riau ultra-r\u00e9sistant :<\/b> Fabriqu\u00e9 en sangle de nylon r\u00e9sistante et durable.<\/p>\n<\/li>\n<li>\n<p data-path-to-node=\"11,2,0\"><b data-path-to-node=\"11,2,0\" data-index-in-node=\"0\">Accessoire polyvalent\u00a0:<\/b> Livr\u00e9 avec un mousqueton et un anneau bris\u00e9 standard.<\/p>\n<\/li>\n<li>\n<p data-path-to-node=\"11,3,0\"><b data-path-to-node=\"11,3,0\" data-index-in-node=\"0\">Enti\u00e8rement personnalis\u00e9 :<\/b> Correspondance des couleurs Pantone disponible pour le bracelet et l&#039;impression.<\/p>\n<\/li>\n<\/ul>","protected":false},"featured_media":6655,"comment_status":"closed","ping_status":"closed","template":"","meta":[],"product_brand":[],"product_cat":[94],"product_tag":[],"class_list":{"0":"post-3045","1":"product","2":"type-product","3":"status-publish","4":"has-post-thumbnail","6":"product_cat-keychains","8":"first","9":"instock","10":"shipping-taxable","11":"purchasable","12":"product-type-simple"},"_links":{"self":[{"href":"https:\/\/displayproducts.eu\/fr\/wp-json\/wp\/v2\/product\/3045","targetHints":{"allow":["GET"]}}],"collection":[{"href":"https:\/\/displayproducts.eu\/fr\/wp-json\/wp\/v2\/product"}],"about":[{"href":"https:\/\/displayproducts.eu\/fr\/wp-json\/wp\/v2\/types\/product"}],"replies":[{"embeddable":true,"href":"https:\/\/displayproducts.eu\/fr\/wp-json\/wp\/v2\/comments?post=3045"}],"wp:featuredmedia":[{"embeddable":true,"href":"https:\/\/displayproducts.eu\/fr\/wp-json\/wp\/v2\/media\/6655"}],"wp:attachment":[{"href":"https:\/\/displayproducts.eu\/fr\/wp-json\/wp\/v2\/media?parent=3045"}],"wp:term":[{"taxonomy":"product_brand","embeddable":true,"href":"https:\/\/displayproducts.eu\/fr\/wp-json\/wp\/v2\/product_brand?post=3045"},{"taxonomy":"product_cat","embeddable":true,"href":"https:\/\/displayproducts.eu\/fr\/wp-json\/wp\/v2\/product_cat?post=3045"},{"taxonomy":"product_tag","embeddable":true,"href":"https:\/\/displayproducts.eu\/fr\/wp-json\/wp\/v2\/product_tag?post=3045"}],"curies":[{"name":"wp","href":"https:\/\/api.w.org\/{rel}","templated":true}]}}