{"id":1382,"date":"2024-07-17T13:03:02","date_gmt":"2024-07-17T10:03:02","guid":{"rendered":"https:\/\/wristbandfactory.eu\/toode\/lanyard-made-of-1-5-cm-rpet-with-cup-holder-sublimation-print\/"},"modified":"2026-04-01T21:52:36","modified_gmt":"2026-04-01T18:52:36","slug":"printed-lanyards-with-cup-holder","status":"publish","type":"product","link":"https:\/\/displayproducts.eu\/fr\/p\/printed-lanyards-with-cup-holder\/","title":{"rendered":"Cordons imprim\u00e9s avec porte-gobelet"},"content":{"rendered":"<div class=\"flex flex-grow flex-col max-w-full\">\n<div class=\"min-h-[20px] text-message flex flex-col items-start whitespace-pre-wrap break-words [.text-message+&amp;]:mt-5 juice:w-full juice:items-end overflow-x-auto gap-2\" dir=\"auto\" data-message-author-role=\"assistant\" data-message-id=\"29d0cc2f-9703-4b46-a2f3-f0401257c60f\">\n<div class=\"flex w-full flex-col gap-1 juice:empty:hidden juice:first:pt-[3px]\">\n<div class=\"markdown prose w-full break-words dark:prose-invert light\">\n<p>Am\u00e9liorez l&#039;exp\u00e9rience de vos participants lors de votre prochain festival, conf\u00e9rence ou \u00e9v\u00e9nement en plein air. Nos cordons imprim\u00e9s avec porte-gobelets offrent une solution tr\u00e8s pratique\u00a0: ils permettent \u00e0 vos invit\u00e9s, collaborateurs ou VIP de garder les mains libres tout en assurant la visibilit\u00e9 de votre marque.<\/p>\n<p>Ce cordon fonctionnel est fabriqu\u00e9 en polyester RPET tiss\u00e9 r\u00e9sistant, t\u00e9moignant de l&#039;engagement de votre marque en faveur de choix durables. Son prix inclut une impression par sublimation recto verso aux couleurs \u00e9clatantes, id\u00e9ale pour les logos complexes, les motifs d\u00e9taill\u00e9s et une multitude de couleurs. Son porte-gobelet universel et flexible en silicone (6 cm de diam\u00e8tre) s&#039;adapte parfaitement \u00e0 la plupart des gobelets standard (remarque\u00a0: le gobelet n&#039;est pas inclus). Ce cordon est l&#039;accessoire id\u00e9al pour tout \u00e9v\u00e9nement o\u00f9 des boissons sont servies, mettant en avant votre marque.<\/p>\n<p><b>Caract\u00e9ristiques principales :<\/b><\/p>\n<ul>\n<li><b>Mat\u00e9riel:<\/b> RPET tiss\u00e9 r\u00e9sistant de 1,5 cm (polyester recycl\u00e9)<\/li>\n<li><b>Titulaire:<\/b> Silicone universel (\u00d8 6 cm)<\/li>\n<li><b>Impression:<\/b> Impression par sublimation en couleur (recto verso inclus)<\/li>\n<li><b>Avantage:<\/b> Garde les mains libres\u00a0; parfait pour les programmes de gobelets r\u00e9utilisables<\/li>\n<li><b>Id\u00e9al pour :<\/b> Festivals, concerts, salons et sorties d&#039;entreprise<\/li>\n<li><b>Origine:<\/b> Fabriqu\u00e9 en Europe<\/li>\n<\/ul>\n<p>&nbsp;<\/p>\n<\/div>\n<\/div>\n<\/div>\n<\/div>","protected":false},"excerpt":{"rendered":"<ul>\n<li>Offre une commodit\u00e9 mains libres lors des festivals et des \u00e9v\u00e9nements en plein air.<\/li>\n<li>Impression par sublimation recto verso en couleur pour une visibilit\u00e9 maximale de la marque.<\/li>\n<li>Fabriqu\u00e9 \u00e0 partir d&#039;un mat\u00e9riau RPET (recycl\u00e9) durable et respectueux de l&#039;environnement.<\/li>\n<li>Support universel en silicone (\u00d8 6 cm) s&#039;adapte \u00e0 la plupart des tasses r\u00e9utilisables.<\/li>\n<\/ul>","protected":false},"featured_media":6564,"comment_status":"closed","ping_status":"closed","template":"","meta":[],"product_brand":[],"product_cat":[43,108,68,119],"product_tag":[],"class_list":{"0":"post-1382","1":"product","2":"type-product","3":"status-publish","4":"has-post-thumbnail","6":"product_cat-lanyards","7":"product_cat-multifunctional-lanyards","8":"product_cat-event-supplies","9":"product_cat-drinkware-accessories","11":"first","12":"instock","13":"shipping-taxable","14":"purchasable","15":"product-type-simple"},"_links":{"self":[{"href":"https:\/\/displayproducts.eu\/fr\/wp-json\/wp\/v2\/product\/1382","targetHints":{"allow":["GET"]}}],"collection":[{"href":"https:\/\/displayproducts.eu\/fr\/wp-json\/wp\/v2\/product"}],"about":[{"href":"https:\/\/displayproducts.eu\/fr\/wp-json\/wp\/v2\/types\/product"}],"replies":[{"embeddable":true,"href":"https:\/\/displayproducts.eu\/fr\/wp-json\/wp\/v2\/comments?post=1382"}],"wp:featuredmedia":[{"embeddable":true,"href":"https:\/\/displayproducts.eu\/fr\/wp-json\/wp\/v2\/media\/6564"}],"wp:attachment":[{"href":"https:\/\/displayproducts.eu\/fr\/wp-json\/wp\/v2\/media?parent=1382"}],"wp:term":[{"taxonomy":"product_brand","embeddable":true,"href":"https:\/\/displayproducts.eu\/fr\/wp-json\/wp\/v2\/product_brand?post=1382"},{"taxonomy":"product_cat","embeddable":true,"href":"https:\/\/displayproducts.eu\/fr\/wp-json\/wp\/v2\/product_cat?post=1382"},{"taxonomy":"product_tag","embeddable":true,"href":"https:\/\/displayproducts.eu\/fr\/wp-json\/wp\/v2\/product_tag?post=1382"}],"curies":[{"name":"wp","href":"https:\/\/api.w.org\/{rel}","templated":true}]}}