{"id":1314,"date":"2024-07-15T20:47:33","date_gmt":"2024-07-15T17:47:33","guid":{"rendered":"https:\/\/wristbandfactory.eu\/toode\/sublimation-printed-ribbons\/"},"modified":"2026-04-01T21:52:36","modified_gmt":"2026-04-01T18:52:36","slug":"sublimation-printed-ribbons","status":"publish","type":"product","link":"https:\/\/displayproducts.eu\/fr\/p\/sublimation-printed-ribbons\/","title":{"rendered":"Rubans personnalis\u00e9s avec logo"},"content":{"rendered":"<p data-path-to-node=\"8\">Sublimez l&#039;exp\u00e9rience de d\u00e9ballage de vos produits gr\u00e2ce \u00e0 nos rubans personnalis\u00e9s imprim\u00e9s par sublimation. Contrairement aux m\u00e9thodes traditionnelles, la technologie de sublimation teint directement les fibres du tissu, offrant ainsi des couleurs \u00e9clatantes et fid\u00e8les \u00e0 votre palette de couleurs. Ce mod\u00e8le est id\u00e9al pour les lancements de produits, les coffrets cadeaux de fin d&#039;ann\u00e9e et les \u00e9v\u00e9nements VIP. Le satin lisse \u00e9pouse parfaitement les bo\u00eetes et les sacs, t\u00e9moignant d&#039;un souci du d\u00e9tail et d&#039;une qualit\u00e9 irr\u00e9prochable.<\/p>\n<h2 data-path-to-node=\"9\">Caract\u00e9ristiques principales<\/h2>\n<ul data-path-to-node=\"10\">\n<li>\n<p data-path-to-node=\"10,0,0\"><b data-path-to-node=\"10,0,0\" data-index-in-node=\"0\">Reproduction en couleurs CMJN :<\/b> Reproduisez des logos complexes avec ombres et d\u00e9grad\u00e9s avec une nettet\u00e9 parfaite.<\/p>\n<\/li>\n<li>\n<p data-path-to-node=\"10,1,0\"><b data-path-to-node=\"10,1,0\" data-index-in-node=\"0\">Impression permanente douce au toucher :<\/b> Le ruban reste doux au toucher et le marquage demeure permanent et r\u00e9sistant au bavure.<\/p>\n<\/li>\n<li>\n<p data-path-to-node=\"10,2,0\"><b data-path-to-node=\"10,2,0\" data-index-in-node=\"0\">Qualit\u00e9 durable :<\/b> La durabilit\u00e9 du satin de polyester encourage la r\u00e9utilisation, prolongeant ainsi la visibilit\u00e9 de la marque.<\/p>\n<\/li>\n<li>\n<p data-path-to-node=\"10,3,0\"><b data-path-to-node=\"10,3,0\" data-index-in-node=\"0\">Conception personnalis\u00e9e bord \u00e0 bord\u00a0:<\/b> Utilisez toute la largeur, y compris les couleurs d&#039;arri\u00e8re-plan qui se fondent harmonieusement.<\/p>\n<\/li>\n<\/ul>\n<h2 data-path-to-node=\"11\">Caract\u00e9ristiques<\/h2>\n<ul data-path-to-node=\"12\">\n<li>\n<p data-path-to-node=\"12,0,0\"><b data-path-to-node=\"12,0,0\" data-index-in-node=\"0\">Mat\u00e9riel:<\/b> Satin de polyester de haute qualit\u00e9 (optimis\u00e9 pour la sublimation).<\/p>\n<\/li>\n<li>\n<p data-path-to-node=\"12,1,0\"><b data-path-to-node=\"12,1,0\" data-index-in-node=\"0\">Technique d&#039;impression :<\/b> Sublimation CMJN en couleur.<\/p>\n<\/li>\n<li>\n<p data-path-to-node=\"12,2,0\"><b data-path-to-node=\"12,2,0\" data-index-in-node=\"0\">Largeurs disponibles :<\/b> 15 mm, 20 mm, 25 mm.<\/p>\n<\/li>\n<li>\n<p data-path-to-node=\"12,3,0\"><b data-path-to-node=\"12,3,0\" data-index-in-node=\"0\">Quantit\u00e9 minimale de commande (MOQ) :<\/b> 100 m\u00e8tres.<\/p>\n<\/li>\n<li>\n<p data-path-to-node=\"12,4,0\"><b data-path-to-node=\"12,4,0\" data-index-in-node=\"0\">Format:<\/b> Fourni en rouleaux professionnels pour une distribution industrielle facile.<\/p>\n<\/li>\n<\/ul>\n<h2 data-path-to-node=\"13\">Cas d&#039;utilisation<\/h2>\n<ul data-path-to-node=\"14\">\n<li>\n<p data-path-to-node=\"14,0,0\"><b data-path-to-node=\"14,0,0\" data-index-in-node=\"0\">Emballages de luxe pour la vente au d\u00e9tail\u00a0:<\/b> \u00c9tiquettes de marque pour sacs de courses, bo\u00eetes \u00e0 bijoux et v\u00eatements haut de gamme.<\/p>\n<\/li>\n<li>\n<p data-path-to-node=\"14,1,0\"><b data-path-to-node=\"14,1,0\" data-index-in-node=\"0\">Cadeaux d&#039;entreprise\u00a0:<\/b> Emballage des ma s\u00e9lections cadeaux de fin d&#039;ann\u00e9e et des pr\u00e9sents clients avec une identit\u00e9 visuelle personnalis\u00e9e.<\/p>\n<\/li>\n<li>\n<p data-path-to-node=\"14,2,0\"><b data-path-to-node=\"14,2,0\" data-index-in-node=\"0\">D\u00e9coration d&#039;\u00e9v\u00e9nements et de mariages :<\/b> Cr\u00e9ation d&#039;\u00e9charpes personnalis\u00e9es ou d&#039;accessoires de marque pour des \u00e9v\u00e9nements exclusifs.<\/p>\n<\/li>\n<li>\n<p data-path-to-node=\"14,3,0\"><b data-path-to-node=\"14,3,0\" data-index-in-node=\"0\">Produits alimentaires et boissons artisanaux :<\/b> Id\u00e9al pour emballer des bo\u00eetes de confiseries ou des bouteilles de vin haut de gamme.<\/p>\n<\/li>\n<\/ul>","protected":false},"excerpt":{"rendered":"<p data-path-to-node=\"6\">Transformez la pr\u00e9sentation de votre marque gr\u00e2ce \u00e0 nos rubans imprim\u00e9s par sublimation personnalis\u00e9s, con\u00e7us pour les responsables marketing et les \u00e9quipes d&#039;approvisionnement qui exigent une finition professionnelle de haute qualit\u00e9.<\/p>\n<ul data-path-to-node=\"7\">\n<li>\n<p data-path-to-node=\"7,0,0\"><b data-path-to-node=\"7,0,0\" data-index-in-node=\"0\">Reproduction CMJN en couleur :<\/b> Une clart\u00e9 parfaite pour les logos et d\u00e9grad\u00e9s complexes, sans frais de configuration suppl\u00e9mentaires.<\/p>\n<\/li>\n<li>\n<p data-path-to-node=\"7,1,0\"><b data-path-to-node=\"7,1,0\" data-index-in-node=\"0\">Impression permanente douce au toucher :<\/b> Le motif est thermocoll\u00e9 au mat\u00e9riau pour une sensation de qualit\u00e9 et de durabilit\u00e9.<\/p>\n<\/li>\n<li>\n<p data-path-to-node=\"7,2,0\"><b data-path-to-node=\"7,2,0\" data-index-in-node=\"0\">\u00c9volutivit\u00e9 B2B\u00a0:<\/b> Disponible en rouleaux professionnels avec une quantit\u00e9 minimale de commande (MOQ) de seulement 100 m\u00e8tres.<\/p>\n<\/li>\n<li>\n<p data-path-to-node=\"7,3,0\"><b data-path-to-node=\"7,3,0\" data-index-in-node=\"0\">Personnalisation de bout en bout\u00a0:<\/b> Utilisez toute la largeur pour une int\u00e9gration de marque harmonieuse.<\/p>\n<\/li>\n<\/ul>\n<p data-path-to-node=\"8\">","protected":false},"featured_media":6268,"comment_status":"closed","ping_status":"closed","template":"","meta":[],"product_brand":[],"product_cat":[96],"product_tag":[],"class_list":{"0":"post-1314","1":"product","2":"type-product","3":"status-publish","4":"has-post-thumbnail","6":"product_cat-ribbons","8":"first","9":"instock","10":"shipping-taxable","11":"purchasable","12":"product-type-simple"},"_links":{"self":[{"href":"https:\/\/displayproducts.eu\/fr\/wp-json\/wp\/v2\/product\/1314","targetHints":{"allow":["GET"]}}],"collection":[{"href":"https:\/\/displayproducts.eu\/fr\/wp-json\/wp\/v2\/product"}],"about":[{"href":"https:\/\/displayproducts.eu\/fr\/wp-json\/wp\/v2\/types\/product"}],"replies":[{"embeddable":true,"href":"https:\/\/displayproducts.eu\/fr\/wp-json\/wp\/v2\/comments?post=1314"}],"wp:featuredmedia":[{"embeddable":true,"href":"https:\/\/displayproducts.eu\/fr\/wp-json\/wp\/v2\/media\/6268"}],"wp:attachment":[{"href":"https:\/\/displayproducts.eu\/fr\/wp-json\/wp\/v2\/media?parent=1314"}],"wp:term":[{"taxonomy":"product_brand","embeddable":true,"href":"https:\/\/displayproducts.eu\/fr\/wp-json\/wp\/v2\/product_brand?post=1314"},{"taxonomy":"product_cat","embeddable":true,"href":"https:\/\/displayproducts.eu\/fr\/wp-json\/wp\/v2\/product_cat?post=1314"},{"taxonomy":"product_tag","embeddable":true,"href":"https:\/\/displayproducts.eu\/fr\/wp-json\/wp\/v2\/product_tag?post=1314"}],"curies":[{"name":"wp","href":"https:\/\/api.w.org\/{rel}","templated":true}]}}