{"id":1307,"date":"2024-10-27T11:53:50","date_gmt":"2024-10-27T08:53:50","guid":{"rendered":"https:\/\/wristbandfactory.eu\/toode\/glow-in-the-dark-silicone-wristbands\/"},"modified":"2026-04-01T21:52:36","modified_gmt":"2026-04-01T18:52:36","slug":"glow-in-the-dark-silicone-wristbands","status":"publish","type":"product","link":"https:\/\/displayproducts.eu\/fr\/p\/glow-in-the-dark-silicone-wristbands\/","title":{"rendered":"Bracelets en silicone phosphorescents"},"content":{"rendered":"<div class=\"mx-12 md:mx-24 lg:mx-48\">\n<div class=\"container my-8 svelte-zlsknf\">\n<div class=\"my-24 rounded-lg border-0 border-gray-700 bg-gray-100 px-16 py-24\">\n<div class=\"mt-11 !text-gray-500\">\n<p>Faites briller votre marque m\u00eame apr\u00e8s le coucher du soleil gr\u00e2ce \u00e0 nos bracelets en silicone phosphorescents. Ces bracelets sont le choix id\u00e9al pour les organisateurs d&#039;\u00e9v\u00e9nements, les promoteurs de festivals et les responsables d&#039;\u00e9v\u00e9nements d&#039;entreprise qui recherchent une visibilit\u00e9 optimale dans des environnements peu \u00e9clair\u00e9s. Ils constituent un outil de communication efficace et un badge d&#039;acc\u00e8s pour les bo\u00eetes de nuit, les concerts et les soir\u00e9es.<\/p>\n<p>L&#039;effet phosphorescent est int\u00e9gr\u00e9 au silicone et se recharge sous l&#039;effet de la lumi\u00e8re. Pour un r\u00e9sultat optimal, nous vous recommandons vivement d&#039;opter pour des couleurs de base claires (par exemple, blanc, vert, rose), car l&#039;effet phosphorescent est moins prononc\u00e9 sur les silicones fonc\u00e9es.<\/p>\n<p>Cet effet peut \u00eatre combin\u00e9 \u00e0 d&#039;autres m\u00e9thodes de personnalisation, telles que l&#039;impression, le d\u00e9bossage et le gaufrage, vous permettant ainsi de cr\u00e9er un bracelet unique et fonctionnel pour votre \u00e9v\u00e9nement. Gr\u00e2ce \u00e0 une production et une livraison rapides, nous respectons vos d\u00e9lais les plus serr\u00e9s.<\/p>\n<p><b>Caract\u00e9ristiques principales :<\/b><\/p>\n<ul>\n<li><b>Lueur \u00e0 haute visibilit\u00e9 :<\/b> Se recharge \u00e0 la lumi\u00e8re pour produire une lueur intense, id\u00e9ale pour les bo\u00eetes de nuit et les \u00e9v\u00e9nements en soir\u00e9e.<\/li>\n<li><b>Silicone durable 100%\u00a0:<\/b> Imperm\u00e9able, r\u00e9sistant et confortable pour une utilisation de plusieurs heures.<\/li>\n<li><b>Personnalisation \u00e9tendue\u00a0:<\/b> Peut \u00eatre combin\u00e9 avec des m\u00e9thodes de marquage imprim\u00e9es, en creux ou en relief.<\/li>\n<li><b>D\u00e9lai d&#039;ex\u00e9cution rapide\u00a0:<\/b> Production et livraison rapides pour respecter les d\u00e9lais serr\u00e9s des \u00e9v\u00e9nements.<\/li>\n<li><b>Conseil de pro\u00a0:<\/b> Pour un effet optimal, utilisez de pr\u00e9f\u00e9rence des bases en silicone de couleur vive.<\/li>\n<\/ul>\n<\/div>\n<\/div>\n<\/div>\n<\/div>","protected":false},"excerpt":{"rendered":"<ul>\n<li>L&#039;effet lumineux haute visibilit\u00e9 garantit que votre marque est visible la nuit.<\/li>\n<li>Id\u00e9al pour les festivals, les bo\u00eetes de nuit et les \u00e9v\u00e9nements d&#039;entreprise en soir\u00e9e.<\/li>\n<li>Production et livraison rapides pour une planification d&#039;\u00e9v\u00e9nements acc\u00e9l\u00e9r\u00e9e.<\/li>\n<li>Les meilleurs r\u00e9sultats sont obtenus sur des bases en silicone de couleur vive.<\/li>\n<\/ul>","protected":false},"featured_media":6131,"comment_status":"closed","ping_status":"closed","template":"","meta":[],"product_brand":[],"product_cat":[66,49],"product_tag":[],"class_list":{"0":"post-1307","1":"product","2":"type-product","3":"status-publish","4":"has-post-thumbnail","6":"product_cat-wristbands","7":"product_cat-silicone","9":"first","10":"instock","11":"shipping-taxable","12":"purchasable","13":"product-type-simple"},"_links":{"self":[{"href":"https:\/\/displayproducts.eu\/fr\/wp-json\/wp\/v2\/product\/1307","targetHints":{"allow":["GET"]}}],"collection":[{"href":"https:\/\/displayproducts.eu\/fr\/wp-json\/wp\/v2\/product"}],"about":[{"href":"https:\/\/displayproducts.eu\/fr\/wp-json\/wp\/v2\/types\/product"}],"replies":[{"embeddable":true,"href":"https:\/\/displayproducts.eu\/fr\/wp-json\/wp\/v2\/comments?post=1307"}],"wp:featuredmedia":[{"embeddable":true,"href":"https:\/\/displayproducts.eu\/fr\/wp-json\/wp\/v2\/media\/6131"}],"wp:attachment":[{"href":"https:\/\/displayproducts.eu\/fr\/wp-json\/wp\/v2\/media?parent=1307"}],"wp:term":[{"taxonomy":"product_brand","embeddable":true,"href":"https:\/\/displayproducts.eu\/fr\/wp-json\/wp\/v2\/product_brand?post=1307"},{"taxonomy":"product_cat","embeddable":true,"href":"https:\/\/displayproducts.eu\/fr\/wp-json\/wp\/v2\/product_cat?post=1307"},{"taxonomy":"product_tag","embeddable":true,"href":"https:\/\/displayproducts.eu\/fr\/wp-json\/wp\/v2\/product_tag?post=1307"}],"curies":[{"name":"wp","href":"https:\/\/api.w.org\/{rel}","templated":true}]}}