{"id":1304,"date":"2024-10-27T11:53:50","date_gmt":"2024-10-27T08:53:50","guid":{"rendered":"https:\/\/wristbandfactory.eu\/toode\/silicone-wristbands\/"},"modified":"2026-04-01T21:52:04","modified_gmt":"2026-04-01T18:52:04","slug":"wide-printed-silicone-wristbands-25mm","status":"publish","type":"product","link":"https:\/\/displayproducts.eu\/fr\/p\/wide-printed-silicone-wristbands-25mm\/","title":{"rendered":"Bracelets en silicone imprim\u00e9s larges (25 mm)"},"content":{"rendered":"<p>Con\u00e7us pour une visibilit\u00e9 maximale, ces bracelets de 25 mm de large sont le choix id\u00e9al pour les organisateurs d&#039;\u00e9v\u00e9nements et de festivals qui souhaitent que leur marque se d\u00e9marque. Leur surface g\u00e9n\u00e9reuse est id\u00e9ale pour les logos complexes, les textes d\u00e9taill\u00e9s et les designs accrocheurs. Fabriqu\u00e9s en silicone 100% r\u00e9sistant, ces bracelets sont confortables et peuvent \u00eatre port\u00e9s plusieurs jours, \u00e9tanches et con\u00e7us pour durer, comme un souvenir tangible de votre \u00e9v\u00e9nement ou de votre campagne.<\/p>\n<p>Nous proposons une personnalisation compl\u00e8te pour une ad\u00e9quation parfaite avec l&#039;identit\u00e9 de votre marque. Notre silicone est assorti aux couleurs Pantone, garantissant une reproduction fid\u00e8le des couleurs de votre charte graphique. Choisissez parmi un large \u00e9ventail de styles de personnalisation pour obtenir le look souhait\u00e9, de la s\u00e9rigraphie classique aux effets sophistiqu\u00e9s de gaufrage ou de relief, avec des options de remplissage de couleur pour sublimer votre design.<\/p>\n<p><b>Caract\u00e9ristiques principales :<\/b><\/p>\n<ul>\n<li><b>Surface extra large :<\/b> Largeur de 25 mm pour une visibilit\u00e9 maximale du design et du logo.<\/li>\n<li><b>Mat\u00e9riel:<\/b> 100% silicone durable de haute qualit\u00e9.<\/li>\n<li><b>Options de personnalisation\u00a0:<\/b> Disponible en version imprim\u00e9e, en relief, en relief avec remplissage de couleur, en relief et imprim\u00e9e en relief.<\/li>\n<li><b>Correspondance Pantone\u00ae :<\/b> Correspondance pr\u00e9cise des couleurs selon les sp\u00e9cifications exactes de votre marque.<\/li>\n<li><b>Commande minimum:<\/b> \u00c0 partir de seulement 100 pi\u00e8ces.<\/li>\n<li><b>Conditionnement:<\/b> Chaque bracelet est emball\u00e9 individuellement dans un polybag protecteur.<\/li>\n<li><b>Valeur ajout\u00e9e :<\/b> Assistance de conception gratuite pour perfectionner votre \u0153uvre.<\/li>\n<\/ul>","protected":false},"excerpt":{"rendered":"<p>Lorsque les objets promotionnels standards ne suffisent plus, faites forte impression avec nos larges bracelets personnalis\u00e9s en silicone. Offrant une surface deux fois plus grande que les bracelets standards, ces bracelets de 25 mm offrent une toile de fond audacieuse pour mettre en valeur votre marque. Votre logo ou message restera grav\u00e9 dans les m\u00e9moires longtemps apr\u00e8s l&#039;\u00e9v\u00e9nement.<\/p>","protected":false},"featured_media":5976,"comment_status":"closed","ping_status":"closed","template":"","meta":[],"product_brand":[],"product_cat":[66,49],"product_tag":[],"class_list":{"0":"post-1304","1":"product","2":"type-product","3":"status-publish","4":"has-post-thumbnail","6":"product_cat-wristbands","7":"product_cat-silicone","9":"first","10":"instock","11":"shipping-taxable","12":"purchasable","13":"product-type-simple"},"_links":{"self":[{"href":"https:\/\/displayproducts.eu\/fr\/wp-json\/wp\/v2\/product\/1304","targetHints":{"allow":["GET"]}}],"collection":[{"href":"https:\/\/displayproducts.eu\/fr\/wp-json\/wp\/v2\/product"}],"about":[{"href":"https:\/\/displayproducts.eu\/fr\/wp-json\/wp\/v2\/types\/product"}],"replies":[{"embeddable":true,"href":"https:\/\/displayproducts.eu\/fr\/wp-json\/wp\/v2\/comments?post=1304"}],"wp:featuredmedia":[{"embeddable":true,"href":"https:\/\/displayproducts.eu\/fr\/wp-json\/wp\/v2\/media\/5976"}],"wp:attachment":[{"href":"https:\/\/displayproducts.eu\/fr\/wp-json\/wp\/v2\/media?parent=1304"}],"wp:term":[{"taxonomy":"product_brand","embeddable":true,"href":"https:\/\/displayproducts.eu\/fr\/wp-json\/wp\/v2\/product_brand?post=1304"},{"taxonomy":"product_cat","embeddable":true,"href":"https:\/\/displayproducts.eu\/fr\/wp-json\/wp\/v2\/product_cat?post=1304"},{"taxonomy":"product_tag","embeddable":true,"href":"https:\/\/displayproducts.eu\/fr\/wp-json\/wp\/v2\/product_tag?post=1304"}],"curies":[{"name":"wp","href":"https:\/\/api.w.org\/{rel}","templated":true}]}}