{"id":1303,"date":"2024-07-15T21:28:59","date_gmt":"2024-07-15T18:28:59","guid":{"rendered":"https:\/\/wristbandfactory.eu\/toode\/vivid-wrist-silicone-keyholders-2\/"},"modified":"2026-04-01T21:52:04","modified_gmt":"2026-04-01T18:52:04","slug":"silicone-bangle-keyholders","status":"publish","type":"product","link":"https:\/\/displayproducts.eu\/fr\/p\/silicone-bangle-keyholders\/","title":{"rendered":"Porte-cl\u00e9s bracelets en silicone"},"content":{"rendered":"<p>Alliez praticit\u00e9 et visibilit\u00e9 optimale gr\u00e2ce \u00e0 nos porte-cl\u00e9s bracelets en silicone. Ce produit est un outil promotionnel efficace pour les \u00e9v\u00e9nements d&#039;entreprise, les agences immobili\u00e8res ou comme cadeau pratique pour vos collaborateurs et clients.<\/p>\n<p>Con\u00e7u pour \u00eatre port\u00e9 confortablement au poignet, ce large bracelet de 8,6 cm de diam\u00e8tre permet de garder les cl\u00e9s en s\u00e9curit\u00e9 tout en ayant les mains libres. Ce mod\u00e8le est particuli\u00e8rement pratique pour les professionnels actifs, les participants \u00e0 des \u00e9v\u00e9nements ou les employ\u00e9s ayant besoin d&#039;acc\u00e9der fr\u00e9quemment \u00e0 leurs cl\u00e9s ou porte-cl\u00e9s.<\/p>\n<p>Fabriqu\u00e9 en silicone durable de haute qualit\u00e9, ce porte-cl\u00e9s est con\u00e7u pour r\u00e9sister \u00e0 un usage quotidien. Chaque unit\u00e9 est \u00e9quip\u00e9e d&#039;un anneau m\u00e9tallique robuste permettant de ranger en toute s\u00e9curit\u00e9 plusieurs cl\u00e9s ou cartes d&#039;acc\u00e8s. Disponible dans une large gamme de couleurs, ce porte-cl\u00e9s s&#039;harmonise facilement avec votre identit\u00e9 visuelle, assurant ainsi la visibilit\u00e9 et l&#039;utilit\u00e9 de votre marque bien apr\u00e8s l&#039;\u00e9v\u00e9nement.<\/p>\n<p><b>Caract\u00e9ristiques principales :<\/b><\/p>\n<ul>\n<li><b>Bracelet en silicone durable :<\/b> Cette large bague de 8,6 cm de diam\u00e8tre s&#039;adapte facilement au poignet pour une utilisation mains libres.<\/li>\n<li><b>Mat\u00e9riau de haute qualit\u00e9 :<\/b> Fabriqu\u00e9 en silicone de qualit\u00e9 sup\u00e9rieure et durable, con\u00e7u pour un usage professionnel quotidien.<\/li>\n<li><b>Porte-cl\u00e9s m\u00e9tallique s\u00e9curis\u00e9 :<\/b> Comporte un anneau m\u00e9tallique robuste pour maintenir les cl\u00e9s et les porte-cl\u00e9s d&#039;acc\u00e8s en s\u00e9curit\u00e9.<\/li>\n<li><b>Image de marque \u00e0 haute visibilit\u00e9 :<\/b> Un objet publicitaire pratique qui permet de garder votre marque constamment \u00e0 port\u00e9e de main ou au poignet.<\/li>\n<li><b>Plusieurs options de couleurs :<\/b> Disponible dans une large gamme de couleurs pour s&#039;harmoniser avec votre image de marque.<\/li>\n<\/ul>","protected":false},"excerpt":{"rendered":"<ul>\n<li>Permet d&#039;acc\u00e9der facilement aux cl\u00e9s au poignet pour une utilisation mains libres.<\/li>\n<li>Construction en silicone durable et de haute qualit\u00e9 pour une utilisation quotidienne.<\/li>\n<li>Disponible dans une large gamme de couleurs pour s&#039;harmoniser avec votre identit\u00e9 visuelle.<\/li>\n<li>Un objet promotionnel pratique et \u00e0 forte visibilit\u00e9 pour les salons professionnels.<\/li>\n<\/ul>","protected":false},"featured_media":6668,"comment_status":"closed","ping_status":"closed","template":"","meta":[],"product_brand":[],"product_cat":[94],"product_tag":[],"class_list":{"0":"post-1303","1":"product","2":"type-product","3":"status-publish","4":"has-post-thumbnail","6":"product_cat-keychains","8":"first","9":"instock","10":"shipping-taxable","11":"purchasable","12":"product-type-simple"},"_links":{"self":[{"href":"https:\/\/displayproducts.eu\/fr\/wp-json\/wp\/v2\/product\/1303","targetHints":{"allow":["GET"]}}],"collection":[{"href":"https:\/\/displayproducts.eu\/fr\/wp-json\/wp\/v2\/product"}],"about":[{"href":"https:\/\/displayproducts.eu\/fr\/wp-json\/wp\/v2\/types\/product"}],"replies":[{"embeddable":true,"href":"https:\/\/displayproducts.eu\/fr\/wp-json\/wp\/v2\/comments?post=1303"}],"wp:featuredmedia":[{"embeddable":true,"href":"https:\/\/displayproducts.eu\/fr\/wp-json\/wp\/v2\/media\/6668"}],"wp:attachment":[{"href":"https:\/\/displayproducts.eu\/fr\/wp-json\/wp\/v2\/media?parent=1303"}],"wp:term":[{"taxonomy":"product_brand","embeddable":true,"href":"https:\/\/displayproducts.eu\/fr\/wp-json\/wp\/v2\/product_brand?post=1303"},{"taxonomy":"product_cat","embeddable":true,"href":"https:\/\/displayproducts.eu\/fr\/wp-json\/wp\/v2\/product_cat?post=1303"},{"taxonomy":"product_tag","embeddable":true,"href":"https:\/\/displayproducts.eu\/fr\/wp-json\/wp\/v2\/product_tag?post=1303"}],"curies":[{"name":"wp","href":"https:\/\/api.w.org\/{rel}","templated":true}]}}