{"id":1300,"date":"2024-10-27T11:53:51","date_gmt":"2024-10-27T08:53:51","guid":{"rendered":"https:\/\/wristbandfactory.eu\/toode\/vivid-wrist-silicone-keyholders\/"},"modified":"2026-04-01T21:52:36","modified_gmt":"2026-04-01T18:52:36","slug":"rfid-silicone-wristbands","status":"publish","type":"product","link":"https:\/\/displayproducts.eu\/fr\/p\/rfid-silicone-wristbands\/","title":{"rendered":"Bracelets RFID en silicone"},"content":{"rendered":"<p data-path-to-node=\"12\">Optimisez la logistique de vos \u00e9v\u00e9nements et la s\u00e9curit\u00e9 de vos installations gr\u00e2ce \u00e0 notre solution haute performance. <b data-path-to-node=\"12\" data-index-in-node=\"100\">Bracelets RFID en silicone personnalis\u00e9s<\/b>. Alliant la durabilit\u00e9 du silicone haut de gamme \u00e0 la technologie avanc\u00e9e d&#039;identification par radiofr\u00e9quence (RFID), ces bracelets constituent la solution id\u00e9ale pour la gestion des foules sans contact. Ils font office de cl\u00e9, de portefeuille et de carte d&#039;identit\u00e9 portables, ce qui les rend indispensables pour les festivals, les parcs aquatiques, les salles de sport et les entreprises.<\/p>\n<h2 data-path-to-node=\"13\">Caract\u00e9ristiques principales<\/h2>\n<ul data-path-to-node=\"14\">\n<li>\n<p data-path-to-node=\"14,0,0\"><b data-path-to-node=\"14,0,0\" data-index-in-node=\"0\">Compatible avec la technologie de proximit\u00e9 et NFC\u00a0:<\/b> Compatible avec les principaux syst\u00e8mes (LF, HF, UHF) pour un contr\u00f4le d&#039;acc\u00e8s transparent, des transactions sans esp\u00e8ces et un suivi du temps.<\/p>\n<\/li>\n<li>\n<p data-path-to-node=\"14,1,0\"><b data-path-to-node=\"14,1,0\" data-index-in-node=\"0\">Durabilit\u00e9 par tous les temps\u00a0:<\/b> Fabriqu\u00e9 en silicone 100% de haute qualit\u00e9, ce produit est \u00e9tanche, r\u00e9sistant \u00e0 la chaleur et aux chocs. Id\u00e9al pour une utilisation prolong\u00e9e dans des environnements difficiles comme les piscines ou les festivals en plein air.<\/p>\n<\/li>\n<li>\n<p data-path-to-node=\"14,2,0\"><b data-path-to-node=\"14,2,0\" data-index-in-node=\"0\">Technologie passive :<\/b> La puce int\u00e9gr\u00e9e ne n\u00e9cessite ni batterie ni recharge, garantissant des ann\u00e9es de fonctionnement fiable et sans entretien.<\/p>\n<\/li>\n<li>\n<p data-path-to-node=\"14,3,0\"><b data-path-to-node=\"14,3,0\" data-index-in-node=\"0\">Hygi\u00e8ne et confort :<\/b> Le silicone souple et flexible est hypoallerg\u00e9nique, facile \u00e0 nettoyer et confortable \u00e0 porter pendant de longues p\u00e9riodes.<\/p>\n<\/li>\n<\/ul>\n<h2 data-path-to-node=\"15\">Caract\u00e9ristiques<\/h2>\n<ul data-path-to-node=\"16\">\n<li>\n<p data-path-to-node=\"16,0,0\"><b data-path-to-node=\"16,0,0\" data-index-in-node=\"0\">Mat\u00e9riel:<\/b> 100% Silicone (sans latex).<\/p>\n<\/li>\n<li>\n<p data-path-to-node=\"16,1,0\"><b data-path-to-node=\"16,1,0\" data-index-in-node=\"0\">Technologie:<\/b> RFID\/NFC passif (LF 125 kHz, HF 13,56 MHz, UHF).<\/p>\n<\/li>\n<li>\n<p data-path-to-node=\"16,2,0\"><b data-path-to-node=\"16,2,0\" data-index-in-node=\"0\">Taille:<\/b> Tailles standard adulte (74 mm de diam\u00e8tre), tailles enfant et jeune disponibles.<\/p>\n<\/li>\n<li>\n<p data-path-to-node=\"16,3,0\"><b data-path-to-node=\"16,3,0\" data-index-in-node=\"0\">Personnalisation:<\/b> S\u00e9rigraphie (logos\/textes), correspondance Pantone.<\/p>\n<\/li>\n<li>\n<p data-path-to-node=\"16,4,0\"><b data-path-to-node=\"16,4,0\" data-index-in-node=\"0\">R\u00e9sistance \u00e0 l&#039;eau :<\/b> Indice de protection IP68 (enti\u00e8rement \u00e9tanche).<\/p>\n<\/li>\n<\/ul>\n<h2 data-path-to-node=\"17\">Cas d&#039;utilisation<\/h2>\n<ul data-path-to-node=\"18\">\n<li>\n<p data-path-to-node=\"18,0,0\"><b data-path-to-node=\"18,0,0\" data-index-in-node=\"0\">Parcs aquatiques et spas :<\/b> Remplace les cl\u00e9s de casier et les portefeuilles dans les environnements humides.<\/p>\n<\/li>\n<li>\n<p data-path-to-node=\"18,1,0\"><b data-path-to-node=\"18,1,0\" data-index-in-node=\"0\">Festivals de musique :<\/b> Permet un acc\u00e8s rapide et le paiement sans contact pour les aliments et les boissons.<\/p>\n<\/li>\n<li>\n<p data-path-to-node=\"18,2,0\"><b data-path-to-node=\"18,2,0\" data-index-in-node=\"0\">Salles de sport et clubs :<\/b> Identification des membres et acc\u00e8s \u00e0 la zone s\u00e9curis\u00e9e.<\/p>\n<\/li>\n<li>\n<p data-path-to-node=\"18,3,0\"><b data-path-to-node=\"18,3,0\" data-index-in-node=\"0\">H\u00f4tels et complexes h\u00f4teliers :<\/b> Acc\u00e8s aux chambres et privil\u00e8ges de facturation dans tout le complexe.<\/p>\n<\/li>\n<\/ul>","protected":false},"excerpt":{"rendered":"<ul>\n<li>\n<p data-path-to-node=\"11,0,0\"><b data-path-to-node=\"11,0,0\" data-index-in-node=\"0\">Technologie sans contact\u00a0:<\/b> Puces RFID\/NFC passives pour un contr\u00f4le d&#039;acc\u00e8s rapide et des paiements sans esp\u00e8ces.<\/p>\n<\/li>\n<li>\n<p data-path-to-node=\"11,1,0\"><b data-path-to-node=\"11,1,0\" data-index-in-node=\"0\">100% \u00c9tanche :<\/b> Construction en silicone durable, adapt\u00e9e aux piscines, saunas et parcs aquatiques.<\/p>\n<\/li>\n<li>\n<p data-path-to-node=\"11,2,0\"><b data-path-to-node=\"11,2,0\" data-index-in-node=\"0\">Sans entretien :<\/b> Aucune pile requise ; aliment\u00e9 par le champ du lecteur.<\/p>\n<\/li>\n<li>\n<p data-path-to-node=\"11,3,0\"><b data-path-to-node=\"11,3,0\" data-index-in-node=\"0\">Personnalisation de la marque\u00a0:<\/b> Disponible avec impression s\u00e9rigraphique et correspondance compl\u00e8te des couleurs Pantone.<\/p>\n<\/li>\n<\/ul>","protected":false},"featured_media":6039,"comment_status":"closed","ping_status":"closed","template":"","meta":[],"product_brand":[],"product_cat":[66,81,68],"product_tag":[],"class_list":{"0":"post-1300","1":"product","2":"type-product","3":"status-publish","4":"has-post-thumbnail","6":"product_cat-wristbands","7":"product_cat-rfid","8":"product_cat-event-supplies","10":"first","11":"instock","12":"shipping-taxable","13":"purchasable","14":"product-type-simple"},"_links":{"self":[{"href":"https:\/\/displayproducts.eu\/fr\/wp-json\/wp\/v2\/product\/1300","targetHints":{"allow":["GET"]}}],"collection":[{"href":"https:\/\/displayproducts.eu\/fr\/wp-json\/wp\/v2\/product"}],"about":[{"href":"https:\/\/displayproducts.eu\/fr\/wp-json\/wp\/v2\/types\/product"}],"replies":[{"embeddable":true,"href":"https:\/\/displayproducts.eu\/fr\/wp-json\/wp\/v2\/comments?post=1300"}],"wp:featuredmedia":[{"embeddable":true,"href":"https:\/\/displayproducts.eu\/fr\/wp-json\/wp\/v2\/media\/6039"}],"wp:attachment":[{"href":"https:\/\/displayproducts.eu\/fr\/wp-json\/wp\/v2\/media?parent=1300"}],"wp:term":[{"taxonomy":"product_brand","embeddable":true,"href":"https:\/\/displayproducts.eu\/fr\/wp-json\/wp\/v2\/product_brand?post=1300"},{"taxonomy":"product_cat","embeddable":true,"href":"https:\/\/displayproducts.eu\/fr\/wp-json\/wp\/v2\/product_cat?post=1300"},{"taxonomy":"product_tag","embeddable":true,"href":"https:\/\/displayproducts.eu\/fr\/wp-json\/wp\/v2\/product_tag?post=1300"}],"curies":[{"name":"wp","href":"https:\/\/api.w.org\/{rel}","templated":true}]}}