{"id":1299,"date":"2024-10-27T11:53:51","date_gmt":"2024-10-27T08:53:51","guid":{"rendered":"https:\/\/wristbandfactory.eu\/toode\/slim-silicone-wristbands\/"},"modified":"2026-04-01T21:52:04","modified_gmt":"2026-04-01T18:52:04","slug":"slim-silicone-wristbands","status":"publish","type":"product","link":"https:\/\/displayproducts.eu\/fr\/p\/slim-silicone-wristbands\/","title":{"rendered":"Bracelets fins en silicone"},"content":{"rendered":"<p>Rehaussez votre image de marque ou votre campagne de sensibilisation gr\u00e2ce \u00e0 nos bracelets fins en silicone. Leur profil \u00e9l\u00e9gant de 5 mm offre une alternative discr\u00e8te et moderne aux bracelets classiques, ce qui en fait un choix id\u00e9al pour les \u00e9v\u00e9nements d&#039;entreprise, les collectes de fonds caritatives et les cadeaux promotionnels o\u00f9 une allure plus raffin\u00e9e est recherch\u00e9e.<\/p>\n<p>Nous proposons une personnalisation compl\u00e8te pour refl\u00e9ter votre identit\u00e9 de marque. Le silicone utilis\u00e9 est assorti aux couleurs Pantone pour une pr\u00e9cision optimale. Vous pouvez \u00e9galement personnaliser votre message gr\u00e2ce \u00e0 plusieurs options de haute qualit\u00e9\u00a0: une s\u00e9rigraphie monochrome nette, un logo en creux durable, un logo en relief haut de gamme ou un motif en creux avec remplissage monochrome pour un contraste et une visibilit\u00e9 optimaux.<\/p>\n<p>Fabriqu\u00e9s en silicone durable de haute qualit\u00e9, ces bracelets sont confortables \u00e0 porter au quotidien et sont enti\u00e8rement conformes \u00e0 toutes les r\u00e9glementations de s\u00e9curit\u00e9 en vigueur, offrant ainsi une tranquillit\u00e9 d&#039;esprit \u00e0 votre organisation et \u00e0 vos participants.<\/p>\n<p><b>Caract\u00e9ristiques principales :<\/b><\/p>\n<ul>\n<li><b>Profil \u00e9l\u00e9gant de 5 mm :<\/b> Un design \u00e9troit et moderne (disponible en 200x5x2mm ou 180x5x2mm) pour une affirmation de marque subtile.<\/li>\n<li><b>Personnalisation compl\u00e8te\u00a0:<\/b> Choisissez parmi les impressions monochromes, les motifs en creux (en creux), les motifs en relief (en relief) ou les motifs en creux remplis d&#039;encre.<\/li>\n<li><b>Correspondance Pantone pr\u00e9cise\u00a0:<\/b> Garantit que la couleur du silicone correspond parfaitement \u00e0 votre identit\u00e9 visuelle.<\/li>\n<li><b>Conforme aux normes de s\u00e9curit\u00e9 :<\/b> Fabriqu\u00e9 en silicone de haute qualit\u00e9 conforme \u00e0 toutes les normes de s\u00e9curit\u00e9 en vigueur.<\/li>\n<li><b>Conditionnement en vrac :<\/b> Commande minimale de 100 unit\u00e9s, conditionn\u00e9es en vrac par d\u00e9faut. Emballage individuel sous film plastique disponible sur demande.<\/li>\n<\/ul>","protected":false},"excerpt":{"rendered":"<ul>\n<li>Dot\u00e9 d&#039;un profil fin et \u00e9l\u00e9gant de 5 mm pour un look subtil et moderne.<\/li>\n<li>Enti\u00e8rement personnalisable : choisissez parmi les logos imprim\u00e9s, en creux ou en relief.<\/li>\n<li>Le silicone assorti aux couleurs Pantone garantit une parfaite homog\u00e9n\u00e9it\u00e9 de la couleur de la marque.<\/li>\n<li>Quantit\u00e9 minimale de commande : 100 unit\u00e9s par mod\u00e8le.<\/li>\n<\/ul>","protected":false},"featured_media":5953,"comment_status":"closed","ping_status":"closed","template":"","meta":[],"product_brand":[],"product_cat":[66,49],"product_tag":[],"class_list":{"0":"post-1299","1":"product","2":"type-product","3":"status-publish","4":"has-post-thumbnail","6":"product_cat-wristbands","7":"product_cat-silicone","9":"first","10":"instock","11":"shipping-taxable","12":"purchasable","13":"product-type-simple"},"_links":{"self":[{"href":"https:\/\/displayproducts.eu\/fr\/wp-json\/wp\/v2\/product\/1299","targetHints":{"allow":["GET"]}}],"collection":[{"href":"https:\/\/displayproducts.eu\/fr\/wp-json\/wp\/v2\/product"}],"about":[{"href":"https:\/\/displayproducts.eu\/fr\/wp-json\/wp\/v2\/types\/product"}],"replies":[{"embeddable":true,"href":"https:\/\/displayproducts.eu\/fr\/wp-json\/wp\/v2\/comments?post=1299"}],"wp:featuredmedia":[{"embeddable":true,"href":"https:\/\/displayproducts.eu\/fr\/wp-json\/wp\/v2\/media\/5953"}],"wp:attachment":[{"href":"https:\/\/displayproducts.eu\/fr\/wp-json\/wp\/v2\/media?parent=1299"}],"wp:term":[{"taxonomy":"product_brand","embeddable":true,"href":"https:\/\/displayproducts.eu\/fr\/wp-json\/wp\/v2\/product_brand?post=1299"},{"taxonomy":"product_cat","embeddable":true,"href":"https:\/\/displayproducts.eu\/fr\/wp-json\/wp\/v2\/product_cat?post=1299"},{"taxonomy":"product_tag","embeddable":true,"href":"https:\/\/displayproducts.eu\/fr\/wp-json\/wp\/v2\/product_tag?post=1299"}],"curies":[{"name":"wp","href":"https:\/\/api.w.org\/{rel}","templated":true}]}}