{"id":1292,"date":"2024-07-15T22:03:57","date_gmt":"2024-07-15T19:03:57","guid":{"rendered":"https:\/\/wristbandfactory.eu\/toode\/tyvek-wristbands-for-hospitals\/"},"modified":"2026-04-01T21:52:36","modified_gmt":"2026-04-01T18:52:36","slug":"direct-thermal-hospital-wristbands","status":"publish","type":"product","link":"https:\/\/displayproducts.eu\/fr\/p\/direct-thermal-hospital-wristbands\/","title":{"rendered":"Bracelets d'identification h\u00f4pital antibact\u00e9riens"},"content":{"rendered":"<p data-path-to-node=\"8\">Am\u00e9liorez l&#039;identification des patients dans votre \u00e9tablissement gr\u00e2ce \u00e0 nos bracelets d&#039;identification thermiques directs. Con\u00e7us pour une int\u00e9gration optimale aux flux de travail existants, ces bracelets \u00e9liminent les risques d&#039;erreurs d&#039;\u00e9criture gr\u00e2ce \u00e0 l&#039;impression instantan\u00e9e de codes-barres, de texte et de photos des patients. Leur format adulte (29 x 290 mm) offre un confort optimal et une large surface de lecture, garantissant une efficacit\u00e9 maximale du triage \u00e0 la sortie des patients.<\/p>\n<h2 data-path-to-node=\"9\">Caract\u00e9ristiques principales<\/h2>\n<ul data-path-to-node=\"10\">\n<li>\n<p data-path-to-node=\"10,0,0\"><b data-path-to-node=\"10,0,0\" data-index-in-node=\"0\">Protection antibact\u00e9rienne :<\/b> Dot\u00e9 d&#039;un rev\u00eatement sp\u00e9cialis\u00e9 qui inhibe activement la croissance bact\u00e9rienne, une exigence essentielle pour les environnements cliniques.<\/p>\n<\/li>\n<li>\n<p data-path-to-node=\"10,1,0\"><b data-path-to-node=\"10,1,0\" data-index-in-node=\"0\">Durabilit\u00e9 anti-traces :<\/b> Le film en polypropyl\u00e8ne de haute qualit\u00e9 fixe l&#039;impression thermique, assurant la lisibilit\u00e9 des donn\u00e9es du patient m\u00eame apr\u00e8s contact avec de l&#039;eau, de l&#039;alcool ou des solutions hydroalcooliques.<\/p>\n<\/li>\n<li>\n<p data-path-to-node=\"10,2,0\"><b data-path-to-node=\"10,2,0\" data-index-in-node=\"0\">Fermeture inviolable\u00a0:<\/b> Utilise un adh\u00e9sif \u00e0 forte adh\u00e9rence qui se d\u00e9chire si l&#039;on tente de retirer ou de transf\u00e9rer le bracelet.<\/p>\n<\/li>\n<li>\n<p data-path-to-node=\"10,3,0\"><b data-path-to-node=\"10,3,0\" data-index-in-node=\"0\">Sans latex et hypoallerg\u00e9nique :<\/b> Convient \u00e0 tous les types de peau, minimisant ainsi le risque de r\u00e9actions allergiques lors des hospitalisations de longue dur\u00e9e.<\/p>\n<\/li>\n<\/ul>\n<h2 data-path-to-node=\"11\">Caract\u00e9ristiques<\/h2>\n<ul data-path-to-node=\"12\">\n<li>\n<p data-path-to-node=\"12,0,0\"><b data-path-to-node=\"12,0,0\" data-index-in-node=\"0\">Dimensions:<\/b> 29 mm x 290 mm (taille adulte standard).<\/p>\n<\/li>\n<li>\n<p data-path-to-node=\"12,1,0\"><b data-path-to-node=\"12,1,0\" data-index-in-node=\"0\">Mat\u00e9riel:<\/b> Polypropyl\u00e8ne avec rev\u00eatement antibact\u00e9rien.<\/p>\n<\/li>\n<li>\n<p data-path-to-node=\"12,2,0\"><b data-path-to-node=\"12,2,0\" data-index-in-node=\"0\">Technologie d&#039;impression\u00a0:<\/b> Thermique directe (aucun ruban ni encre requis).<\/p>\n<\/li>\n<li>\n<p data-path-to-node=\"12,3,0\"><b data-path-to-node=\"12,3,0\" data-index-in-node=\"0\">Compatibilit\u00e9:<\/b> Optimis\u00e9 pour les imprimantes de bureau Zebra (GK-888T, TLP2824), Brother (TD-2020) et TSC.<\/p>\n<\/li>\n<li>\n<p data-path-to-node=\"12,4,0\"><b data-path-to-node=\"12,4,0\" data-index-in-node=\"0\">Conditionnement:<\/b> Rouleaux de 100 bracelets avec un noyau de 25 mm (1 pouce).<\/p>\n<\/li>\n<li>\n<p data-path-to-node=\"12,5,0\"><b data-path-to-node=\"12,5,0\" data-index-in-node=\"0\">Quantit\u00e9 minimale de commande (MOQ) :<\/b> 100 unit\u00e9s.<\/p>\n<\/li>\n<\/ul>\n<h2 data-path-to-node=\"13\">Cas d&#039;utilisation<\/h2>\n<ul data-path-to-node=\"14\">\n<li>\n<p data-path-to-node=\"14,0,0\"><b data-path-to-node=\"14,0,0\" data-index-in-node=\"0\">Admissions en grand nombre\u00a0:<\/b> Id\u00e9al pour les salles d&#039;urgence et les centres de soins urgents n\u00e9cessitant une g\u00e9n\u00e9ration rapide d&#039;identifiants.<\/p>\n<\/li>\n<li>\n<p data-path-to-node=\"14,1,0\"><b data-path-to-node=\"14,1,0\" data-index-in-node=\"0\">Gestion des patients hospitalis\u00e9s\u00a0:<\/b> Identification \u00e0 long terme pour l&#039;administration de m\u00e9dicaments et la num\u00e9risation au chevet du patient.<\/p>\n<\/li>\n<li>\n<p data-path-to-node=\"14,2,0\"><b data-path-to-node=\"14,2,0\" data-index-in-node=\"0\">Interventions ambulatoires :<\/b> \u00c9tiquetage s\u00e9curis\u00e9 pour les interventions chirurgicales et les tests diagnostiques r\u00e9alis\u00e9s le m\u00eame jour.<\/p>\n<\/li>\n<li>\n<p data-path-to-node=\"14,3,0\"><b data-path-to-node=\"14,3,0\" data-index-in-node=\"0\">Services de maternit\u00e9 et de p\u00e9diatrie\u00a0:<\/b> Identification fiable l\u00e0 o\u00f9 la s\u00e9curit\u00e9 et le confort sont primordiaux.<\/p>\n<\/li>\n<\/ul>\n<p data-path-to-node=\"15\">","protected":false},"excerpt":{"rendered":"<p data-path-to-node=\"6\">Rationalisez votre processus d&#039;admission des patients gr\u00e2ce \u00e0 nos bracelets d&#039;h\u00f4pital thermiques directs, con\u00e7us pour les \u00e9tablissements de sant\u00e9 modernes qui exigent une impression de donn\u00e9es instantan\u00e9e et haute r\u00e9solution directement \u00e0 partir des syst\u00e8mes d&#039;admission.<\/p>\n<ul data-path-to-node=\"7\">\n<li>\n<p data-path-to-node=\"7,0,0\"><b data-path-to-node=\"7,0,0\" data-index-in-node=\"0\">Compatibilit\u00e9 imprimante :<\/b> Enti\u00e8rement optimis\u00e9 pour les imprimantes thermiques directes standard du secteur telles que Zebra, Brother et TSC.<\/p>\n<\/li>\n<li>\n<p data-path-to-node=\"7,1,0\"><b data-path-to-node=\"7,1,0\" data-index-in-node=\"0\">Contr\u00f4le des infections :<\/b> Un rev\u00eatement antibact\u00e9rien sp\u00e9cialis\u00e9 inhibe la croissance bact\u00e9rienne, contribuant ainsi au respect des protocoles d&#039;hygi\u00e8ne hospitaliers stricts.<\/p>\n<\/li>\n<li>\n<p data-path-to-node=\"7,2,0\"><b data-path-to-node=\"7,2,0\" data-index-in-node=\"0\">S\u00e9curit\u00e9 maximale :<\/b> L&#039;adh\u00e9sif acrylique inviolable avec fermeture d\u00e9coup\u00e9e emp\u00eache le transfert et garantit l&#039;int\u00e9grit\u00e9 de l&#039;identification du patient.<\/p>\n<\/li>\n<li>\n<p data-path-to-node=\"7,3,0\"><b data-path-to-node=\"7,3,0\" data-index-in-node=\"0\">Efficacit\u00e9 B2B\u00a0:<\/b> Fourni en rouleaux de 100 bandes pour un chargement rapide et un traitement d&#039;admission \u00e0 haut volume.<\/p>\n<\/li>\n<\/ul>","protected":false},"featured_media":631,"comment_status":"closed","ping_status":"closed","template":"","meta":[],"product_brand":[],"product_cat":[66,72],"product_tag":[],"class_list":{"0":"post-1292","1":"product","2":"type-product","3":"status-publish","4":"has-post-thumbnail","6":"product_cat-wristbands","7":"product_cat-medical-and-hospital","9":"first","10":"instock","11":"shipping-taxable","12":"purchasable","13":"product-type-simple"},"_links":{"self":[{"href":"https:\/\/displayproducts.eu\/fr\/wp-json\/wp\/v2\/product\/1292","targetHints":{"allow":["GET"]}}],"collection":[{"href":"https:\/\/displayproducts.eu\/fr\/wp-json\/wp\/v2\/product"}],"about":[{"href":"https:\/\/displayproducts.eu\/fr\/wp-json\/wp\/v2\/types\/product"}],"replies":[{"embeddable":true,"href":"https:\/\/displayproducts.eu\/fr\/wp-json\/wp\/v2\/comments?post=1292"}],"wp:featuredmedia":[{"embeddable":true,"href":"https:\/\/displayproducts.eu\/fr\/wp-json\/wp\/v2\/media\/631"}],"wp:attachment":[{"href":"https:\/\/displayproducts.eu\/fr\/wp-json\/wp\/v2\/media?parent=1292"}],"wp:term":[{"taxonomy":"product_brand","embeddable":true,"href":"https:\/\/displayproducts.eu\/fr\/wp-json\/wp\/v2\/product_brand?post=1292"},{"taxonomy":"product_cat","embeddable":true,"href":"https:\/\/displayproducts.eu\/fr\/wp-json\/wp\/v2\/product_cat?post=1292"},{"taxonomy":"product_tag","embeddable":true,"href":"https:\/\/displayproducts.eu\/fr\/wp-json\/wp\/v2\/product_tag?post=1292"}],"curies":[{"name":"wp","href":"https:\/\/api.w.org\/{rel}","templated":true}]}}