{"id":1288,"date":"2024-10-27T11:53:51","date_gmt":"2024-10-27T08:53:51","guid":{"rendered":"https:\/\/wristbandfactory.eu\/toode\/full-colour-cord-lanyards-with-woven-label\/"},"modified":"2026-04-01T21:52:36","modified_gmt":"2026-04-01T18:52:36","slug":"sublimation-cord-lanyards-with-woven-label","status":"publish","type":"product","link":"https:\/\/displayproducts.eu\/fr\/p\/sublimation-cord-lanyards-with-woven-label\/","title":{"rendered":"Cordons de protection par sublimation avec \u00e9tiquette tiss\u00e9e"},"content":{"rendered":"<div class=\"mx-12 md:mx-24 lg:mx-48\">\n<div class=\"container my-8 svelte-zlsknf\">\n<div class=\"my-24 rounded-lg border-0 border-gray-700 bg-gray-100 px-16 py-24\">\n<div class=\"mt-11 !text-gray-500\">\n<p>Optimisez l&#039;impact de votre marque gr\u00e2ce \u00e0 nos cordons porte-cl\u00e9s sublimables haut de gamme. Ce mod\u00e8le combine deux techniques de marquage de haute qualit\u00e9\u00a0: une impression par sublimation en couleur \u00e9clatante sur le cordon et une \u00e9tiquette tiss\u00e9e r\u00e9sistante en quadrichromie pour votre logo principal.<\/p>\n<p>Le cordon en polyester de 90 cm est initialement blanc et imprim\u00e9 int\u00e9gralement avec votre motif par sublimation. Cette m\u00e9thode est id\u00e9ale pour les motifs complexes en couleur ou les logos r\u00e9p\u00e9titifs\u00a0; toutefois, veuillez noter que le positionnement pr\u00e9cis du logo sur le cordon ne peut \u00eatre garanti.<\/p>\n<p>L&#039;ajout d&#039;une \u00e9tiquette tiss\u00e9e haute d\u00e9finition en quadrichromie offre une visibilit\u00e9 optimale et professionnelle \u00e0 votre marque, sans risque de d\u00e9coloration ni de rayures. Ce cordon haut de gamme est id\u00e9al pour les \u00e9v\u00e9nements d&#039;entreprise, l&#039;identification du personnel ou les badges de conf\u00e9rence prestigieux, o\u00f9 une pr\u00e9sentation de marque durable et \u00e9l\u00e9gante est indispensable. Chaque cordon est fourni avec un mousqueton en m\u00e9tal\u00a0; d&#039;autres options de fixation sont disponibles.<\/p>\n<p><b>Caract\u00e9ristiques principales :<\/b><\/p>\n<ul>\n<li><b>Double marque :<\/b> Associe un cordon imprim\u00e9 par sublimation en couleur \u00e0 une \u00e9tiquette tiss\u00e9e haut de gamme en 4 couleurs.<\/li>\n<li><b>Sublimation \u00e9clatante :<\/b> Le cordon en polyester blanc de 90 cm est id\u00e9al pour r\u00e9aliser des motifs en couleurs r\u00e9p\u00e9titifs.<\/li>\n<li><b>\u00c9tiquette tiss\u00e9e de qualit\u00e9 sup\u00e9rieure\u00a0:<\/b> Offre un logo durable et haute d\u00e9finition (jusqu&#039;\u00e0 4 couleurs).<\/li>\n<li><b>Mousqueton en m\u00e9tal :<\/b> Comprend un mousqueton m\u00e9tallique robuste, avec d&#039;autres options de fixation disponibles.<\/li>\n<li><b>Identifiant \u00e0 fort impact\u00a0:<\/b> Une solution haut de gamme pour l&#039;image de marque des entreprises, les badges d&#039;identification du personnel et les \u00e9v\u00e9nements de prestige.<\/li>\n<\/ul>\n<\/div>\n<\/div>\n<\/div>\n<\/div>","protected":false},"excerpt":{"rendered":"<ul>\n<li>Comporte un cordon imprim\u00e9 par sublimation en couleur pour des motifs \u00e9clatants et r\u00e9p\u00e9titifs.<\/li>\n<li>Comprend une \u00e9tiquette tiss\u00e9e haut de gamme en 4 couleurs pour un logo durable.<\/li>\n<li>Cordon en polyester r\u00e9sistant de 90 cm avec mousqueton m\u00e9tallique standard.<\/li>\n<li>Id\u00e9al pour les \u00e9v\u00e9nements d&#039;entreprise, les cartes d&#039;identit\u00e9 du personnel et les salons professionnels.<\/li>\n<\/ul>","protected":false},"featured_media":6794,"comment_status":"closed","ping_status":"closed","template":"","meta":[],"product_brand":[],"product_cat":[43],"product_tag":[],"class_list":{"0":"post-1288","1":"product","2":"type-product","3":"status-publish","4":"has-post-thumbnail","6":"product_cat-lanyards","8":"first","9":"instock","10":"shipping-taxable","11":"purchasable","12":"product-type-simple"},"_links":{"self":[{"href":"https:\/\/displayproducts.eu\/fr\/wp-json\/wp\/v2\/product\/1288","targetHints":{"allow":["GET"]}}],"collection":[{"href":"https:\/\/displayproducts.eu\/fr\/wp-json\/wp\/v2\/product"}],"about":[{"href":"https:\/\/displayproducts.eu\/fr\/wp-json\/wp\/v2\/types\/product"}],"replies":[{"embeddable":true,"href":"https:\/\/displayproducts.eu\/fr\/wp-json\/wp\/v2\/comments?post=1288"}],"wp:featuredmedia":[{"embeddable":true,"href":"https:\/\/displayproducts.eu\/fr\/wp-json\/wp\/v2\/media\/6794"}],"wp:attachment":[{"href":"https:\/\/displayproducts.eu\/fr\/wp-json\/wp\/v2\/media?parent=1288"}],"wp:term":[{"taxonomy":"product_brand","embeddable":true,"href":"https:\/\/displayproducts.eu\/fr\/wp-json\/wp\/v2\/product_brand?post=1288"},{"taxonomy":"product_cat","embeddable":true,"href":"https:\/\/displayproducts.eu\/fr\/wp-json\/wp\/v2\/product_cat?post=1288"},{"taxonomy":"product_tag","embeddable":true,"href":"https:\/\/displayproducts.eu\/fr\/wp-json\/wp\/v2\/product_tag?post=1288"}],"curies":[{"name":"wp","href":"https:\/\/api.w.org\/{rel}","templated":true}]}}