{"id":1287,"date":"2024-10-27T11:53:51","date_gmt":"2024-10-27T08:53:51","guid":{"rendered":"https:\/\/wristbandfactory.eu\/toode\/3-in-1-charging-cable-lanyards\/"},"modified":"2026-04-01T21:52:04","modified_gmt":"2026-04-01T18:52:04","slug":"sublimation-3-in-1-charging-lanyards","status":"publish","type":"product","link":"https:\/\/displayproducts.eu\/fr\/p\/sublimation-3-in-1-charging-lanyards\/","title":{"rendered":"Cordons de chargement 3 en 1 par sublimation"},"content":{"rendered":"<p>Offrez \u00e0 vos participants un objet promotionnel vraiment utile. Nos cordons porte-badges 3-en-1 avec c\u00e2ble de chargement int\u00e9gr\u00e9 combinent la fonction de porte-badge et la praticit\u00e9 d&#039;un c\u00e2ble de chargement multi-connecteurs, garantissant une visibilit\u00e9 maximale de votre marque.<\/p>\n<p>Ces cordons sont fabriqu\u00e9s en polyester r\u00e9sistant et arborent une impression par sublimation en couleur \u00e9clatante sur les deux faces, offrant ainsi une large surface pour les logos complexes et la personnalisation d&#039;\u00e9v\u00e9nements. Le c\u00e2ble int\u00e9gr\u00e9 comprend des connecteurs USB-A, Micro-B et Type-C, permettant une recharge pratique de la plupart des appareils modernes.<\/p>\n<p>Id\u00e9ales pour les conf\u00e9rences technologiques, les salons professionnels ou comme cadeau pratique pour les employ\u00e9s, ces lani\u00e8res sont con\u00e7ues pour <b>\u00c0 des fins de facturation uniquement (pas de transfert de donn\u00e9es)<\/b>. Chaque cordon est emball\u00e9 individuellement dans un sachet plastique pour faciliter la distribution et est disponible en trois longueurs diff\u00e9rentes pour r\u00e9pondre \u00e0 vos besoins sp\u00e9cifiques.<\/p>\n<p><b>Caract\u00e9ristiques principales :<\/b><\/p>\n<ul>\n<li><b>Connecteurs de charge 3 en 1\u00a0:<\/b> Il est dot\u00e9 de connecteurs USB-A, Micro-B et Type-C pour une recharge pratique (ne permet pas le transfert de donn\u00e9es).<\/li>\n<li><b>Sublimation double face :<\/b> Impression recto verso en couleur, \u00e9clatante et bord \u00e0 bord pour une visibilit\u00e9 maximale de la marque.<\/li>\n<li><b>Mati\u00e8re polyester durable :<\/b> Une sangle solide et confortable, id\u00e9ale pour les conf\u00e9rences et salons professionnels de plusieurs jours.<\/li>\n<li><b>Objet promotionnel fonctionnel :<\/b> Un cordon tr\u00e8s pratique pour les participants, garantissant une grande utilit\u00e9 et une bonne m\u00e9morisation de la marque.<\/li>\n<li><b>Pr\u00eat pour la distribution :<\/b> Chaque cordon est emball\u00e9 individuellement dans un sachet plastique et disponible en 3 longueurs diff\u00e9rentes.<\/li>\n<\/ul>","protected":false},"excerpt":{"rendered":"<ul>\n<li>Mettez en valeur votre logo gr\u00e2ce \u00e0 une sublimation recto verso en couleur \u00e9clatante.<\/li>\n<li>Il est dot\u00e9 de connecteurs de charge 3 en 1\u00a0: USB-A vers Micro-B et Type-C.<\/li>\n<li>Un objet promotionnel tr\u00e8s pratique pour les conf\u00e9rences technologiques et les salons professionnels.<\/li>\n<li>(Remarque : Con\u00e7u uniquement pour la charge, pas pour le transfert de donn\u00e9es).<\/li>\n<\/ul>","protected":false},"featured_media":6789,"comment_status":"closed","ping_status":"closed","template":"","meta":[],"product_brand":[],"product_cat":[43],"product_tag":[],"class_list":{"0":"post-1287","1":"product","2":"type-product","3":"status-publish","4":"has-post-thumbnail","6":"product_cat-lanyards","8":"first","9":"instock","10":"shipping-taxable","11":"purchasable","12":"product-type-simple"},"_links":{"self":[{"href":"https:\/\/displayproducts.eu\/fr\/wp-json\/wp\/v2\/product\/1287","targetHints":{"allow":["GET"]}}],"collection":[{"href":"https:\/\/displayproducts.eu\/fr\/wp-json\/wp\/v2\/product"}],"about":[{"href":"https:\/\/displayproducts.eu\/fr\/wp-json\/wp\/v2\/types\/product"}],"replies":[{"embeddable":true,"href":"https:\/\/displayproducts.eu\/fr\/wp-json\/wp\/v2\/comments?post=1287"}],"wp:featuredmedia":[{"embeddable":true,"href":"https:\/\/displayproducts.eu\/fr\/wp-json\/wp\/v2\/media\/6789"}],"wp:attachment":[{"href":"https:\/\/displayproducts.eu\/fr\/wp-json\/wp\/v2\/media?parent=1287"}],"wp:term":[{"taxonomy":"product_brand","embeddable":true,"href":"https:\/\/displayproducts.eu\/fr\/wp-json\/wp\/v2\/product_brand?post=1287"},{"taxonomy":"product_cat","embeddable":true,"href":"https:\/\/displayproducts.eu\/fr\/wp-json\/wp\/v2\/product_cat?post=1287"},{"taxonomy":"product_tag","embeddable":true,"href":"https:\/\/displayproducts.eu\/fr\/wp-json\/wp\/v2\/product_tag?post=1287"}],"curies":[{"name":"wp","href":"https:\/\/api.w.org\/{rel}","templated":true}]}}