{"id":1284,"date":"2024-10-27T11:53:51","date_gmt":"2024-10-27T08:53:51","guid":{"rendered":"https:\/\/wristbandfactory.eu\/toode\/3-tone-lanyards-with-pvc-badge\/"},"modified":"2026-04-01T21:52:36","modified_gmt":"2026-04-01T18:52:36","slug":"3-tone-cord-lanyards-with-pvc-badge","status":"publish","type":"product","link":"https:\/\/displayproducts.eu\/fr\/p\/3-tone-cord-lanyards-with-pvc-badge\/","title":{"rendered":"Lani\u00e8res \u00e0 cordon tricolores avec badge en PVC"},"content":{"rendered":"<div class=\"mx-12 md:mx-24 lg:mx-48\">\n<div class=\"container my-8 svelte-zlsknf\">\n<div class=\"my-24 rounded-lg border-0 border-gray-700 bg-gray-100 px-16 py-24\">\n<div class=\"mt-11 !text-gray-500\">\n<p>Cr\u00e9ez une solution d&#039;identification distinctive et tr\u00e8s visible pour votre \u00e9quipe ou les participants \u00e0 votre \u00e9v\u00e9nement gr\u00e2ce \u00e0 nos cordons tricolores. Ce cordon allie un marquage percutant \u00e0 une conception durable et pratique.<\/p>\n<p>Le cordon de 90 cm est fabriqu\u00e9 en polyester durable et peut \u00eatre enti\u00e8rement personnalis\u00e9 avec un choix de trois couleurs diff\u00e9rentes, vous permettant de l&#039;assortir parfaitement \u00e0 votre identit\u00e9 visuelle ou au th\u00e8me de votre \u00e9v\u00e9nement.<\/p>\n<p>Leur principal atout r\u00e9side dans le badge en PVC personnalis\u00e9, moul\u00e9 avec votre logo ou motif en trois couleurs maximum. Ce badge offre une alternative durable, agr\u00e9able au toucher et haut de gamme aux badges imprim\u00e9s classiques. Chaque cordon est muni d&#039;un anneau m\u00e9tallique robuste, et d&#039;autres options de fixation sont disponibles pour s&#039;adapter \u00e0 vos porte-badges ou cartes d&#039;acc\u00e8s. C&#039;est donc un excellent choix pour les employ\u00e9s d&#039;entreprise, l&#039;identification lors de salons professionnels ou les badges pour \u00e9v\u00e9nements de plusieurs jours.<\/p>\n<p><b>Caract\u00e9ristiques principales :<\/b><\/p>\n<ul>\n<li><b>Personnalisation tricolore\u00a0:<\/b> Choisissez trois couleurs pour le cordon en polyester de 90 cm afin de l&#039;assortir \u00e0 votre marque.<\/li>\n<li><b>Badge personnalis\u00e9 en PVC :<\/b> Comprend un badge en PVC moul\u00e9 sur mesure pour votre logo (jusqu&#039;\u00e0 3 couleurs).<\/li>\n<li><b>Cordon en polyester durable :<\/b> Con\u00e7u pour un usage quotidien par le personnel ou pour des \u00e9v\u00e9nements de plusieurs jours.<\/li>\n<li><b>Accessoires polyvalents\u00a0:<\/b> Livr\u00e9 de s\u00e9rie avec un anneau m\u00e9tallique, ou choisissez parmi d&#039;autres options de clip.<\/li>\n<li><b>Identifiant \u00e0 fort impact\u00a0:<\/b> Id\u00e9al pour segmenter visuellement le personnel, les VIP ou les \u00e9quipes \u00e9v\u00e9nementielles.<\/li>\n<\/ul>\n<\/div>\n<\/div>\n<\/div>\n<\/div>","protected":false},"excerpt":{"rendered":"<ul>\n<li>Comporte un cordon en polyester durable \u00e0 3 tons (choisissez 3 couleurs).<\/li>\n<li>Comprend un badge en PVC personnalis\u00e9 (jusqu&#039;\u00e0 3 couleurs) pour votre logo.<\/li>\n<li>Livr\u00e9 de s\u00e9rie avec un anneau m\u00e9tallique, d&#039;autres options de clip sont disponibles.<\/li>\n<li>Id\u00e9al pour l&#039;identification distinctive du personnel ou les laissez-passer pour les \u00e9v\u00e9nements d&#039;entreprise.<\/li>\n<\/ul>","protected":false},"featured_media":6820,"comment_status":"closed","ping_status":"closed","template":"","meta":[],"product_brand":[],"product_cat":[43],"product_tag":[],"class_list":{"0":"post-1284","1":"product","2":"type-product","3":"status-publish","4":"has-post-thumbnail","6":"product_cat-lanyards","8":"first","9":"instock","10":"shipping-taxable","11":"purchasable","12":"product-type-simple"},"_links":{"self":[{"href":"https:\/\/displayproducts.eu\/fr\/wp-json\/wp\/v2\/product\/1284","targetHints":{"allow":["GET"]}}],"collection":[{"href":"https:\/\/displayproducts.eu\/fr\/wp-json\/wp\/v2\/product"}],"about":[{"href":"https:\/\/displayproducts.eu\/fr\/wp-json\/wp\/v2\/types\/product"}],"replies":[{"embeddable":true,"href":"https:\/\/displayproducts.eu\/fr\/wp-json\/wp\/v2\/comments?post=1284"}],"wp:featuredmedia":[{"embeddable":true,"href":"https:\/\/displayproducts.eu\/fr\/wp-json\/wp\/v2\/media\/6820"}],"wp:attachment":[{"href":"https:\/\/displayproducts.eu\/fr\/wp-json\/wp\/v2\/media?parent=1284"}],"wp:term":[{"taxonomy":"product_brand","embeddable":true,"href":"https:\/\/displayproducts.eu\/fr\/wp-json\/wp\/v2\/product_brand?post=1284"},{"taxonomy":"product_cat","embeddable":true,"href":"https:\/\/displayproducts.eu\/fr\/wp-json\/wp\/v2\/product_cat?post=1284"},{"taxonomy":"product_tag","embeddable":true,"href":"https:\/\/displayproducts.eu\/fr\/wp-json\/wp\/v2\/product_tag?post=1284"}],"curies":[{"name":"wp","href":"https:\/\/api.w.org\/{rel}","templated":true}]}}