{"id":1280,"date":"2024-10-27T11:53:51","date_gmt":"2024-10-27T08:53:51","guid":{"rendered":"https:\/\/wristbandfactory.eu\/toode\/3-tone-lanyards-with-woven-label\/"},"modified":"2026-04-01T21:52:36","modified_gmt":"2026-04-01T18:52:36","slug":"3-tone-cord-lanyards-with-woven-label","status":"publish","type":"product","link":"https:\/\/displayproducts.eu\/fr\/p\/3-tone-cord-lanyards-with-woven-label\/","title":{"rendered":"Lani\u00e8res en cordon tricolores avec \u00e9tiquette tiss\u00e9e"},"content":{"rendered":"<div class=\"mx-12 md:mx-24 lg:mx-48\">\n<div class=\"container my-8 svelte-zlsknf\">\n<div class=\"my-24 rounded-lg border-0 border-gray-700 bg-gray-100 px-16 py-24\">\n<div class=\"mt-11 !text-gray-500\">\n<p>Affirmez votre identit\u00e9 visuelle avec nos cordons \u00e0 trois tons, orn\u00e9s d&#039;une \u00e9tiquette tiss\u00e9e haut de gamme. \u00c9l\u00e9gants et ultra-r\u00e9sistants, ces cordons constituent une alternative id\u00e9ale aux mod\u00e8les imprim\u00e9s classiques, parfaits pour l&#039;identification du personnel ou les conf\u00e9rences de plusieurs jours.<\/p>\n<p>La lani\u00e8re est fabriqu\u00e9e \u00e0 partir d&#039;un cordon robuste en polyester tricolore de 90 cm, enti\u00e8rement personnalisable avec trois couleurs au choix pour correspondre \u00e0 votre identit\u00e9 de marque.<\/p>\n<p>Au lieu d&#039;un badge imprim\u00e9, ce mod\u00e8le est dot\u00e9 d&#039;une \u00e9tiquette tiss\u00e9e haute d\u00e9finition solidement fix\u00e9e au cordon par un \u00e9lastique r\u00e9sistant (disponible en blanc ou noir). Cette \u00e9tiquette tiss\u00e9e peut afficher votre logo ou motif en 4 couleurs maximum, offrant une finition professionnelle et durable qui ne se d\u00e9colore pas et ne se raye pas. Chaque cordon est fourni avec un anneau m\u00e9tallique\u00a0; d&#039;autres options de fixation sont disponibles.<\/p>\n<p><b>Caract\u00e9ristiques principales :<\/b><\/p>\n<ul>\n<li><b>Cordon personnalis\u00e9 \u00e0 3 tons\u00a0:<\/b> Choisissez 3 couleurs pour le cordon en polyester de 90 cm afin de l&#039;assortir \u00e0 votre marque.<\/li>\n<li><b>\u00c9tiquette tiss\u00e9e de qualit\u00e9 sup\u00e9rieure\u00a0:<\/b> Comporte une \u00e9tiquette tiss\u00e9e haute d\u00e9finition pour votre logo (jusqu&#039;\u00e0 4 couleurs), offrant une finition haut de gamme et durable.<\/li>\n<li><b>Accessoire durable :<\/b> L&#039;\u00e9tiquette est solidement fix\u00e9e \u00e0 l&#039;aide d&#039;un \u00e9lastique blanc ou noir.<\/li>\n<li><b>Mat\u00e9riel polyvalent\u00a0:<\/b> Livr\u00e9 de s\u00e9rie avec un anneau m\u00e9tallique, d&#039;autres options de clip sont disponibles pour s&#039;adapter \u00e0 tous les porte-badges.<\/li>\n<li><b>Image de marque durable\u00a0:<\/b> Un choix id\u00e9al pour une utilisation quotidienne par le personnel ou pour l&#039;identification d&#039;\u00e9v\u00e9nements sur plusieurs jours.<\/li>\n<\/ul>\n<\/div>\n<\/div>\n<\/div>\n<\/div>","protected":false},"excerpt":{"rendered":"<ul>\n<li>Comporte un cordon en polyester durable de 90 cm (choisissez 3 couleurs personnalis\u00e9es).<\/li>\n<li>Comprend une \u00e9tiquette tiss\u00e9e de haute qualit\u00e9 pour votre logo (jusqu&#039;\u00e0 4 couleurs).<\/li>\n<li>Livr\u00e9 avec un anneau m\u00e9tallique ou d&#039;autres options de fixation pour une utilisation polyvalente.<\/li>\n<li>Id\u00e9al pour une solution de badge d&#039;entreprise ou de laissez-passer \u00e9v\u00e9nementiel durable et r\u00e9sistante.<\/li>\n<\/ul>","protected":false},"featured_media":6823,"comment_status":"closed","ping_status":"closed","template":"","meta":[],"product_brand":[],"product_cat":[43],"product_tag":[],"class_list":{"0":"post-1280","1":"product","2":"type-product","3":"status-publish","4":"has-post-thumbnail","6":"product_cat-lanyards","8":"first","9":"instock","10":"shipping-taxable","11":"purchasable","12":"product-type-simple"},"_links":{"self":[{"href":"https:\/\/displayproducts.eu\/fr\/wp-json\/wp\/v2\/product\/1280","targetHints":{"allow":["GET"]}}],"collection":[{"href":"https:\/\/displayproducts.eu\/fr\/wp-json\/wp\/v2\/product"}],"about":[{"href":"https:\/\/displayproducts.eu\/fr\/wp-json\/wp\/v2\/types\/product"}],"replies":[{"embeddable":true,"href":"https:\/\/displayproducts.eu\/fr\/wp-json\/wp\/v2\/comments?post=1280"}],"wp:featuredmedia":[{"embeddable":true,"href":"https:\/\/displayproducts.eu\/fr\/wp-json\/wp\/v2\/media\/6823"}],"wp:attachment":[{"href":"https:\/\/displayproducts.eu\/fr\/wp-json\/wp\/v2\/media?parent=1280"}],"wp:term":[{"taxonomy":"product_brand","embeddable":true,"href":"https:\/\/displayproducts.eu\/fr\/wp-json\/wp\/v2\/product_brand?post=1280"},{"taxonomy":"product_cat","embeddable":true,"href":"https:\/\/displayproducts.eu\/fr\/wp-json\/wp\/v2\/product_cat?post=1280"},{"taxonomy":"product_tag","embeddable":true,"href":"https:\/\/displayproducts.eu\/fr\/wp-json\/wp\/v2\/product_tag?post=1280"}],"curies":[{"name":"wp","href":"https:\/\/api.w.org\/{rel}","templated":true}]}}