{"id":1279,"date":"2024-10-27T11:53:51","date_gmt":"2024-10-27T08:53:51","guid":{"rendered":"https:\/\/wristbandfactory.eu\/toode\/glitter-lanyards\/"},"modified":"2026-04-01T21:52:36","modified_gmt":"2026-04-01T18:52:36","slug":"printed-glitter-lanyards-vip-gala-events","status":"publish","type":"product","link":"https:\/\/displayproducts.eu\/fr\/p\/printed-glitter-lanyards-vip-gala-events\/","title":{"rendered":"Tours de cou paillet\u00e9s personnalis\u00e9s (Glitter)"},"content":{"rendered":"<div class=\"mx-12 md:mx-24 lg:mx-48\">\n<div class=\"container my-8 svelte-zlsknf\">\n<div class=\"my-24 rounded-lg border-0 border-gray-700 bg-gray-100 px-16 py-24\">\n<div class=\"mt-11 !text-gray-500\">\n<p data-path-to-node=\"11\">Faites briller votre marque et offrez \u00e0 vos invit\u00e9s une exp\u00e9rience exclusive gr\u00e2ce \u00e0 notre <b>Lani\u00e8res \u00e0 paillettes imprim\u00e9es personnalis\u00e9es<\/b>. Ce cordon est le choix par excellence pour les remises de prix, les galas VIP, les festivals de musique et les c\u00e9l\u00e9brations d&#039;entreprise o\u00f9 les cordons standard se fondent tout sans impressionment dans le d\u00e9cor.<\/p>\n<p data-path-to-node=\"12\">La lani\u00e8re est fabriqu\u00e9e \u00e0 partir d&#039;une base en ruban de polyester r\u00e9sistant de 90 cm, recouverte d&#039;un motif distinct. <b>mat\u00e9riau \u00e0 paillettes tr\u00e8s brillant<\/b>. Cela cr\u00e9e un support unique et \u00e9clatant qui capte l&#039;\u00e9clairage du lieu et assure une visibilit\u00e9 optimale m\u00eame dans les environnements peu \u00e9clair\u00e9s. C&#039;est un outil pr\u00e9cieux pour les \u00e9quipes de s\u00e9curit\u00e9 et d&#039;accueil afin d&#039;identifier rapidement les VIP, le personnel en coulisses ou les principaux sponsors.<\/p>\n<p data-path-to-node=\"13\">Nous imprimons votre logo sur une face de la surface paillet\u00e9e en utilisant <b>correspondance pr\u00e9cise des couleurs Pantone<\/b>. En raison de la texture des paillettes, nous recommandons des logos sans impressions et bien visibles pour une lisibilit\u00e9 optimale. Chaque cordon est livr\u00e9 avec une attache robuste. <b>mousqueton m\u00e9tallique<\/b>, ce qui conf\u00e8re au produit un poids et une sensation professionnels, bien que d&#039;autres options de fixation soient disponibles pour r\u00e9pondre aux exigences sp\u00e9cifiques de votre carte d&#039;identit\u00e9.<\/p>\n<p data-path-to-node=\"14\"><b>Caract\u00e9ristiques principales :<\/b><\/p>\n<ul data-path-to-node=\"15\">\n<li>\n<p data-path-to-node=\"15,0,0\"><b>Mat\u00e9riel:<\/b> Base en polyester avec une superposition de paillettes ultra-brillantes fusionn\u00e9es.<\/p>\n<\/li>\n<li>\n<p data-path-to-node=\"15,1,0\"><b>Effet visuel :<\/b> Sa finition \u00e9tincelante offre une esth\u00e9tique haut de gamme pour les \u00e9v\u00e9nements de prestige.<\/p>\n<\/li>\n<li>\n<p data-path-to-node=\"15,2,0\"><b>Impression:<\/b> Impression s\u00e9rigraphique personnalis\u00e9e recto avec correspondance Pantone (id\u00e9ale pour les logos audacieux).<\/p>\n<\/li>\n<li>\n<p data-path-to-node=\"15,3,0\"><b>Application:<\/b> Id\u00e9al pour distinguer les invit\u00e9s VIP, les conf\u00e9renciers et le personnel lors de f\u00eates et de galas.<\/p>\n<\/li>\n<li>\n<p data-path-to-node=\"15,4,0\"><b>Mat\u00e9riel:<\/b> Comprend un mousqueton m\u00e9tallique robuste pour une r\u00e9tention s\u00e9curis\u00e9e du badge.<\/p>\n<\/li>\n<\/ul>\n<\/div>\n<\/div>\n<\/div>\n<\/div>","protected":false},"excerpt":{"rendered":"<ul>\n<li>\n<p data-path-to-node=\"9,0,0\"><b>\u00c9clat \u00e0 fort impact :<\/b> Une couche de paillettes haut de gamme cr\u00e9e un fini scintillant et accrocheur, id\u00e9al pour les \u00e9v\u00e9nements en soir\u00e9e.<\/p>\n<\/li>\n<li>\n<p data-path-to-node=\"9,1,0\"><b>Diff\u00e9renciation VIP :<\/b> Son aspect visuel distinctif permet de rep\u00e9rer instantan\u00e9ment les invit\u00e9s de marque, le personnel ou les laur\u00e9ats.<\/p>\n<\/li>\n<li>\n<p data-path-to-node=\"9,2,0\"><b>Personnalisation de la marque\u00a0:<\/b> Votre logo est s\u00e9rigraphi\u00e9 en une seule couleur (Pantone assortie) directement sur la surface paillet\u00e9e.<\/p>\n<\/li>\n<li>\n<p data-path-to-node=\"9,3,0\"><b>Confort durable :<\/b> Construite sur une base robuste en polyester de 90 cm, elle garantit une grande durabilit\u00e9 sans compromettre le style.<\/p>\n<\/li>\n<\/ul>","protected":false},"featured_media":6741,"comment_status":"closed","ping_status":"closed","template":"","meta":[],"product_brand":[],"product_cat":[104],"product_tag":[],"class_list":{"0":"post-1279","1":"product","2":"type-product","3":"status-publish","4":"has-post-thumbnail","6":"product_cat-custom-printed-lanyards","8":"first","9":"instock","10":"shipping-taxable","11":"purchasable","12":"product-type-simple"},"_links":{"self":[{"href":"https:\/\/displayproducts.eu\/fr\/wp-json\/wp\/v2\/product\/1279","targetHints":{"allow":["GET"]}}],"collection":[{"href":"https:\/\/displayproducts.eu\/fr\/wp-json\/wp\/v2\/product"}],"about":[{"href":"https:\/\/displayproducts.eu\/fr\/wp-json\/wp\/v2\/types\/product"}],"replies":[{"embeddable":true,"href":"https:\/\/displayproducts.eu\/fr\/wp-json\/wp\/v2\/comments?post=1279"}],"wp:featuredmedia":[{"embeddable":true,"href":"https:\/\/displayproducts.eu\/fr\/wp-json\/wp\/v2\/media\/6741"}],"wp:attachment":[{"href":"https:\/\/displayproducts.eu\/fr\/wp-json\/wp\/v2\/media?parent=1279"}],"wp:term":[{"taxonomy":"product_brand","embeddable":true,"href":"https:\/\/displayproducts.eu\/fr\/wp-json\/wp\/v2\/product_brand?post=1279"},{"taxonomy":"product_cat","embeddable":true,"href":"https:\/\/displayproducts.eu\/fr\/wp-json\/wp\/v2\/product_cat?post=1279"},{"taxonomy":"product_tag","embeddable":true,"href":"https:\/\/displayproducts.eu\/fr\/wp-json\/wp\/v2\/product_tag?post=1279"}],"curies":[{"name":"wp","href":"https:\/\/api.w.org\/{rel}","templated":true}]}}