{"id":1276,"date":"2024-10-27T11:53:51","date_gmt":"2024-10-27T08:53:51","guid":{"rendered":"https:\/\/wristbandfactory.eu\/toode\/round-lanyard-with-domed-slider\/"},"modified":"2026-04-01T21:52:36","modified_gmt":"2026-04-01T18:52:36","slug":"round-cord-lanyards-with-dome-logo-slider-epoxy-3d","status":"publish","type":"product","link":"https:\/\/displayproducts.eu\/fr\/p\/round-cord-lanyards-with-dome-logo-slider-epoxy-3d\/","title":{"rendered":"Lani\u00e8res rondes avec curseur logo en forme de d\u00f4me (\u00e9poxy 3D)"},"content":{"rendered":"<div class=\"mx-12 md:mx-24 lg:mx-48\">\n<div class=\"container my-8 svelte-zlsknf\">\n<div class=\"my-24 rounded-lg border-0 border-gray-700 bg-gray-100 px-16 py-24\">\n<div class=\"mt-11 !text-gray-500\">\n<p data-path-to-node=\"7\">Offrez une solution \u00e9l\u00e9gante, moderne et haut de gamme pour afficher votre identit\u00e9 gr\u00e2ce \u00e0 nos cordons ronds avec curseur logo en forme de d\u00f4me. Ce design minimaliste est pl\u00e9biscit\u00e9 par les entreprises technologiques, les startups et les organisateurs de conf\u00e9rences prestigieuses qui souhaitent se d\u00e9marquer des cordons traditionnels larges et imposants.<\/p>\n<p data-path-to-node=\"8\"><b>L\u2019avantage du \u201c d\u00f4me \u201d<\/b> La caract\u00e9ristique phare de ce produit est le curseur de marque. Contrairement \u00e0 l&#039;impression \u00e0 plat classique, votre logo est recouvert d&#039;une couche de r\u00e9sine \u00e9poxy transparente (effet de d\u00f4me). Cela cr\u00e9e un effet loupe. <b>Effet 3D<\/b> Cela intensifie les couleurs et conf\u00e8re \u00e0 votre logo une finition haut de gamme, digne d&#039;un bijou. La r\u00e9sine le prot\u00e8ge \u00e9galement des rayures, de la d\u00e9coloration et des d\u00e9g\u00e2ts d&#039;eau, garantissant ainsi une image impeccable pour votre marque, m\u00eame apr\u00e8s une utilisation prolong\u00e9e.<\/p>\n<p data-path-to-node=\"9\"><b>Confort et durabilit\u00e9<\/b> Fabriqu\u00e9e en cordon polyester r\u00e9sistant (environ 5 mm d&#039;\u00e9paisseur), cette lani\u00e8re est l\u00e9g\u00e8re et confortable \u00e0 porter autour du cou. Elle est fournie avec un mousqueton m\u00e9tallique de haute qualit\u00e9 pour accrocher en toute s\u00e9curit\u00e9 badges d&#039;identification, cl\u00e9s ou porte-cl\u00e9s. Le bo\u00eetier du mousqueton est noir de s\u00e9rie, mais nous pouvons le r\u00e9aliser aux couleurs de votre marque pour les commandes importantes, afin de garantir une parfaite harmonie avec votre identit\u00e9 visuelle.<\/p>\n<p data-path-to-node=\"10\"><b>Caract\u00e9ristiques principales :<\/b><\/p>\n<ul data-path-to-node=\"11\">\n<li>\n<p data-path-to-node=\"11,0,0\"><b>Glissi\u00e8re en d\u00f4me \u00e9poxy :<\/b> La zone de marquage recouverte de r\u00e9sine cr\u00e9e un aspect 3D haut de gamme et r\u00e9sistant aux rayures.<\/p>\n<\/li>\n<li>\n<p data-path-to-node=\"11,1,0\"><b>Cordon rond en polyester :<\/b> Une alternative durable et confortable aux cordons plats.<\/p>\n<\/li>\n<li>\n<p data-path-to-node=\"11,2,0\"><b>Image de marque dynamique :<\/b> Id\u00e9al pour les logos color\u00e9s qui doivent se d\u00e9marquer.<\/p>\n<\/li>\n<li>\n<p data-path-to-node=\"11,3,0\"><b>Mousqueton en m\u00e9tal :<\/b> Un clip robuste assure une fixation s\u00e9curis\u00e9e des badges et des cl\u00e9s.<\/p>\n<\/li>\n<li>\n<p data-path-to-node=\"11,4,0\"><b>Esth\u00e9tique professionnelle :<\/b> Un design minimaliste adapt\u00e9 aux VIP et au personnel d&#039;entreprise.<\/p>\n<\/li>\n<\/ul>\n<\/div>\n<\/div>\n<\/div>\n<\/div>","protected":false},"excerpt":{"rendered":"<ul>\n<li>\n<p data-path-to-node=\"6,0,0\"><b>Image de marque haut de gamme\u00a0:<\/b> Le disque coulissant avec logo est dot\u00e9 d&#039;un rev\u00eatement en r\u00e9sine \u00e9poxy transparente (effet bomb\u00e9) pour un effet 3D.<\/p>\n<\/li>\n<li>\n<p data-path-to-node=\"6,1,0\"><b>Impression en couleur :<\/b> Permet d&#039;obtenir des logos \u00e9clatants et d\u00e9taill\u00e9s, prot\u00e9g\u00e9s des rayures et de la d\u00e9coloration.<\/p>\n<\/li>\n<li>\n<p data-path-to-node=\"6,2,0\"><b>Design \u00e9l\u00e9gant :<\/b> Un cordon rond en polyester de 90 cm offre une alternative moderne et minimaliste aux rubans plats.<\/p>\n<\/li>\n<li>\n<p data-path-to-node=\"6,3,0\"><b>Fixation s\u00e9curis\u00e9e\u00a0:<\/b> Livr\u00e9 de s\u00e9rie avec un mousqueton m\u00e9tallique robuste pour les cartes d&#039;identit\u00e9.<\/p>\n<\/li>\n<li><\/li>\n<\/ul>","protected":false},"featured_media":6765,"comment_status":"closed","ping_status":"closed","template":"","meta":[],"product_brand":[],"product_cat":[43,125,104],"product_tag":[],"class_list":{"0":"post-1276","1":"product","2":"type-product","3":"status-publish","4":"has-post-thumbnail","6":"product_cat-lanyards","7":"product_cat-cord-lanyards","8":"product_cat-custom-printed-lanyards","10":"first","11":"instock","12":"shipping-taxable","13":"purchasable","14":"product-type-simple"},"_links":{"self":[{"href":"https:\/\/displayproducts.eu\/fr\/wp-json\/wp\/v2\/product\/1276","targetHints":{"allow":["GET"]}}],"collection":[{"href":"https:\/\/displayproducts.eu\/fr\/wp-json\/wp\/v2\/product"}],"about":[{"href":"https:\/\/displayproducts.eu\/fr\/wp-json\/wp\/v2\/types\/product"}],"replies":[{"embeddable":true,"href":"https:\/\/displayproducts.eu\/fr\/wp-json\/wp\/v2\/comments?post=1276"}],"wp:featuredmedia":[{"embeddable":true,"href":"https:\/\/displayproducts.eu\/fr\/wp-json\/wp\/v2\/media\/6765"}],"wp:attachment":[{"href":"https:\/\/displayproducts.eu\/fr\/wp-json\/wp\/v2\/media?parent=1276"}],"wp:term":[{"taxonomy":"product_brand","embeddable":true,"href":"https:\/\/displayproducts.eu\/fr\/wp-json\/wp\/v2\/product_brand?post=1276"},{"taxonomy":"product_cat","embeddable":true,"href":"https:\/\/displayproducts.eu\/fr\/wp-json\/wp\/v2\/product_cat?post=1276"},{"taxonomy":"product_tag","embeddable":true,"href":"https:\/\/displayproducts.eu\/fr\/wp-json\/wp\/v2\/product_tag?post=1276"}],"curies":[{"name":"wp","href":"https:\/\/api.w.org\/{rel}","templated":true}]}}