{"id":1275,"date":"2024-10-27T11:53:51","date_gmt":"2024-10-27T08:53:51","guid":{"rendered":"https:\/\/wristbandfactory.eu\/toode\/reflective-lanyards\/"},"modified":"2026-04-01T21:52:36","modified_gmt":"2026-04-01T18:52:36","slug":"printed-reflective-lanyards","status":"publish","type":"product","link":"https:\/\/displayproducts.eu\/fr\/p\/printed-reflective-lanyards\/","title":{"rendered":"Lani\u00e8res r\u00e9fl\u00e9chissantes imprim\u00e9es"},"content":{"rendered":"<div class=\"mx-12 md:mx-24 lg:mx-48\">\n<div class=\"container my-8 svelte-zlsknf\">\n<div class=\"my-24 rounded-lg border-0 border-gray-700 bg-gray-100 px-16 py-24\">\n<div class=\"mt-11 !text-gray-500\">\n<p>Optimisez la s\u00e9curit\u00e9 et la visibilit\u00e9 de votre \u00e9quipe gr\u00e2ce \u00e0 notre <b>Lani\u00e8res r\u00e9fl\u00e9chissantes imprim\u00e9es<\/b>. Ce produit est un outil essentiel pour toute organisation exigeant une grande visibilit\u00e9 de son personnel, par exemple lors d&#039;\u00e9v\u00e9nements en soir\u00e9e, sur des chantiers de construction ou dans le secteur de la logistique.<\/p>\n<p>Cette lani\u00e8re de 90 cm est fabriqu\u00e9e \u00e0 partir d&#039;un ruban en polyester r\u00e9sistant, recouvert ensuite d&#039;un <b>couche r\u00e9fl\u00e9chissante grise<\/b>. Cette surcouche int\u00e9grale offre une surface maximale pour capter la lumi\u00e8re dans l&#039;obscurit\u00e9, rendant ainsi la personne qui la porte tr\u00e8s visible.<\/p>\n<p>Le logo de votre organisation est ensuite imprim\u00e9 directement sur cette surface r\u00e9fl\u00e9chissante dans vos couleurs Pantone sp\u00e9cifiques. Ainsi, votre image de marque est claire et professionnelle, tout en pr\u00e9servant la fonction premi\u00e8re de s\u00e9curit\u00e9 du cordon. Chaque cordon est fourni avec un mousqueton m\u00e9tallique permettant d&#039;attacher en toute s\u00e9curit\u00e9 les badges d&#039;identification ou les cartes d&#039;acc\u00e8s.<\/p>\n<p><b>Caract\u00e9ristiques principales :<\/b><\/p>\n<ul>\n<li><b>Rev\u00eatement r\u00e9fl\u00e9chissant int\u00e9gral :<\/b> Comporte une couche r\u00e9fl\u00e9chissante grise pour une visibilit\u00e9 \u00e0 360 degr\u00e9s dans des conditions de faible luminosit\u00e9.<\/li>\n<li><b>Impression personnalis\u00e9e recto :<\/b> Votre logo est imprim\u00e9 directement sur la surface r\u00e9fl\u00e9chissante avec une correspondance de couleurs Pantone.<\/li>\n<li><b>Base en polyester durable :<\/b> Un ruban en polyester de 90 cm offre une base solide et confortable.<\/li>\n<li><b>S\u00e9curit\u00e9 renforc\u00e9e :<\/b> Id\u00e9al pour le personnel, les \u00e9v\u00e9nements en soir\u00e9e ou tout environnement n\u00e9cessitant une grande visibilit\u00e9.<\/li>\n<li><b>Mousqueton m\u00e9tallique standard :<\/b> Comprend un mousqueton m\u00e9tallique s\u00e9curis\u00e9 (autres options de clip disponibles).<\/li>\n<\/ul>\n<p>&nbsp;<\/p>\n<\/div>\n<\/div>\n<\/div>\n<\/div>","protected":false},"excerpt":{"rendered":"<ul>\n<li>Comporte une bande r\u00e9fl\u00e9chissante grise sur toute la largeur pour une visibilit\u00e9 maximale.<\/li>\n<li>Impression personnalis\u00e9e sur une face avec votre logo assorti aux couleurs Pantone.<\/li>\n<li>Id\u00e9al pour le personnel \u00e9v\u00e9nementiel, les chantiers de construction ou les programmes de s\u00e9curit\u00e9 en entreprise.<\/li>\n<li>Sangle r\u00e9sistante en polyester de 90 cm avec mousqueton en m\u00e9tal.<\/li>\n<\/ul>","protected":false},"featured_media":6750,"comment_status":"closed","ping_status":"closed","template":"","meta":[],"product_brand":[],"product_cat":[43,109],"product_tag":[],"class_list":{"0":"post-1275","1":"product","2":"type-product","3":"status-publish","4":"has-post-thumbnail","6":"product_cat-lanyards","7":"product_cat-reflective-lanyards","9":"first","10":"instock","11":"shipping-taxable","12":"purchasable","13":"product-type-simple"},"_links":{"self":[{"href":"https:\/\/displayproducts.eu\/fr\/wp-json\/wp\/v2\/product\/1275","targetHints":{"allow":["GET"]}}],"collection":[{"href":"https:\/\/displayproducts.eu\/fr\/wp-json\/wp\/v2\/product"}],"about":[{"href":"https:\/\/displayproducts.eu\/fr\/wp-json\/wp\/v2\/types\/product"}],"replies":[{"embeddable":true,"href":"https:\/\/displayproducts.eu\/fr\/wp-json\/wp\/v2\/comments?post=1275"}],"wp:featuredmedia":[{"embeddable":true,"href":"https:\/\/displayproducts.eu\/fr\/wp-json\/wp\/v2\/media\/6750"}],"wp:attachment":[{"href":"https:\/\/displayproducts.eu\/fr\/wp-json\/wp\/v2\/media?parent=1275"}],"wp:term":[{"taxonomy":"product_brand","embeddable":true,"href":"https:\/\/displayproducts.eu\/fr\/wp-json\/wp\/v2\/product_brand?post=1275"},{"taxonomy":"product_cat","embeddable":true,"href":"https:\/\/displayproducts.eu\/fr\/wp-json\/wp\/v2\/product_cat?post=1275"},{"taxonomy":"product_tag","embeddable":true,"href":"https:\/\/displayproducts.eu\/fr\/wp-json\/wp\/v2\/product_tag?post=1275"}],"curies":[{"name":"wp","href":"https:\/\/api.w.org\/{rel}","templated":true}]}}