{"id":1272,"date":"2024-10-27T11:53:51","date_gmt":"2024-10-27T08:53:51","guid":{"rendered":"https:\/\/wristbandfactory.eu\/toode\/flat-polyester-lanyards-with-metal-bottle-opener\/"},"modified":"2026-04-01T21:52:04","modified_gmt":"2026-04-01T18:52:04","slug":"polyester-lanyards-with-bottle-opener","status":"publish","type":"product","link":"https:\/\/displayproducts.eu\/fr\/p\/polyester-lanyards-with-bottle-opener\/","title":{"rendered":"Lani\u00e8res en polyester avec ouvre-bouteille"},"content":{"rendered":"<div class=\"mx-12 md:mx-24 lg:mx-48\">\n<div class=\"container my-8 svelte-zlsknf\">\n<div class=\"my-24 rounded-lg border-0 border-gray-700 bg-gray-100 px-16 py-24\">\n<div class=\"mt-11 !text-gray-500\">\n<p>Alliez visibilit\u00e9 de marque et praticit\u00e9 avec nos cordons en polyester dot\u00e9s d&#039;un d\u00e9capsuleur int\u00e9gr\u00e9. Ce cordon multifonctionnel est un excellent outil promotionnel pour les festivals, les \u00e9v\u00e9nements d&#039;accueil, les salons professionnels et les soir\u00e9es d&#039;entreprise, assurant ainsi une visibilit\u00e9 optimale de votre marque.<\/p>\n<p>Confectionn\u00e9 en polyester r\u00e9sistant de 90 cm, ce ruban offre une large surface lisse pour votre logo. Nous pouvons imprimer votre motif avec une correspondance pr\u00e9cise des couleurs Pantone sur une ou deux faces.<\/p>\n<p>Ce cordon est con\u00e7u pour une fonctionnalit\u00e9 optimale. Il comprend un d\u00e9capsuleur en m\u00e9tal robuste et un mousqueton en m\u00e9tal s\u00e9par\u00e9, permettant aux participants d&#039;afficher leur badge d&#039;identification tout en ayant un outil pratique \u00e0 port\u00e9e de main. C&#039;est un cadeau publicitaire m\u00e9morable et efficace que les clients et les participants conserveront et utiliseront.<\/p>\n<p><b>Caract\u00e9ristiques principales :<\/b><\/p>\n<ul>\n<li><b>Ouvre-bouteille int\u00e9gr\u00e9\u00a0:<\/b> Comprend un ouvre-bouteille en m\u00e9tal int\u00e9gr\u00e9 et r\u00e9sistant, pour un article promotionnel tr\u00e8s pratique.<\/li>\n<li><b>Double fixation :<\/b> Il est fourni avec un ouvre-bouteille et un mousqueton en m\u00e9tal, permettant une utilisation simultan\u00e9e comme porte-cartes d&#039;identit\u00e9.<\/li>\n<li><b>Bracelet en polyester personnalis\u00e9\u00a0:<\/b> Bracelet r\u00e9sistant de 90 cm, imprim\u00e9 sur mesure avec votre logo assorti aux couleurs Pantone.<\/li>\n<li><b>Impression recto ou recto verso\u00a0:<\/b> Choisissez entre l&#039;impression recto ou recto verso pour une visibilit\u00e9 maximale de votre marque.<\/li>\n<li><b>Cadeau id\u00e9al pour un \u00e9v\u00e9nement :<\/b> Un article tr\u00e8s pratique et m\u00e9morable pour les festivals, les salons professionnels et les \u00e9v\u00e9nements d&#039;entreprise.<\/li>\n<\/ul>\n<\/div>\n<\/div>\n<\/div>\n<\/div>","protected":false},"excerpt":{"rendered":"<ul>\n<li>Comporte un ouvre-bouteille m\u00e9tallique int\u00e9gr\u00e9 et fonctionnel pour une utilisation optimale.<\/li>\n<li>Bracelet en polyester r\u00e9sistant de 90 cm, imprim\u00e9 sur mesure avec votre logo.<\/li>\n<li>Impression du logo Pantone disponible sur une ou deux faces.<\/li>\n<li>Comprend un mousqueton m\u00e9tallique s\u00e9par\u00e9 pour les badges d&#039;identification ou les cl\u00e9s.<\/li>\n<\/ul>","protected":false},"featured_media":6724,"comment_status":"closed","ping_status":"closed","template":"","meta":[],"product_brand":[],"product_cat":[43,108],"product_tag":[],"class_list":{"0":"post-1272","1":"product","2":"type-product","3":"status-publish","4":"has-post-thumbnail","6":"product_cat-lanyards","7":"product_cat-multifunctional-lanyards","9":"first","10":"instock","11":"shipping-taxable","12":"purchasable","13":"product-type-simple"},"_links":{"self":[{"href":"https:\/\/displayproducts.eu\/fr\/wp-json\/wp\/v2\/product\/1272","targetHints":{"allow":["GET"]}}],"collection":[{"href":"https:\/\/displayproducts.eu\/fr\/wp-json\/wp\/v2\/product"}],"about":[{"href":"https:\/\/displayproducts.eu\/fr\/wp-json\/wp\/v2\/types\/product"}],"replies":[{"embeddable":true,"href":"https:\/\/displayproducts.eu\/fr\/wp-json\/wp\/v2\/comments?post=1272"}],"wp:featuredmedia":[{"embeddable":true,"href":"https:\/\/displayproducts.eu\/fr\/wp-json\/wp\/v2\/media\/6724"}],"wp:attachment":[{"href":"https:\/\/displayproducts.eu\/fr\/wp-json\/wp\/v2\/media?parent=1272"}],"wp:term":[{"taxonomy":"product_brand","embeddable":true,"href":"https:\/\/displayproducts.eu\/fr\/wp-json\/wp\/v2\/product_brand?post=1272"},{"taxonomy":"product_cat","embeddable":true,"href":"https:\/\/displayproducts.eu\/fr\/wp-json\/wp\/v2\/product_cat?post=1272"},{"taxonomy":"product_tag","embeddable":true,"href":"https:\/\/displayproducts.eu\/fr\/wp-json\/wp\/v2\/product_tag?post=1272"}],"curies":[{"name":"wp","href":"https:\/\/api.w.org\/{rel}","templated":true}]}}