{"id":1271,"date":"2024-10-27T11:53:52","date_gmt":"2024-10-27T08:53:52","guid":{"rendered":"https:\/\/wristbandfactory.eu\/toode\/fine-polyester-lanyards-with-metallic-foil-stamped-design\/"},"modified":"2026-04-01T21:52:36","modified_gmt":"2026-04-01T18:52:36","slug":"metallic-foil-printed-lanyards-premium-vip-branding","status":"publish","type":"product","link":"https:\/\/displayproducts.eu\/fr\/p\/metallic-foil-printed-lanyards-premium-vip-branding\/","title":{"rendered":"Tours de cou avec marquage \u00e0 chaud m\u00e9tallique (Or\/Argent)"},"content":{"rendered":"<div class=\"mx-12 md:mx-24 lg:mx-48\">\n<div class=\"container my-8 svelte-zlsknf\">\n<div class=\"my-24 rounded-lg border-0 border-gray-700 bg-gray-100 px-16 py-24\">\n<div class=\"mt-11 !text-gray-500\">\n<p data-path-to-node=\"11\">Valorisez votre image de marque et distinguez vos clients les plus importants gr\u00e2ce \u00e0 notre <b>Cordons imprim\u00e9s en feuille m\u00e9tallique<\/b>. Con\u00e7ues sp\u00e9cifiquement pour les \u00e9v\u00e9nements prestigieux, les remises de prix et le contr\u00f4le d&#039;acc\u00e8s VIP, ces lani\u00e8res offrent un niveau de sophistication que la s\u00e9rigraphie standard ne peut \u00e9galer.<\/p>\n<p data-path-to-node=\"12\">La caract\u00e9ristique principale de ce produit est le <b>proc\u00e9d\u00e9 d&#039;estampage \u00e0 la feuille m\u00e9tallique<\/b>. Au lieu d&#039;encre traditionnelle, nous imprimons votre logo directement sur le ruban par pressage \u00e0 chaud avec des feuilles m\u00e9talliques \u00e9clatantes (g\u00e9n\u00e9ralement or ou argent). Le r\u00e9sultat est une finition nette et hautement r\u00e9fl\u00e9chissante qui scintille sous l&#039;\u00e9clairage de l&#039;\u00e9v\u00e9nement, attirant imm\u00e9diatement l&#039;attention sur votre marque. C&#039;est la solution id\u00e9ale pour le classement. <b>Invit\u00e9s VIP, sponsors et personnel de l&#039;\u00e9v\u00e9nement<\/b> qui ont besoin de se d\u00e9marquer de la foule.<\/p>\n<p data-path-to-node=\"13\">Fabriqu\u00e9 \u00e0 partir d&#039;un <b>polyester fin de haute qualit\u00e9<\/b>, La lani\u00e8re est exceptionnellement douce et lisse, assurant un confort optimal tout au long de la journ\u00e9e, m\u00eame avec une tenue habill\u00e9e. Chaque unit\u00e9 est livr\u00e9e de s\u00e9rie avec un bracelet fiable. <b>mousqueton m\u00e9tallique<\/b>, renfor\u00e7ant ainsi l&#039;aspect et la sensation haut de gamme, c&#039;est le choix id\u00e9al pour les organisateurs \u00e0 la recherche d&#039;une solution d&#039;identification v\u00e9ritablement luxueuse.<\/p>\n<p data-path-to-node=\"14\"><b>Caract\u00e9ristiques principales :<\/b><\/p>\n<ul data-path-to-node=\"15\">\n<li>\n<p data-path-to-node=\"15,0,0\"><b>M\u00e9thode d&#039;impression :<\/b> Le marquage \u00e0 chaud m\u00e9tallis\u00e9 haut de gamme cr\u00e9e une finition de logo brillante, r\u00e9fl\u00e9chissante et luxueuse.<\/p>\n<\/li>\n<li>\n<p data-path-to-node=\"15,1,0\"><b>Mat\u00e9riel:<\/b> Le polyester lisse \u00e0 tissage fin offre un toucher sup\u00e9rieur aux cordons c\u00f4tel\u00e9s standard.<\/p>\n<\/li>\n<li>\n<p data-path-to-node=\"15,2,0\"><b>Public cible :<\/b> Id\u00e9al pour les VIP, les dirigeants d&#039;entreprise, les sponsors de haut niveau et les galas en soir\u00e9e.<\/p>\n<\/li>\n<li>\n<p data-path-to-node=\"15,3,0\"><b>Impact visuel :<\/b> L&#039;impression r\u00e9fl\u00e9chissante garantit que le logo est visible et attire l&#039;attention m\u00eame dans des lieux peu \u00e9clair\u00e9s.<\/p>\n<\/li>\n<\/ul>\n<\/div>\n<\/div>\n<\/div>\n<\/div>","protected":false},"excerpt":{"rendered":"<ul>\n<li>\n<p data-path-to-node=\"9,0,0\"><b>Finition exclusive :<\/b> Le marquage \u00e0 chaud m\u00e9tallis\u00e9 haut de gamme (or, argent, etc.) cr\u00e9e un superbe effet r\u00e9fl\u00e9chissant pour le logo.<\/p>\n<\/li>\n<li>\n<p data-path-to-node=\"9,1,0\"><b>Appel VIP :<\/b> Le choix id\u00e9al pour les sponsors, les conf\u00e9renciers et les invit\u00e9s VIP qui n\u00e9cessitent une identification distinctive.<\/p>\n<\/li>\n<li>\n<p data-path-to-node=\"9,2,0\"><b>Mat\u00e9riau de qualit\u00e9 sup\u00e9rieure :<\/b> Confectionn\u00e9 en polyester lisse \u00e0 tissage fin, offrant une sensation luxueuse et confortable sur la peau.<\/p>\n<\/li>\n<li>\n<p data-path-to-node=\"9,3,0\"><b>Haute visibilit\u00e9 :<\/b> L&#039;imprim\u00e9 chatoyant capte la lumi\u00e8re, assurant ainsi que votre marque se d\u00e9marque quelles que soient les conditions d&#039;\u00e9clairage.<\/p>\n<\/li>\n<li><\/li>\n<\/ul>","protected":false},"featured_media":6716,"comment_status":"closed","ping_status":"closed","template":"","meta":[],"product_brand":[],"product_cat":[43,104],"product_tag":[],"class_list":{"0":"post-1271","1":"product","2":"type-product","3":"status-publish","4":"has-post-thumbnail","6":"product_cat-lanyards","7":"product_cat-custom-printed-lanyards","9":"first","10":"instock","11":"shipping-taxable","12":"purchasable","13":"product-type-simple"},"_links":{"self":[{"href":"https:\/\/displayproducts.eu\/fr\/wp-json\/wp\/v2\/product\/1271","targetHints":{"allow":["GET"]}}],"collection":[{"href":"https:\/\/displayproducts.eu\/fr\/wp-json\/wp\/v2\/product"}],"about":[{"href":"https:\/\/displayproducts.eu\/fr\/wp-json\/wp\/v2\/types\/product"}],"replies":[{"embeddable":true,"href":"https:\/\/displayproducts.eu\/fr\/wp-json\/wp\/v2\/comments?post=1271"}],"wp:featuredmedia":[{"embeddable":true,"href":"https:\/\/displayproducts.eu\/fr\/wp-json\/wp\/v2\/media\/6716"}],"wp:attachment":[{"href":"https:\/\/displayproducts.eu\/fr\/wp-json\/wp\/v2\/media?parent=1271"}],"wp:term":[{"taxonomy":"product_brand","embeddable":true,"href":"https:\/\/displayproducts.eu\/fr\/wp-json\/wp\/v2\/product_brand?post=1271"},{"taxonomy":"product_cat","embeddable":true,"href":"https:\/\/displayproducts.eu\/fr\/wp-json\/wp\/v2\/product_cat?post=1271"},{"taxonomy":"product_tag","embeddable":true,"href":"https:\/\/displayproducts.eu\/fr\/wp-json\/wp\/v2\/product_tag?post=1271"}],"curies":[{"name":"wp","href":"https:\/\/api.w.org\/{rel}","templated":true}]}}