{"id":1268,"date":"2024-10-27T11:53:52","date_gmt":"2024-10-27T08:53:52","guid":{"rendered":"https:\/\/wristbandfactory.eu\/toode\/lanyards-with-reflective-threads\/"},"modified":"2026-04-01T21:52:36","modified_gmt":"2026-04-01T18:52:36","slug":"lanyards-with-reflective-threads","status":"publish","type":"product","link":"https:\/\/displayproducts.eu\/fr\/p\/lanyards-with-reflective-threads\/","title":{"rendered":"Cordons avec fils r\u00e9fl\u00e9chissants"},"content":{"rendered":"<div class=\"mx-12 md:mx-24 lg:mx-48\">\n<div class=\"container my-8 svelte-zlsknf\">\n<div class=\"my-24 rounded-lg border-0 border-gray-700 bg-gray-100 px-16 py-24\">\n<div class=\"mt-11 !text-gray-500\">\n<p>Am\u00e9liorez la s\u00e9curit\u00e9 et la visibilit\u00e9 de votre \u00e9quipe lors d&#039;\u00e9v\u00e9nements en soir\u00e9e, sur les chantiers ou lors de manifestations d&#039;entreprise gr\u00e2ce \u00e0 notre <b>Lani\u00e8res avec fils r\u00e9fl\u00e9chissants<\/b>. Cette lani\u00e8re est con\u00e7ue avec expertise pour allier un marquage percutant \u00e0 une fonction de s\u00e9curit\u00e9 essentielle.<\/p>\n<p>Chaque cordon de 90 cm est fabriqu\u00e9 en polyester r\u00e9sistant. Contrairement aux cordons enti\u00e8rement r\u00e9fl\u00e9chissants, ce mod\u00e8le est dot\u00e9 de\u2026 <b>fils r\u00e9fl\u00e9chissants tiss\u00e9s directement dans le mat\u00e9riau du ruban<\/b>. Ces fils captent la lumi\u00e8re dans l&#039;obscurit\u00e9 ou en cas de faible luminosit\u00e9, rendant ainsi la personne qui porte le cordon beaucoup plus visible sans compromettre le confort ni l&#039;aspect professionnel de celui-ci.<\/p>\n<p>La lani\u00e8re en polyester offre une excellente surface pour le marquage. Nous pouvons imprimer votre logo ou message sur une ou deux faces, avec une correspondance pr\u00e9cise des couleurs Pantone. Chaque lani\u00e8re est fournie avec un mousqueton m\u00e9tallique robuste, ce qui en fait une solution pratique pour accrocher badges d&#039;identification, cl\u00e9s ou cartes d&#039;acc\u00e8s.<\/p>\n<p><b>Caract\u00e9ristiques principales :<\/b><\/p>\n<ul>\n<li><b>Fils r\u00e9fl\u00e9chissants tiss\u00e9s\u00a0:<\/b> Des fils sont tiss\u00e9s directement dans le polyester pour une visibilit\u00e9 optimale par faible luminosit\u00e9.<\/li>\n<li><b>Impression Pantone personnalis\u00e9e\u00a0:<\/b> Votre logo est imprim\u00e9 sur une ou deux faces avec une correspondance pr\u00e9cise des couleurs Pantone.<\/li>\n<li><b>Bracelet en polyester durable :<\/b> Le bracelet de 90 cm est confortable et con\u00e7u pour un usage quotidien en entreprise ou lors d&#039;\u00e9v\u00e9nements.<\/li>\n<li><b>S\u00e9curit\u00e9 renforc\u00e9e :<\/b> Id\u00e9al pour le personnel, les \u00e9v\u00e9nements en soir\u00e9e ou tout environnement o\u00f9 une grande visibilit\u00e9 est primordiale.<\/li>\n<li><b>Mousqueton m\u00e9tallique standard :<\/b> Comprend un mousqueton m\u00e9tallique s\u00e9curis\u00e9, d&#039;autres options de clip sont disponibles.<\/li>\n<\/ul>\n<\/div>\n<\/div>\n<\/div>\n<\/div>","protected":false},"excerpt":{"rendered":"<ul>\n<li>Comporte des fils r\u00e9fl\u00e9chissants haute visibilit\u00e9 tiss\u00e9s directement dans la sangle en polyester.<\/li>\n<li>Id\u00e9al pour am\u00e9liorer la s\u00e9curit\u00e9 du personnel et des participants lors d&#039;\u00e9v\u00e9nements en soir\u00e9e.<\/li>\n<li>Impression personnalis\u00e9e de votre logo Pantone sur une ou deux faces.<\/li>\n<li>Sangle r\u00e9sistante de 90 cm avec mousqueton m\u00e9tallique standard.<\/li>\n<\/ul>","protected":false},"featured_media":6719,"comment_status":"closed","ping_status":"closed","template":"","meta":[],"product_brand":[],"product_cat":[43,109],"product_tag":[],"class_list":{"0":"post-1268","1":"product","2":"type-product","3":"status-publish","4":"has-post-thumbnail","6":"product_cat-lanyards","7":"product_cat-reflective-lanyards","9":"first","10":"instock","11":"shipping-taxable","12":"purchasable","13":"product-type-simple"},"_links":{"self":[{"href":"https:\/\/displayproducts.eu\/fr\/wp-json\/wp\/v2\/product\/1268","targetHints":{"allow":["GET"]}}],"collection":[{"href":"https:\/\/displayproducts.eu\/fr\/wp-json\/wp\/v2\/product"}],"about":[{"href":"https:\/\/displayproducts.eu\/fr\/wp-json\/wp\/v2\/types\/product"}],"replies":[{"embeddable":true,"href":"https:\/\/displayproducts.eu\/fr\/wp-json\/wp\/v2\/comments?post=1268"}],"wp:featuredmedia":[{"embeddable":true,"href":"https:\/\/displayproducts.eu\/fr\/wp-json\/wp\/v2\/media\/6719"}],"wp:attachment":[{"href":"https:\/\/displayproducts.eu\/fr\/wp-json\/wp\/v2\/media?parent=1268"}],"wp:term":[{"taxonomy":"product_brand","embeddable":true,"href":"https:\/\/displayproducts.eu\/fr\/wp-json\/wp\/v2\/product_brand?post=1268"},{"taxonomy":"product_cat","embeddable":true,"href":"https:\/\/displayproducts.eu\/fr\/wp-json\/wp\/v2\/product_cat?post=1268"},{"taxonomy":"product_tag","embeddable":true,"href":"https:\/\/displayproducts.eu\/fr\/wp-json\/wp\/v2\/product_tag?post=1268"}],"curies":[{"name":"wp","href":"https:\/\/api.w.org\/{rel}","templated":true}]}}