{"id":1267,"date":"2024-10-27T11:53:52","date_gmt":"2024-10-27T08:53:52","guid":{"rendered":"https:\/\/wristbandfactory.eu\/toode\/bamboo-lanyards\/"},"modified":"2026-04-01T21:52:36","modified_gmt":"2026-04-01T18:52:36","slug":"printed-bamboo-lanyards","status":"publish","type":"product","link":"https:\/\/displayproducts.eu\/fr\/p\/printed-bamboo-lanyards\/","title":{"rendered":"Tours de cou en bambou imprim\u00e9s (\u00c9cologique)"},"content":{"rendered":"<div class=\"mx-12 md:mx-24 lg:mx-48\">\n<div class=\"container my-8 svelte-zlsknf\">\n<div class=\"my-24 rounded-lg border-0 border-gray-700 bg-gray-100 px-16 py-24\">\n<div class=\"mt-11 !text-gray-500\">\n<p data-path-to-node=\"11\">Faites un choix r\u00e9solument durable pour votre prochain \u00e9v\u00e9nement ou r\u00e9union d&#039;entreprise avec notre <b>Cordons en bambou imprim\u00e9s<\/b>. Alors que les organisations se tournent de plus en plus vers des solutions sans plastique, le bambou se distingue non seulement par ses atouts environnementaux, mais aussi par sa qualit\u00e9 et son toucher sup\u00e9rieurs.<\/p>\n<p data-path-to-node=\"12\">Fabriqu\u00e9s \u00e0 partir de fibres de bambou naturelles et biod\u00e9gradables, ces cordons offrent une exp\u00e9rience tactile unique. Contrairement \u00e0 certains mat\u00e9riaux recycl\u00e9s qui peuvent \u00eatre r\u00eaches, le bambou est naturellement lisse, respirant et antibact\u00e9rien, ce qui en fait le choix id\u00e9al pour le confort des employ\u00e9s et des participants qui portent leur badge d&#039;identification toute la journ\u00e9e. Il conf\u00e8re une allure \u00e9co-responsable haut de gamme qui valorise votre marque.<\/p>\n<p data-path-to-node=\"13\">Nous proposons <b>s\u00e9rigraphie personnalis\u00e9e<\/b> sur la surface en bambou, permettant une reproduction nette et pr\u00e9cise du logo selon vos sp\u00e9cifications exactes. <b>Couleurs de la marque Pantone<\/b>. Que vous ayez besoin d&#039;un marquage recto ou d&#039;une visibilit\u00e9 recto verso, le r\u00e9sultat est une finition professionnelle sur un support naturel. D&#039;une longueur d&#039;environ 90 cm, elles r\u00e9pondent aux normes du secteur pour un usage professionnel.<\/p>\n<p data-path-to-node=\"14\">Personnalisez votre commande pour r\u00e9pondre aux exigences de s\u00e9curit\u00e9 et de fonctionnalit\u00e9 : tout en assurant une robustesse <b>mousqueton m\u00e9tallique<\/b> c&#039;est standard, nous pouvons \u00e9quiper ces cordons avec <b>clips de s\u00e9curit\u00e9 d\u00e9tachables<\/b> (essentiel pour les \u00e9coles et les h\u00f4pitaux) ou autres accessoires sp\u00e9cialis\u00e9s sur demande.<\/p>\n<p data-path-to-node=\"15\"><b>Caract\u00e9ristiques principales :<\/b><\/p>\n<ul data-path-to-node=\"16\">\n<li>\n<p data-path-to-node=\"16,0,0\"><b>Mat\u00e9riel:<\/b> 100% Fibre de bambou durable (biod\u00e9gradable).<\/p>\n<\/li>\n<li>\n<p data-path-to-node=\"16,1,0\"><b>Sensation tactile :<\/b> Exceptionnellement doux, lisse et hypoallerg\u00e9nique.<\/p>\n<\/li>\n<li>\n<p data-path-to-node=\"16,2,0\"><b>Impression:<\/b> Impression s\u00e9rigraphique avec correspondance des couleurs Pantone.<\/p>\n<\/li>\n<li>\n<p data-path-to-node=\"16,3,0\"><b>Certification \u00e9cologique :<\/b> Issu d&#039;une source rapidement renouvelable et sans pesticides.<\/p>\n<\/li>\n<li>\n<p data-path-to-node=\"16,4,0\"><b>Mat\u00e9riel:<\/b> Mousqueton m\u00e9tallique robuste inclus ; syst\u00e8me de s\u00e9curit\u00e9 \u00e0 rupture en option.<\/p>\n<\/li>\n<li>\n<p data-path-to-node=\"16,5,0\"><b>Durabilit\u00e9:<\/b> Les fibres naturelles robustes r\u00e9sistent \u00e0 l&#039;usure lors d&#039;\u00e9v\u00e9nements de plusieurs jours.<\/p>\n<\/li>\n<\/ul>\n<\/div>\n<\/div>\n<\/div>\n<\/div>","protected":false},"excerpt":{"rendered":"<ul>\n<li>\n<p data-path-to-node=\"9,0,0\"><b>Rapidement renouvelable :<\/b> Fabriqu\u00e9 \u00e0 partir de fibres de bambou durables, l&#039;une des plantes \u00e0 la croissance la plus rapide au monde, ce produit offre une faible empreinte carbone.<\/p>\n<\/li>\n<li>\n<p data-path-to-node=\"9,1,0\"><b>Douceur sup\u00e9rieure :<\/b> Le tissu en bambou est naturellement hypoallerg\u00e9nique et plus doux que le coton ou le polyester, assurant un confort maximal.<\/p>\n<\/li>\n<li>\n<p data-path-to-node=\"9,2,0\"><b>Personnalisation de la marque\u00a0:<\/b> Votre logo est s\u00e9rigraphi\u00e9 dans des couleurs Pantone pr\u00e9cises, sur une ou deux faces.<\/p>\n<\/li>\n<li>\n<p data-path-to-node=\"9,3,0\"><b>Mat\u00e9riel polyvalent\u00a0:<\/b> Livr\u00e9 de s\u00e9rie avec un mousqueton m\u00e9tallique\u00a0; clips de s\u00e9curit\u00e9 d\u00e9tachables en option pour plus de conformit\u00e9.<\/p>\n<\/li>\n<\/ul>","protected":false},"featured_media":6725,"comment_status":"closed","ping_status":"closed","template":"","meta":[],"product_brand":[],"product_cat":[104,106,107],"product_tag":[],"class_list":{"0":"post-1267","1":"product","2":"type-product","3":"status-publish","4":"has-post-thumbnail","6":"product_cat-custom-printed-lanyards","7":"product_cat-breakaway-lanyards","8":"product_cat-eco-friendly-lanyards","10":"first","11":"instock","12":"shipping-taxable","13":"purchasable","14":"product-type-simple"},"_links":{"self":[{"href":"https:\/\/displayproducts.eu\/fr\/wp-json\/wp\/v2\/product\/1267","targetHints":{"allow":["GET"]}}],"collection":[{"href":"https:\/\/displayproducts.eu\/fr\/wp-json\/wp\/v2\/product"}],"about":[{"href":"https:\/\/displayproducts.eu\/fr\/wp-json\/wp\/v2\/types\/product"}],"replies":[{"embeddable":true,"href":"https:\/\/displayproducts.eu\/fr\/wp-json\/wp\/v2\/comments?post=1267"}],"wp:featuredmedia":[{"embeddable":true,"href":"https:\/\/displayproducts.eu\/fr\/wp-json\/wp\/v2\/media\/6725"}],"wp:attachment":[{"href":"https:\/\/displayproducts.eu\/fr\/wp-json\/wp\/v2\/media?parent=1267"}],"wp:term":[{"taxonomy":"product_brand","embeddable":true,"href":"https:\/\/displayproducts.eu\/fr\/wp-json\/wp\/v2\/product_brand?post=1267"},{"taxonomy":"product_cat","embeddable":true,"href":"https:\/\/displayproducts.eu\/fr\/wp-json\/wp\/v2\/product_cat?post=1267"},{"taxonomy":"product_tag","embeddable":true,"href":"https:\/\/displayproducts.eu\/fr\/wp-json\/wp\/v2\/product_tag?post=1267"}],"curies":[{"name":"wp","href":"https:\/\/api.w.org\/{rel}","templated":true}]}}