{"id":1264,"date":"2024-10-27T11:53:52","date_gmt":"2024-10-27T08:53:52","guid":{"rendered":"https:\/\/wristbandfactory.eu\/toode\/satin-lanyards-with-1-sided-sublimated-logo-design\/"},"modified":"2026-04-01T21:52:36","modified_gmt":"2026-04-01T18:52:36","slug":"sublimation-satin-lanyards","status":"publish","type":"product","link":"https:\/\/displayproducts.eu\/fr\/p\/sublimation-satin-lanyards\/","title":{"rendered":"Tours de cou satin\u00e9s \u00e0 sublimation (Quadrichromie)"},"content":{"rendered":"<p data-path-to-node=\"11\">Mettez en valeur votre marque avec une palette de couleurs illimit\u00e9e et des d\u00e9tails photor\u00e9alistes gr\u00e2ce \u00e0 notre <b>Lani\u00e8res en satin sublim\u00e9<\/b>. Ce produit fait le lien entre luxe et technologie, offrant le choix id\u00e9al pour les organisations poss\u00e9dant des logos complexes, des d\u00e9grad\u00e9s \u00e9clatants ou des images d\u00e9taill\u00e9es qui exigent une pr\u00e9sentation haut de gamme.<\/p>\n<p data-path-to-node=\"12\">Confectionn\u00e9 \u00e0 partir d&#039;un tissu de qualit\u00e9 sup\u00e9rieure <b>ruban de satin blanc<\/b> D&#039;une longueur d&#039;environ 90 cm, ces cordons offrent une surface lisse et brillante d&#039;un toucher exceptionnel. Contrairement au polyester c\u00f4tel\u00e9 standard, la surface satin\u00e9e refl\u00e8te la lumi\u00e8re, conf\u00e9rant \u00e0 votre logo un \u00e9clat sophistiqu\u00e9. Fabriqu\u00e9s avec des technologies de pointe, ils sont con\u00e7us pour durer. <b>impression par sublimation thermique<\/b>, Votre visuel est imprim\u00e9 directement sur le tissu, sur une seule face. Ce proc\u00e9d\u00e9 garantit une finition brillante et r\u00e9sistante \u00e0 la d\u00e9coloration, sans craquelures ni d\u00e9collement, ce qui en fait une solution id\u00e9ale pour les \u00e9v\u00e9nements d&#039;entreprise de plusieurs jours, les acc\u00e8s VIP et les salons professionnels.<\/p>\n<p data-path-to-node=\"13\"><i>Note de production :<\/i> Ces cordons sont imprim\u00e9s par sublimation sur une seule face. De par la nature du proc\u00e9d\u00e9 et du mat\u00e9riau, le motif sera l\u00e9g\u00e8rement visible au verso.<\/p>\n<p data-path-to-node=\"14\">Chaque cordon est livr\u00e9 de s\u00e9rie avec une lani\u00e8re r\u00e9sistante <b>mousqueton m\u00e9tallique<\/b>, ce qui renforce l&#039;impression de qualit\u00e9. D&#039;autres options de clips sont disponibles pour r\u00e9pondre aux besoins sp\u00e9cifiques de votre badge d&#039;identification ou de votre carte d&#039;acc\u00e8s.<\/p>\n<p data-path-to-node=\"15\"><b>Caract\u00e9ristiques principales :<\/b><\/p>\n<ul data-path-to-node=\"16\">\n<li>\n<p data-path-to-node=\"16,0,0\"><b>Sublimation en couleur :<\/b> Offre un niveau de d\u00e9tail photor\u00e9aliste pour les logos, d\u00e9grad\u00e9s et images complexes.<\/p>\n<\/li>\n<li>\n<p data-path-to-node=\"16,1,0\"><b>Mati\u00e8re satin\u00e9e de qualit\u00e9 sup\u00e9rieure :<\/b> Une surface lisse et brillante pour une apparence et un toucher luxueux.<\/p>\n<\/li>\n<li>\n<p data-path-to-node=\"16,2,0\"><b>R\u00e9sistant \u00e0 la d\u00e9coloration :<\/b> La technologie d&#039;infusion de colorant garantit une impression \u00e9clatante sans craquelures.<\/p>\n<\/li>\n<li>\n<p data-path-to-node=\"16,3,0\"><b>Confort:<\/b> Sa texture satin\u00e9e douce est id\u00e9ale pour \u00eatre port\u00e9e toute la journ\u00e9e sans irritation.<\/p>\n<\/li>\n<li>\n<p data-path-to-node=\"16,4,0\"><b>Mat\u00e9riel:<\/b> Comprend un mousqueton en m\u00e9tal r\u00e9sistant ; accessoires personnalis\u00e9s disponibles sur demande.<\/p>\n<\/li>\n<li>\n<p data-path-to-node=\"16,5,0\"><b>Production:<\/b> Production rapide bas\u00e9e dans l&#039;UE disponible pour les commandes en gros (MOQ 100)<\/p>\n<\/li>\n<\/ul>","protected":false},"excerpt":{"rendered":"<ul>\n<li>\n<p data-path-to-node=\"9,0,0\"><b>Texture premium :<\/b> Le ruban de satin lisse et brillant offre un toucher luxueux, sup\u00e9rieur au polyester standard.<\/p>\n<\/li>\n<li>\n<p data-path-to-node=\"9,1,0\"><b>Impression photor\u00e9aliste :<\/b> La sublimation thermique avanc\u00e9e permet une reproduction illimit\u00e9e des couleurs, des d\u00e9grad\u00e9s et des images complexes.<\/p>\n<\/li>\n<li>\n<p data-path-to-node=\"9,2,0\"><b>Finition durable :<\/b> L&#039;encre est directement impr\u00e9gn\u00e9e dans les fibres du tissu, ce qui garantit que le motif ne craquera pas, ne s&#039;\u00e9caillera pas et ne se d\u00e9colorera pas.<\/p>\n<\/li>\n<li>\n<p data-path-to-node=\"9,3,0\"><b>Pr\u00eat pour les VIP :<\/b> L&#039;alliance parfaite du confort et de l&#039;esth\u00e9tique pour les \u00e9v\u00e9nements d&#039;entreprise haut de gamme et les acc\u00e8s exclusifs.<\/p>\n<\/li>\n<\/ul>","protected":false},"featured_media":6797,"comment_status":"closed","ping_status":"closed","template":"","meta":[],"product_brand":[],"product_cat":[104,106],"product_tag":[],"class_list":{"0":"post-1264","1":"product","2":"type-product","3":"status-publish","4":"has-post-thumbnail","6":"product_cat-custom-printed-lanyards","7":"product_cat-breakaway-lanyards","9":"first","10":"instock","11":"shipping-taxable","12":"purchasable","13":"product-type-simple"},"_links":{"self":[{"href":"https:\/\/displayproducts.eu\/fr\/wp-json\/wp\/v2\/product\/1264","targetHints":{"allow":["GET"]}}],"collection":[{"href":"https:\/\/displayproducts.eu\/fr\/wp-json\/wp\/v2\/product"}],"about":[{"href":"https:\/\/displayproducts.eu\/fr\/wp-json\/wp\/v2\/types\/product"}],"replies":[{"embeddable":true,"href":"https:\/\/displayproducts.eu\/fr\/wp-json\/wp\/v2\/comments?post=1264"}],"wp:featuredmedia":[{"embeddable":true,"href":"https:\/\/displayproducts.eu\/fr\/wp-json\/wp\/v2\/media\/6797"}],"wp:attachment":[{"href":"https:\/\/displayproducts.eu\/fr\/wp-json\/wp\/v2\/media?parent=1264"}],"wp:term":[{"taxonomy":"product_brand","embeddable":true,"href":"https:\/\/displayproducts.eu\/fr\/wp-json\/wp\/v2\/product_brand?post=1264"},{"taxonomy":"product_cat","embeddable":true,"href":"https:\/\/displayproducts.eu\/fr\/wp-json\/wp\/v2\/product_cat?post=1264"},{"taxonomy":"product_tag","embeddable":true,"href":"https:\/\/displayproducts.eu\/fr\/wp-json\/wp\/v2\/product_tag?post=1264"}],"curies":[{"name":"wp","href":"https:\/\/api.w.org\/{rel}","templated":true}]}}