{"id":1263,"date":"2024-10-27T11:53:52","date_gmt":"2024-10-27T08:53:52","guid":{"rendered":"https:\/\/wristbandfactory.eu\/toode\/3d-printed-lanyards\/"},"modified":"2026-04-01T21:52:36","modified_gmt":"2026-04-01T18:52:36","slug":"3d-printed-lanyards-raised-silicone-logo","status":"publish","type":"product","link":"https:\/\/displayproducts.eu\/fr\/p\/3d-printed-lanyards-raised-silicone-logo\/","title":{"rendered":"Tours de cou impression 3D (logo en relief)"},"content":{"rendered":"<div class=\"mx-12 md:mx-24 lg:mx-48\">\n<div class=\"container my-8 svelte-zlsknf\">\n<div class=\"my-24 rounded-lg border-0 border-gray-700 bg-gray-100 px-16 py-24\">\n<div class=\"mt-11 !text-gray-500\">\n<p data-path-to-node=\"11\">Rehaussez votre image de marque gr\u00e2ce \u00e0 notre <b>Lani\u00e8res imprim\u00e9es en 3D<\/b>, une solution d&#039;identification haut de gamme con\u00e7ue pour marquer les esprits. D\u00e9passant les techniques d&#039;impression classiques, ce cordon innovant applique votre logo comme un <b>couche de silicone sur\u00e9lev\u00e9e \u00e0 haute densit\u00e9<\/b>. Cela cr\u00e9e une finition tactile distinctive qui ajoute de la profondeur et un sentiment d&#039;exclusivit\u00e9 \u00e0 votre marque, ce qui en fait le choix id\u00e9al pour les \u00e9v\u00e9nements VIP, les conf\u00e9rences technologiques et une utilisation en entreprise de haut niveau.<\/p>\n<p data-path-to-node=\"12\">La lani\u00e8re de 90 cm est fabriqu\u00e9e en polyester robuste de haute qualit\u00e9, garantissant une grande durabilit\u00e9 pour un usage quotidien. Nous imprimons votre design personnalis\u00e9 sur une face de la lani\u00e8re, offrant une grande pr\u00e9cision. <b>Correspondance des couleurs Pantone<\/b> ou en quadrichromie pour que votre logo se d\u00e9marque avec un effet architectural moderne. Contrairement aux impressions traditionnelles qui peuvent s&#039;user, la texture en silicone en relief est r\u00e9sistante et conserve son aspect haut de gamme au fil du temps.<\/p>\n<p data-path-to-node=\"13\">Chaque unit\u00e9 est fournie avec un solide <b>mousqueton m\u00e9tallique<\/b> Ce cordon, con\u00e7u de s\u00e9rie, renforce l&#039;impression de qualit\u00e9 sup\u00e9rieure du produit. Qu&#039;il serve \u00e0 ranger des cartes d&#039;acc\u00e8s s\u00e9curis\u00e9es ou des trousseaux de cl\u00e9s robustes, il allie r\u00e9sistance et esth\u00e9tique, offrant un toucher agr\u00e9able et un design unique qui met en valeur votre marque.<\/p>\n<p data-path-to-node=\"14\"><b>Caract\u00e9ristiques principales :<\/b><\/p>\n<ul data-path-to-node=\"15\">\n<li>\n<p data-path-to-node=\"15,0,0\"><b>Technologie 3D en relief\u00a0:<\/b> Les logos sont imprim\u00e9s en silicone haute densit\u00e9 pour un effet tactile et \u201c en relief \u201d.<\/p>\n<\/li>\n<li>\n<p data-path-to-node=\"15,1,0\"><b>Visuels de qualit\u00e9 sup\u00e9rieure\u00a0:<\/b> Ajoute de la profondeur et une touche de luxe, id\u00e9al pour distinguer les VIP ou le personnel.<\/p>\n<\/li>\n<li>\n<p data-path-to-node=\"15,2,0\"><b>Personnalisation:<\/b> Correspondance Pantone compl\u00e8te disponible pour la couche d&#039;impression en relief.<\/p>\n<\/li>\n<li>\n<p data-path-to-node=\"15,3,0\"><b>Durabilit\u00e9:<\/b> Le bracelet en polyester et l&#039;impression en silicone sont con\u00e7us pour une utilisation quotidienne \u00e0 long terme.<\/p>\n<\/li>\n<li>\n<p data-path-to-node=\"15,4,0\"><b>Mat\u00e9riel:<\/b> Comprend un mousqueton m\u00e9tallique robuste ; autres accessoires disponibles sur demande.<\/p>\n<\/li>\n<\/ul>\n<\/div>\n<\/div>\n<\/div>\n<\/div>","protected":false},"excerpt":{"rendered":"<ul>\n<li>\n<p data-path-to-node=\"9,0,0\"><b>Image de marque tactile\u00a0:<\/b> L&#039;impression haute densit\u00e9 innovante cr\u00e9e un logo en relief, avec un effet 3D perceptible au toucher.<\/p>\n<\/li>\n<li>\n<p data-path-to-node=\"9,1,0\"><b>Esth\u00e9tique haut de gamme :<\/b> Offre un aspect sophistiqu\u00e9 et moderne, sup\u00e9rieur \u00e0 l&#039;impression s\u00e9rigraphique standard.<\/p>\n<\/li>\n<li>\n<p data-path-to-node=\"9,2,0\"><b>Finition durable :<\/b> L&#039;impression 3D \u00e0 base de silicone est tr\u00e8s r\u00e9sistante \u00e0 l&#039;usure, au lavage et \u00e0 la d\u00e9coloration.<\/p>\n<\/li>\n<li>\n<p data-path-to-node=\"9,3,0\"><b>Identit\u00e9 d&#039;entreprise :<\/b> Disponible avec des couleurs assorties \u00e0 Pantone sur un bracelet en polyester r\u00e9sistant de 90 cm.<\/p>\n<\/li>\n<li><\/li>\n<\/ul>","protected":false},"featured_media":6826,"comment_status":"closed","ping_status":"closed","template":"","meta":[],"product_brand":[],"product_cat":[104],"product_tag":[],"class_list":{"0":"post-1263","1":"product","2":"type-product","3":"status-publish","4":"has-post-thumbnail","6":"product_cat-custom-printed-lanyards","8":"first","9":"instock","10":"shipping-taxable","11":"purchasable","12":"product-type-simple"},"_links":{"self":[{"href":"https:\/\/displayproducts.eu\/fr\/wp-json\/wp\/v2\/product\/1263","targetHints":{"allow":["GET"]}}],"collection":[{"href":"https:\/\/displayproducts.eu\/fr\/wp-json\/wp\/v2\/product"}],"about":[{"href":"https:\/\/displayproducts.eu\/fr\/wp-json\/wp\/v2\/types\/product"}],"replies":[{"embeddable":true,"href":"https:\/\/displayproducts.eu\/fr\/wp-json\/wp\/v2\/comments?post=1263"}],"wp:featuredmedia":[{"embeddable":true,"href":"https:\/\/displayproducts.eu\/fr\/wp-json\/wp\/v2\/media\/6826"}],"wp:attachment":[{"href":"https:\/\/displayproducts.eu\/fr\/wp-json\/wp\/v2\/media?parent=1263"}],"wp:term":[{"taxonomy":"product_brand","embeddable":true,"href":"https:\/\/displayproducts.eu\/fr\/wp-json\/wp\/v2\/product_brand?post=1263"},{"taxonomy":"product_cat","embeddable":true,"href":"https:\/\/displayproducts.eu\/fr\/wp-json\/wp\/v2\/product_cat?post=1263"},{"taxonomy":"product_tag","embeddable":true,"href":"https:\/\/displayproducts.eu\/fr\/wp-json\/wp\/v2\/product_tag?post=1263"}],"curies":[{"name":"wp","href":"https:\/\/api.w.org\/{rel}","templated":true}]}}