{"id":1259,"date":"2024-10-27T11:54:13","date_gmt":"2024-10-27T08:54:13","guid":{"rendered":"https:\/\/wristbandfactory.eu\/toode\/recycled-pet-sublimation-lanyards\/"},"modified":"2026-04-01T21:52:36","modified_gmt":"2026-04-01T18:52:36","slug":"eco-friendly-rpet-lanyards-full-color-sublimation","status":"publish","type":"product","link":"https:\/\/displayproducts.eu\/fr\/p\/eco-friendly-rpet-lanyards-full-color-sublimation\/","title":{"rendered":"Tours de cou \u00e9cologiques en rPET (sublimation)"},"content":{"rendered":"<div class=\"mx-12 md:mx-24 lg:mx-48\">\n<div class=\"container my-8 svelte-zlsknf\">\n<div class=\"my-24 rounded-lg border-0 border-gray-700 bg-gray-100 px-16 py-24\">\n<div class=\"mt-11 !text-gray-500\">\n<p data-path-to-node=\"11\">D\u00e9montrez l&#039;engagement de votre marque en mati\u00e8re de d\u00e9veloppement durable sans sacrifier une identit\u00e9 visuelle percutante. <b>Lani\u00e8res de sublimation \u00e9cologiques en rPET<\/b> sont le choix de pr\u00e9dilection des organisations soucieuses de l&#039;environnement, des conf\u00e9rences \u00e9cologiques et des festivals qui cherchent \u00e0 r\u00e9duire leur empreinte carbone.<\/p>\n<p data-path-to-node=\"12\"><span data-path-to-node=\"12,1\"><span class=\"citation-171\">Fabriqu\u00e9s \u00e0 partir de PET recycl\u00e9 100% (rPET), ces cordons transforment les d\u00e9chets plastiques post-consommation en un ruban textile durable et de haute qualit\u00e9.<\/span><\/span><span data-path-to-node=\"12,3\">. Malgr\u00e9 son origine recycl\u00e9e, ce mat\u00e9riau pr\u00e9sente un tissage remarquablement fin qui offre une surface lisse et de qualit\u00e9 sup\u00e9rieure. Cette surface est sp\u00e9cialement con\u00e7ue pour <b>impression par sublimation thermique<\/b>, Cette technique permet de r\u00e9aliser des motifs photor\u00e9alistes exceptionnels sur une ou deux faces. Contrairement \u00e0 la s\u00e9rigraphie, la sublimation teinte directement les fibres du tissu, garantissant ainsi que les logos complexes, les images d\u00e9taill\u00e9es et les d\u00e9grad\u00e9s \u00e9clatants ne se fissureront pas, ne se d\u00e9coloreront pas et ne s&#039;\u00e9cailleront pas avec le temps.<\/span><\/p>\n<p data-path-to-node=\"13\"><span data-path-to-node=\"13,1\"><span class=\"citation-170\">Chaque cordon est fourni avec un cordon durable <\/span><b><span class=\"citation-170\">mousqueton m\u00e9tallique<\/span><\/b><span class=\"citation-170\"> En standard, un syst\u00e8me de fixation s\u00e9curis\u00e9 pour les cartes d&#039;identit\u00e9 et les laissez-passer est pr\u00e9vu.<\/span><\/span><span data-path-to-node=\"13,3\">. <\/span><span data-path-to-node=\"13,5\"><span class=\"citation-169\">Pour les environnements d&#039;entreprise ou les \u00e9v\u00e9nements de grande envergure o\u00f9 le respect des normes de sant\u00e9 et de s\u00e9curit\u00e9 est une priorit\u00e9, nous recommandons fortement d&#039;ajouter l&#039;option <\/span><b><span class=\"citation-169\">clip de s\u00e9curit\u00e9 d\u00e9tachable<\/span><\/b><\/span><span data-path-to-node=\"13,7\">, qui lib\u00e8re la lani\u00e8re si on tire dessus avec force.<\/span><\/p>\n<p data-path-to-node=\"14\"><b>Caract\u00e9ristiques principales :<\/b><\/p>\n<ul data-path-to-node=\"15\">\n<li>\n<p data-path-to-node=\"15,0,0\"><b>Mat\u00e9riau \u00e9cologique :<\/b> Fabriqu\u00e9 \u00e0 partir de PET recycl\u00e9 100% (rPET) d\u00e9riv\u00e9 de plastiques post-consommation.<\/p>\n<\/li>\n<li>\n<p data-path-to-node=\"15,1,0\"><b>Sublimation en couleur :<\/b> Permet d&#039;obtenir des graphismes \u00e9clatants, r\u00e9sistants \u00e0 la d\u00e9coloration et photor\u00e9alistes sur 1 ou 2 faces.<\/p>\n<\/li>\n<li>\n<p data-path-to-node=\"15,2,0\"><b>Coupe confortable :<\/b> Bracelet de 90 cm de longueur avec une finition douce pour un confort optimal tout au long de la journ\u00e9e.<\/p>\n<\/li>\n<li>\n<p data-path-to-node=\"15,3,0\"><b>Options de s\u00e9curit\u00e9 :<\/b> Clip de s\u00e9curit\u00e9 d\u00e9tachable en option pour une s\u00e9curit\u00e9 accrue de l&#039;utilisateur dans les environnements actifs.<\/p>\n<\/li>\n<li>\n<p data-path-to-node=\"15,4,0\"><b>Mat\u00e9riel polyvalent\u00a0:<\/b> Livr\u00e9 avec un mousqueton m\u00e9tallique robuste ; d&#039;autres mod\u00e8les de mousquetons sont disponibles sur demande.<\/p>\n<\/li>\n<\/ul>\n<\/div>\n<\/div>\n<\/div>\n<\/div>","protected":false},"excerpt":{"rendered":"<ul>\n<li>\n<p data-path-to-node=\"9,0,0\"><b>Durabilit\u00e9 certifi\u00e9e\u00a0:<\/b> Fabriqu\u00e9 \u00e0 partir de 1001 bouteilles en plastique recycl\u00e9es TP4T (rPET), r\u00e9duisant ainsi l&#039;impact environnemental.<\/p>\n<\/li>\n<li>\n<p data-path-to-node=\"9,1,0\"><b>Image de marque haute d\u00e9finition\u00a0:<\/b> Sa surface lisse permet une impression par sublimation en couleur bord \u00e0 bord.<\/p>\n<\/li>\n<li>\n<p data-path-to-node=\"9,2,0\"><b>Conceptions complexes\u00a0:<\/b> Parfait pour les logos complexes, les d\u00e9grad\u00e9s et les images photographiques.<\/p>\n<\/li>\n<li>\n<p data-path-to-node=\"9,3,0\"><b>S\u00e9curit\u00e9 et utilit\u00e9 :<\/b> Comprend un mousqueton m\u00e9tallique standard\u00a0; un syst\u00e8me de s\u00e9curit\u00e9 \u00e0 rupture en option est disponible pour la conformit\u00e9.<\/p>\n<\/li>\n<li><\/li>\n<\/ul>","protected":false},"featured_media":6833,"comment_status":"closed","ping_status":"closed","template":"","meta":[],"product_brand":[],"product_cat":[43,104,106],"product_tag":[],"class_list":{"0":"post-1259","1":"product","2":"type-product","3":"status-publish","4":"has-post-thumbnail","6":"product_cat-lanyards","7":"product_cat-custom-printed-lanyards","8":"product_cat-breakaway-lanyards","10":"first","11":"instock","12":"shipping-taxable","13":"purchasable","14":"product-type-simple"},"_links":{"self":[{"href":"https:\/\/displayproducts.eu\/fr\/wp-json\/wp\/v2\/product\/1259","targetHints":{"allow":["GET"]}}],"collection":[{"href":"https:\/\/displayproducts.eu\/fr\/wp-json\/wp\/v2\/product"}],"about":[{"href":"https:\/\/displayproducts.eu\/fr\/wp-json\/wp\/v2\/types\/product"}],"replies":[{"embeddable":true,"href":"https:\/\/displayproducts.eu\/fr\/wp-json\/wp\/v2\/comments?post=1259"}],"wp:featuredmedia":[{"embeddable":true,"href":"https:\/\/displayproducts.eu\/fr\/wp-json\/wp\/v2\/media\/6833"}],"wp:attachment":[{"href":"https:\/\/displayproducts.eu\/fr\/wp-json\/wp\/v2\/media?parent=1259"}],"wp:term":[{"taxonomy":"product_brand","embeddable":true,"href":"https:\/\/displayproducts.eu\/fr\/wp-json\/wp\/v2\/product_brand?post=1259"},{"taxonomy":"product_cat","embeddable":true,"href":"https:\/\/displayproducts.eu\/fr\/wp-json\/wp\/v2\/product_cat?post=1259"},{"taxonomy":"product_tag","embeddable":true,"href":"https:\/\/displayproducts.eu\/fr\/wp-json\/wp\/v2\/product_tag?post=1259"}],"curies":[{"name":"wp","href":"https:\/\/api.w.org\/{rel}","templated":true}]}}