{"id":1256,"date":"2024-10-27T11:54:13","date_gmt":"2024-10-27T08:54:13","guid":{"rendered":"https:\/\/wristbandfactory.eu\/toode\/cork-lanyards\/"},"modified":"2026-04-01T21:52:36","modified_gmt":"2026-04-01T18:52:36","slug":"printed-cork-lanyards","status":"publish","type":"product","link":"https:\/\/displayproducts.eu\/fr\/p\/printed-cork-lanyards\/","title":{"rendered":"Tours de cou en li\u00e8ge imprim\u00e9s (Naturel)"},"content":{"rendered":"<div class=\"mx-12 md:mx-24 lg:mx-48\">\n<div class=\"container my-8 svelte-zlsknf\">\n<div class=\"my-24 rounded-lg border-0 border-gray-700 bg-gray-100 px-16 py-24\">\n<div class=\"mt-11 !text-gray-500\">\n<p data-path-to-node=\"11\">Affirmez votre style avec responsabilit\u00e9 lors de votre prochain congr\u00e8s ou salon professionnel gr\u00e2ce \u00e0 notre <b>Lani\u00e8res en li\u00e8ge imprim\u00e9es<\/b>. Cette lani\u00e8re est la solution id\u00e9ale pour les organisations soucieuses de l&#039;environnement qui cherchent \u00e0 allier mat\u00e9riaux durables et image de marque professionnelle, offrant une alternative sophistiqu\u00e9e aux fibres synth\u00e9tiques.<\/p>\n<p data-path-to-node=\"12\">Fabriqu\u00e9 \u00e0 partir de <b>li\u00e8ge v\u00e9ritable et naturel<\/b>, Cette lani\u00e8re de 90 cm offre une sensation unique et haut de gamme, imm\u00e9diatement reconnaissable. Fabriqu\u00e9e \u00e0 partir de l&#039;\u00e9corce du ch\u00eane-li\u00e8ge sans endommager l&#039;arbre, elle constitue une ressource v\u00e9ritablement renouvelable. Outre ses qualit\u00e9s \u00e9cologiques, le li\u00e8ge est naturellement durable, r\u00e9sistant \u00e0 l&#039;eau et hypoallerg\u00e9nique, garantissant un confort optimal au quotidien.<\/p>\n<p data-path-to-node=\"13\">Nous pouvons <b>impression personnalis\u00e9e de votre logo<\/b> sur un ou deux c\u00f4t\u00e9s de la sangle. Bien que le li\u00e8ge poss\u00e8de une texture naturelle, notre proc\u00e9d\u00e9 de s\u00e9rigraphie avanc\u00e9 garantit que votre motif reste lisible et que ses couleurs restent fid\u00e8les (gr\u00e2ce \u00e0 <b>Correspondance Pantone<\/b>La couleur beige naturel du li\u00e8ge offre un fond neutre et \u00e9l\u00e9gant qui met en valeur les logos fonc\u00e9s. Chaque cordon est fourni avec un cordon fiable. <b>mousqueton m\u00e9tallique<\/b>, permettant une fixation s\u00e9curis\u00e9e pour les laissez-passer ou les badges d&#039;identification.<\/p>\n<p data-path-to-node=\"14\"><b>Caract\u00e9ristiques principales :<\/b><\/p>\n<ul data-path-to-node=\"15\">\n<li>\n<p data-path-to-node=\"15,0,0\"><b>Mat\u00e9riel:<\/b> V\u00e9ritable li\u00e8ge naturel (renouvelable et biod\u00e9gradable).<\/p>\n<\/li>\n<li>\n<p data-path-to-node=\"15,1,0\"><b>Impact visuel :<\/b> Sa texture unique, imitant le grain du bois, communique le terme \u201c Premium Eco \u201d.<\/p>\n<\/li>\n<li>\n<p data-path-to-node=\"15,2,0\"><b>Impression:<\/b> Impression s\u00e9rigraphique avec pr\u00e9cision Pantone sur 1 ou 2 faces.<\/p>\n<\/li>\n<li>\n<p data-path-to-node=\"15,3,0\"><b>Durabilit\u00e9:<\/b> Naturellement r\u00e9sistant \u00e0 l&#039;eau et suffisamment robuste pour une utilisation \u00e0 long terme.<\/p>\n<\/li>\n<li>\n<p data-path-to-node=\"15,4,0\"><b>Mat\u00e9riel:<\/b> Comprend un mousqueton m\u00e9tallique robuste\u00a0; d\u2019autres options de clip sont disponibles.<\/p>\n<\/li>\n<li>\n<p data-path-to-node=\"15,5,0\"><b>Confort:<\/b> L\u00e9ger et doux au contact de la peau.<\/p>\n<\/li>\n<\/ul>\n<\/div>\n<\/div>\n<\/div>\n<\/div>","protected":false},"excerpt":{"rendered":"<ul>\n<li>\n<p data-path-to-node=\"9,0,0\"><b>Esth\u00e9tique distinctive :<\/b> La texture naturelle du li\u00e8ge, semblable \u00e0 celle du bois, cr\u00e9e un aspect unique et haut de gamme qui se d\u00e9marque des cordons standards.<\/p>\n<\/li>\n<li>\n<p data-path-to-node=\"9,1,0\"><b>Certifi\u00e9 durable :<\/b> Fabriqu\u00e9 \u00e0 partir de li\u00e8ge v\u00e9ritable et renouvelable, t\u00e9moignant d&#039;un engagement fort en mati\u00e8re de responsabilit\u00e9 environnementale.<\/p>\n<\/li>\n<li>\n<p data-path-to-node=\"9,2,0\"><b>Personnalisation de la marque\u00a0:<\/b> Malgr\u00e9 la surface textur\u00e9e, nous proposons une s\u00e9rigraphie nette avec correspondance des couleurs Pantone sur 1 ou 2 faces.<\/p>\n<\/li>\n<li>\n<p data-path-to-node=\"9,3,0\"><b>Durable et r\u00e9sistant \u00e0 l&#039;eau :<\/b> Le li\u00e8ge est naturellement robuste et r\u00e9sistant \u00e0 l&#039;humidit\u00e9, ce qui le rend id\u00e9al pour les \u00e9v\u00e9nements de plusieurs jours.<\/p>\n<\/li>\n<\/ul>","protected":false},"featured_media":6730,"comment_status":"closed","ping_status":"closed","template":"","meta":[],"product_brand":[],"product_cat":[43,107],"product_tag":[],"class_list":{"0":"post-1256","1":"product","2":"type-product","3":"status-publish","4":"has-post-thumbnail","6":"product_cat-lanyards","7":"product_cat-eco-friendly-lanyards","9":"first","10":"instock","11":"shipping-taxable","12":"purchasable","13":"product-type-simple"},"_links":{"self":[{"href":"https:\/\/displayproducts.eu\/fr\/wp-json\/wp\/v2\/product\/1256","targetHints":{"allow":["GET"]}}],"collection":[{"href":"https:\/\/displayproducts.eu\/fr\/wp-json\/wp\/v2\/product"}],"about":[{"href":"https:\/\/displayproducts.eu\/fr\/wp-json\/wp\/v2\/types\/product"}],"replies":[{"embeddable":true,"href":"https:\/\/displayproducts.eu\/fr\/wp-json\/wp\/v2\/comments?post=1256"}],"wp:featuredmedia":[{"embeddable":true,"href":"https:\/\/displayproducts.eu\/fr\/wp-json\/wp\/v2\/media\/6730"}],"wp:attachment":[{"href":"https:\/\/displayproducts.eu\/fr\/wp-json\/wp\/v2\/media?parent=1256"}],"wp:term":[{"taxonomy":"product_brand","embeddable":true,"href":"https:\/\/displayproducts.eu\/fr\/wp-json\/wp\/v2\/product_brand?post=1256"},{"taxonomy":"product_cat","embeddable":true,"href":"https:\/\/displayproducts.eu\/fr\/wp-json\/wp\/v2\/product_cat?post=1256"},{"taxonomy":"product_tag","embeddable":true,"href":"https:\/\/displayproducts.eu\/fr\/wp-json\/wp\/v2\/product_tag?post=1256"}],"curies":[{"name":"wp","href":"https:\/\/api.w.org\/{rel}","templated":true}]}}