{"id":1254,"date":"2024-10-27T11:54:13","date_gmt":"2024-10-27T08:54:13","guid":{"rendered":"https:\/\/wristbandfactory.eu\/toode\/organic-cotton-lanyards\/"},"modified":"2026-04-01T21:52:36","modified_gmt":"2026-04-01T18:52:36","slug":"printed-organic-cotton-lanyards-sustainable-branding","status":"publish","type":"product","link":"https:\/\/displayproducts.eu\/fr\/p\/printed-organic-cotton-lanyards-sustainable-branding\/","title":{"rendered":"Tours de cou en coton biologique imprim\u00e9s"},"content":{"rendered":"<div class=\"mx-12 md:mx-24 lg:mx-48\">\n<div class=\"container my-8 svelte-zlsknf\">\n<div class=\"my-24 rounded-lg border-0 border-gray-700 bg-gray-100 px-16 py-24\">\n<div class=\"mt-11 !text-gray-500\">\n<p data-path-to-node=\"11\">D\u00e9montrez l&#039;engagement de votre organisation en mati\u00e8re de d\u00e9veloppement durable sans compromettre la qualit\u00e9. <b>Lani\u00e8res en coton biologique imprim\u00e9<\/b> sont le choix par excellence pour les conf\u00e9rences, les salons professionnels et les environnements d&#039;entreprise soucieux de l&#039;environnement o\u00f9 la r\u00e9duction des d\u00e9chets plastiques est une priorit\u00e9.<\/p>\n<p data-path-to-node=\"12\">Fabriqu\u00e9 \u00e0 partir de <b>100% coton biologique<\/b>, Ce cordon offre un avantage ind\u00e9niable par rapport au polyester standard\u00a0: une douceur et un toucher naturel exceptionnels, agr\u00e9ables au contact de la peau m\u00eame pendant de longues p\u00e9riodes. Sa texture mate naturelle v\u00e9hicule imm\u00e9diatement un message de responsabilit\u00e9 environnementale aupr\u00e8s de vos participants et clients.<\/p>\n<p data-path-to-node=\"13\">Bien qu&#039;il s&#039;agisse d&#039;une fibre naturelle, ce mat\u00e9riau offre une surface durable pour le marquage. Nous utilisons <b>S\u00e9rigraphie aux couleurs Pantone assorties<\/b> pour garantir une reproduction fid\u00e8le de votre logo sur une ou deux faces de la lani\u00e8re. Vous respectez ainsi votre charte graphique tout en utilisant une ressource renouvelable. Chaque lani\u00e8re est livr\u00e9e avec un syst\u00e8me de fixation fiable. <b>mousqueton m\u00e9tallique<\/b>, assurant ainsi une conservation s\u00e9curis\u00e9e des badges et des laissez-passer.<\/p>\n<p data-path-to-node=\"14\"><b>Caract\u00e9ristiques principales :<\/b><\/p>\n<ul data-path-to-node=\"15\">\n<li>\n<p data-path-to-node=\"15,0,0\"><b>Mat\u00e9riau \u00e9cologique :<\/b> Le coton biologique 100% r\u00e9duit l&#039;impact environnemental et soutient les objectifs RSE.<\/p>\n<\/li>\n<li>\n<p data-path-to-node=\"15,1,0\"><b>Confort sup\u00e9rieur :<\/b> Sa texture exceptionnellement douce et naturelle pr\u00e9vient les irritations m\u00eame apr\u00e8s une journ\u00e9e enti\u00e8re.<\/p>\n<\/li>\n<li>\n<p data-path-to-node=\"15,2,0\"><b>Personnalisation de la marque\u00a0:<\/b> Impression s\u00e9rigraphique de haute qualit\u00e9 avec correspondance des couleurs Pantone.<\/p>\n<\/li>\n<li>\n<p data-path-to-node=\"15,3,0\"><b>Taille standard :<\/b> 90 cm de longueur x 20 mm de largeur (standard) convient \u00e0 tous les participants.<\/p>\n<\/li>\n<li>\n<p data-path-to-node=\"15,4,0\"><b>Mat\u00e9riel:<\/b> Mousqueton m\u00e9tallique robuste inclus ; compatible avec nos porte-badges \u00e9cologiques.<\/p>\n<\/li>\n<\/ul>\n<\/div>\n<\/div>\n<\/div>\n<\/div>","protected":false},"excerpt":{"rendered":"<ul>\n<li>\n<p data-path-to-node=\"9,0,0\"><b>Durabilit\u00e9 certifi\u00e9e\u00a0:<\/b> Fabriqu\u00e9 \u00e0 partir de coton biologique naturel 100%, id\u00e9al pour les \u00e9v\u00e9nements \u00e9coresponsables et les marques ax\u00e9es sur la RSE.<\/p>\n<\/li>\n<li>\n<p data-path-to-node=\"9,1,0\"><b>Douceur sup\u00e9rieure :<\/b> Les fibres naturelles offrent une texture sup\u00e9rieure et douce pour la peau compar\u00e9e aux alternatives synth\u00e9tiques.<\/p>\n<\/li>\n<li>\n<p data-path-to-node=\"9,2,0\"><b>Image de marque pr\u00e9cise\u00a0:<\/b> Impression s\u00e9rigraphique de votre logo Pantone sur 1 ou 2 faces pour un rendu net et professionnel.<\/p>\n<\/li>\n<li>\n<p data-path-to-node=\"9,3,0\"><b>Mat\u00e9riel robuste :<\/b> Comprend un mousqueton m\u00e9tallique de haute qualit\u00e9 pour la fixation s\u00e9curis\u00e9e de porte-badges biod\u00e9gradables ou standard.<\/p>\n<\/li>\n<li><\/li>\n<\/ul>","protected":false},"featured_media":6745,"comment_status":"closed","ping_status":"closed","template":"","meta":[],"product_brand":[],"product_cat":[104,107],"product_tag":[],"class_list":{"0":"post-1254","1":"product","2":"type-product","3":"status-publish","4":"has-post-thumbnail","6":"product_cat-custom-printed-lanyards","7":"product_cat-eco-friendly-lanyards","9":"first","10":"instock","11":"shipping-taxable","12":"purchasable","13":"product-type-simple"},"_links":{"self":[{"href":"https:\/\/displayproducts.eu\/fr\/wp-json\/wp\/v2\/product\/1254","targetHints":{"allow":["GET"]}}],"collection":[{"href":"https:\/\/displayproducts.eu\/fr\/wp-json\/wp\/v2\/product"}],"about":[{"href":"https:\/\/displayproducts.eu\/fr\/wp-json\/wp\/v2\/types\/product"}],"replies":[{"embeddable":true,"href":"https:\/\/displayproducts.eu\/fr\/wp-json\/wp\/v2\/comments?post=1254"}],"wp:featuredmedia":[{"embeddable":true,"href":"https:\/\/displayproducts.eu\/fr\/wp-json\/wp\/v2\/media\/6745"}],"wp:attachment":[{"href":"https:\/\/displayproducts.eu\/fr\/wp-json\/wp\/v2\/media?parent=1254"}],"wp:term":[{"taxonomy":"product_brand","embeddable":true,"href":"https:\/\/displayproducts.eu\/fr\/wp-json\/wp\/v2\/product_brand?post=1254"},{"taxonomy":"product_cat","embeddable":true,"href":"https:\/\/displayproducts.eu\/fr\/wp-json\/wp\/v2\/product_cat?post=1254"},{"taxonomy":"product_tag","embeddable":true,"href":"https:\/\/displayproducts.eu\/fr\/wp-json\/wp\/v2\/product_tag?post=1254"}],"curies":[{"name":"wp","href":"https:\/\/api.w.org\/{rel}","templated":true}]}}