{"id":1253,"date":"2024-10-27T11:54:13","date_gmt":"2024-10-27T08:54:13","guid":{"rendered":"https:\/\/wristbandfactory.eu\/toode\/sublimation-lanyards-with-2-metal-hooks\/"},"modified":"2026-04-01T21:52:36","modified_gmt":"2026-04-01T18:52:36","slug":"dual-hook-sublimation-lanyards","status":"publish","type":"product","link":"https:\/\/displayproducts.eu\/fr\/p\/dual-hook-sublimation-lanyards\/","title":{"rendered":"Lani\u00e8res \u00e0 double crochet pour sublimation"},"content":{"rendered":"<div class=\"mx-12 md:mx-24 lg:mx-48\">\n<div class=\"container my-8 svelte-zlsknf\">\n<div class=\"my-24 rounded-lg border-0 border-gray-700 bg-gray-100 px-16 py-24\">\n<div class=\"mt-11 !text-gray-500\">\n<p>Assurez-vous que votre marque et les r\u00e9f\u00e9rences de votre \u00e9v\u00e9nement soient toujours mises en avant gr\u00e2ce \u00e0 notre <b>Lani\u00e8res \u00e0 double crochet pour sublimation<\/b>. Cette lani\u00e8re haut de gamme est la solution professionnelle id\u00e9ale pour g\u00e9rer les badges ou porte-cartes d&#039;identit\u00e9 de grande taille lors d&#039;\u00e9v\u00e9nements, gr\u00e2ce \u00e0 ses deux points d&#039;attache qui les emp\u00eachent de tourner ou de se retourner.<\/p>\n<p>Confectionn\u00e9e en ruban de polyester fin de 90 cm, cette lani\u00e8re offre une surface lisse id\u00e9ale pour notre impression par sublimation thermique de pointe. Ce proc\u00e9d\u00e9 permet une infinit\u00e9 de motifs photor\u00e9alistes, y compris des logos complexes, des d\u00e9grad\u00e9s et des images en couleur, sur une ou deux faces. Le r\u00e9sultat\u00a0: une finition \u00e9clatante et r\u00e9sistante \u00e0 la d\u00e9coloration, qui ne craquera pas et ne s\u2019\u00e9caillera pas.<\/p>\n<p>Id\u00e9al pour les conf\u00e9rences, les salons professionnels et les \u00e9v\u00e9nements d&#039;entreprise, ce cordon est dot\u00e9 de deux mousquetons m\u00e9talliques assurant une fixation stable et s\u00e9curis\u00e9e pour tout porte-badge \u00e0 deux trous. Comme indiqu\u00e9 dans les diff\u00e9rentes cat\u00e9gories, il est \u00e9galement disponible avec un clip de s\u00e9curit\u00e9 \u00e0 ouverture rapide pour une s\u00e9curit\u00e9 accrue dans les environnements \u00e0 forte activit\u00e9.<\/p>\n<p><b>Caract\u00e9ristiques principales :<\/b><\/p>\n<ul>\n<li><b>Conception \u00e0 double crochet\u00a0:<\/b> Comporte deux mousquetons m\u00e9talliques pour maintenir en place les grands badges d&#039;identification ou les laissez-passer pour \u00e9v\u00e9nements, face \u00e0 l&#039;avant.<\/li>\n<li><b>Sublimation en couleur :<\/b> Offre une impression \u00e9clatante et photor\u00e9aliste pour les logos complexes et les d\u00e9grad\u00e9s sur 1 ou 2 faces.<\/li>\n<li><b>Polyester durable de 90 cm :<\/b> Un bracelet confortable en polyester fin, con\u00e7u pour \u00eatre port\u00e9 toute la journ\u00e9e lors d&#039;\u00e9v\u00e9nements de plusieurs jours.<\/li>\n<li><b>Option de s\u00e9curit\u00e9 \u00e0 rupture :<\/b> Disponible avec un clip de s\u00e9curit\u00e9 d\u00e9tachable, un dispositif de s\u00e9curit\u00e9 essentiel pour les environnements d&#039;entreprise.<\/li>\n<li><b>Accessoires polyvalents\u00a0:<\/b> Livr\u00e9 de s\u00e9rie avec deux mousquetons m\u00e9talliques, d&#039;autres options de fixation sont disponibles.<\/li>\n<\/ul>\n<\/div>\n<\/div>\n<\/div>\n<\/div>","protected":false},"excerpt":{"rendered":"<ul>\n<li>Emp\u00eachez le badge de tourner gr\u00e2ce \u00e0 une conception s\u00e9curis\u00e9e \u00e0 double crochet (2 mousquetons m\u00e9talliques).<\/li>\n<li>Mettez en valeur votre marque gr\u00e2ce \u00e0 une sublimation en couleur \u00e9clatante (1 ou 2 faces).<\/li>\n<li>Bracelet r\u00e9sistant de 90 cm en polyester fin, id\u00e9al pour les conf\u00e9rences de plusieurs jours.<\/li>\n<li>Disponible avec un clip de s\u00e9curit\u00e9 d\u00e9tachable en option pour une s\u00e9curit\u00e9 accrue de l&#039;utilisateur.<\/li>\n<\/ul>","protected":false},"featured_media":6694,"comment_status":"closed","ping_status":"closed","template":"","meta":[],"product_brand":[],"product_cat":[43,106],"product_tag":[],"class_list":{"0":"post-1253","1":"product","2":"type-product","3":"status-publish","4":"has-post-thumbnail","6":"product_cat-lanyards","7":"product_cat-breakaway-lanyards","9":"first","10":"instock","11":"shipping-taxable","12":"purchasable","13":"product-type-simple"},"_links":{"self":[{"href":"https:\/\/displayproducts.eu\/fr\/wp-json\/wp\/v2\/product\/1253","targetHints":{"allow":["GET"]}}],"collection":[{"href":"https:\/\/displayproducts.eu\/fr\/wp-json\/wp\/v2\/product"}],"about":[{"href":"https:\/\/displayproducts.eu\/fr\/wp-json\/wp\/v2\/types\/product"}],"replies":[{"embeddable":true,"href":"https:\/\/displayproducts.eu\/fr\/wp-json\/wp\/v2\/comments?post=1253"}],"wp:featuredmedia":[{"embeddable":true,"href":"https:\/\/displayproducts.eu\/fr\/wp-json\/wp\/v2\/media\/6694"}],"wp:attachment":[{"href":"https:\/\/displayproducts.eu\/fr\/wp-json\/wp\/v2\/media?parent=1253"}],"wp:term":[{"taxonomy":"product_brand","embeddable":true,"href":"https:\/\/displayproducts.eu\/fr\/wp-json\/wp\/v2\/product_brand?post=1253"},{"taxonomy":"product_cat","embeddable":true,"href":"https:\/\/displayproducts.eu\/fr\/wp-json\/wp\/v2\/product_cat?post=1253"},{"taxonomy":"product_tag","embeddable":true,"href":"https:\/\/displayproducts.eu\/fr\/wp-json\/wp\/v2\/product_tag?post=1253"}],"curies":[{"name":"wp","href":"https:\/\/api.w.org\/{rel}","templated":true}]}}