{"id":1250,"date":"2024-10-27T11:54:13","date_gmt":"2024-10-27T08:54:13","guid":{"rendered":"https:\/\/wristbandfactory.eu\/toode\/sublimation-lanyards-with-metal-carabiner\/"},"modified":"2026-04-01T21:52:36","modified_gmt":"2026-04-01T18:52:36","slug":"full-color-sublimation-lanyards-safety-breakaway","status":"publish","type":"product","link":"https:\/\/displayproducts.eu\/fr\/p\/full-color-sublimation-lanyards-safety-breakaway\/","title":{"rendered":"Tours de cou \u00e0 sublimation avec rupture s\u00e9curitaire"},"content":{"rendered":"<p data-path-to-node=\"11\">Faites une d\u00e9claration percutante tout en priorisant la s\u00e9curit\u00e9 des participants gr\u00e2ce \u00e0 notre <b>Lani\u00e8res \u00e0 sublimation en couleur avec syst\u00e8me de d\u00e9tachement<\/b>. Ce produit est le choix par excellence pour les organisations qui ont besoin d&#039;une image de marque complexe \u2014 comme des logos multicolores, des d\u00e9grad\u00e9s ou des images photor\u00e9alistes \u2014 sans compromettre la conformit\u00e9 aux normes de sant\u00e9 et de s\u00e9curit\u00e9.<\/p>\n<p data-path-to-node=\"12\">La caract\u00e9ristique principale de cette lani\u00e8re est son int\u00e9gration <b>clip de s\u00e9curit\u00e9 d\u00e9tachable<\/b> Plac\u00e9 \u00e0 l&#039;arri\u00e8re du cou, ce m\u00e9canisme est con\u00e7u pour se d\u00e9clencher automatiquement en cas de traction brusque sur la lani\u00e8re ou si celle-ci se coince dans une machine ou une porte, \u00e9vitant ainsi les blessures. Il est donc indispensable dans les \u00e9coles, les h\u00f4pitaux, les environnements industriels et lors de grands \u00e9v\u00e9nements publics.<\/p>\n<p data-path-to-node=\"13\">Visuellement, la lani\u00e8re utilise des technologies avanc\u00e9es <b>impression par sublimation thermique<\/b>. Votre motif est int\u00e9gr\u00e9 de fa\u00e7on permanente directement dans les fibres du ruban en polyester fin de 90 cm, et non pas sans impressionment appos\u00e9 en surface. Ceci garantit une couverture int\u00e9grale et une finition totalement r\u00e9sistante aux craquelures, au d\u00e9collement et \u00e0 la d\u00e9coloration. Le polyester lisse est exceptionnellement doux, assurant un confort optimal tout au long de la journ\u00e9e pour le personnel et les clients. Chaque cordon est fourni avec un cordon fiable. <b>mousqueton m\u00e9tallique<\/b> pour fixer solidement les badges d&#039;identification ou les cartes d&#039;acc\u00e8s.<\/p>\n<p data-path-to-node=\"14\"><b>Caract\u00e9ristiques principales :<\/b><\/p>\n<ul data-path-to-node=\"15\">\n<li>\n<p data-path-to-node=\"15,0,0\"><b>Clip de s\u00e9curit\u00e9 d\u00e9tachable\u00a0:<\/b> Dispositif de s\u00e9curit\u00e9 essentiel qui se d\u00e9clenche sous pression ; id\u00e9al pour une utilisation en entreprise, dans le secteur m\u00e9dical et industriel.<\/p>\n<\/li>\n<li>\n<p data-path-to-node=\"15,1,0\"><b>Sublimation en couleur :<\/b> Permet de r\u00e9aliser des motifs et des d\u00e9grad\u00e9s photor\u00e9alistes et complexes sur toute la surface.<\/p>\n<\/li>\n<li>\n<p data-path-to-node=\"15,2,0\"><b>Polyester fin et durable :<\/b> Le ruban lisse de 90 cm pr\u00e9vient les irritations cutan\u00e9es et r\u00e9siste \u00e0 l&#039;usure quotidienne.<\/p>\n<\/li>\n<li>\n<p data-path-to-node=\"15,3,0\"><b>Impression recto verso\u00a0:<\/b> Disponible avec marquage sur une ou deux faces pour une visibilit\u00e9 maximale.<\/p>\n<\/li>\n<li>\n<p data-path-to-node=\"15,4,0\"><b>Fixation s\u00e9curis\u00e9e\u00a0:<\/b> Comprend un mousqueton m\u00e9tallique robuste (autres options de clip disponibles sur demande).<\/p>\n<\/li>\n<\/ul>","protected":false},"excerpt":{"rendered":"<ul>\n<li>\n<p data-path-to-node=\"9,0,0\"><b>S\u00e9curit\u00e9 obligatoire :<\/b> Dot\u00e9 d&#039;un clip de s\u00e9curit\u00e9 \u00e0 d\u00e9clenchement rapide qui se lib\u00e8re sous tension, conforme aux normes de s\u00e9curit\u00e9 en vigueur pour les entreprises et les \u00e9v\u00e9nements.<\/p>\n<\/li>\n<li>\n<p data-path-to-node=\"9,1,0\"><b>Conception illimit\u00e9e :<\/b> La technologie de sublimation thermique permet une impression en couleur, bord \u00e0 bord, de logos complexes, de photos et de d\u00e9grad\u00e9s.<\/p>\n<\/li>\n<li>\n<p data-path-to-node=\"9,2,0\"><b>Finition permanente :<\/b> L&#039;encre est impr\u00e9gn\u00e9e dans le tissu, ce qui garantit que le motif ne craquera, ne s&#039;\u00e9caillera ni ne se d\u00e9colorera jamais.<\/p>\n<\/li>\n<li>\n<p data-path-to-node=\"9,3,0\"><b>Confort et durabilit\u00e9 :<\/b> Fabriqu\u00e9 en polyester doux \u00e0 tissage fin (90 cm) confortable pour un port prolong\u00e9.<\/p>\n<\/li>\n<\/ul>","protected":false},"featured_media":6712,"comment_status":"closed","ping_status":"closed","template":"","meta":[],"product_brand":[],"product_cat":[43,104,106],"product_tag":[],"class_list":{"0":"post-1250","1":"product","2":"type-product","3":"status-publish","4":"has-post-thumbnail","6":"product_cat-lanyards","7":"product_cat-custom-printed-lanyards","8":"product_cat-breakaway-lanyards","10":"first","11":"instock","12":"shipping-taxable","13":"purchasable","14":"product-type-simple"},"_links":{"self":[{"href":"https:\/\/displayproducts.eu\/fr\/wp-json\/wp\/v2\/product\/1250","targetHints":{"allow":["GET"]}}],"collection":[{"href":"https:\/\/displayproducts.eu\/fr\/wp-json\/wp\/v2\/product"}],"about":[{"href":"https:\/\/displayproducts.eu\/fr\/wp-json\/wp\/v2\/types\/product"}],"replies":[{"embeddable":true,"href":"https:\/\/displayproducts.eu\/fr\/wp-json\/wp\/v2\/comments?post=1250"}],"wp:featuredmedia":[{"embeddable":true,"href":"https:\/\/displayproducts.eu\/fr\/wp-json\/wp\/v2\/media\/6712"}],"wp:attachment":[{"href":"https:\/\/displayproducts.eu\/fr\/wp-json\/wp\/v2\/media?parent=1250"}],"wp:term":[{"taxonomy":"product_brand","embeddable":true,"href":"https:\/\/displayproducts.eu\/fr\/wp-json\/wp\/v2\/product_brand?post=1250"},{"taxonomy":"product_cat","embeddable":true,"href":"https:\/\/displayproducts.eu\/fr\/wp-json\/wp\/v2\/product_cat?post=1250"},{"taxonomy":"product_tag","embeddable":true,"href":"https:\/\/displayproducts.eu\/fr\/wp-json\/wp\/v2\/product_tag?post=1250"}],"curies":[{"name":"wp","href":"https:\/\/api.w.org\/{rel}","templated":true}]}}