{"id":1246,"date":"2024-10-27T11:54:13","date_gmt":"2024-10-27T08:54:13","guid":{"rendered":"https:\/\/wristbandfactory.eu\/toode\/flat-polyester-lanyards\/"},"modified":"2026-04-01T21:52:04","modified_gmt":"2026-04-01T18:52:04","slug":"custom-printed-polyester-lanyards-corporate-branding","status":"publish","type":"product","link":"https:\/\/displayproducts.eu\/fr\/p\/custom-printed-polyester-lanyards-corporate-branding\/","title":{"rendered":"Lani\u00e8res en polyester personnalis\u00e9es imprim\u00e9es \u2013 Image de marque d&#039;entreprise"},"content":{"rendered":"<div class=\"mx-12 md:mx-24 lg:mx-48\">\n<div class=\"container my-8 svelte-zlsknf\">\n<div class=\"my-24 rounded-lg border-0 border-gray-700 bg-gray-100 px-16 py-24\">\n<div class=\"mt-11 !text-gray-500\">\n<p data-path-to-node=\"12\">S\u00e9curisez votre \u00e9v\u00e9nement et renforcez la coh\u00e9sion de votre \u00e9quipe gr\u00e2ce \u00e0 notre <b>Cordons en polyester imprim\u00e9s sur mesure<\/b>, Solution de r\u00e9f\u00e9rence pour une visibilit\u00e9 optimale de votre marque, ces cordons sont con\u00e7us pour r\u00e9pondre aux exigences des grands \u00e9v\u00e9nements tels que les conf\u00e9rences internationales, les salons professionnels et les festivals d&#039;envergure. Ils offrent un \u00e9quilibre parfait entre durabilit\u00e9, qualit\u00e9 d&#039;impression et rapport qualit\u00e9-prix.<\/p>\n<p data-path-to-node=\"13\">Fabriqu\u00e9 en polyester plat de haute qualit\u00e9, ce mat\u00e9riau offre une surface lisse, essentielle pour un marquage clair et lisible. Contrairement aux alternatives textur\u00e9es, cette surface plane permet une reproduction pr\u00e9cise du logo, garantissant ainsi un affichage sans distorsion de votre identit\u00e9 visuelle. Nous proposons <b>Correspondance des couleurs Pantone<\/b>, ce qui nous permet de teindre le tissu et d&#039;imprimer votre visuel aux couleurs exactes de votre marque, sur une ou deux faces.<\/p>\n<p data-path-to-node=\"14\">Con\u00e7ue pour le confort et la fonctionnalit\u00e9, chaque lani\u00e8re mesure environ 90 cm de long, ce qui la rend adapt\u00e9e \u00e0 tous les participants. L&#039;ensemble est livr\u00e9 pr\u00e9-assembl\u00e9 avec un syst\u00e8me robuste. <b>mousqueton m\u00e9tallique<\/b>, Nous veillons \u00e0 ce que les cartes d&#039;identit\u00e9, les badges visiteurs et les porte-cl\u00e9s d&#039;acc\u00e8s restent solidement fix\u00e9s pendant toute la dur\u00e9e de l&#039;\u00e9v\u00e9nement. Pour les organisations ayant des besoins sp\u00e9cifiques en mati\u00e8re de s\u00e9curit\u00e9 ou de fonctionnalit\u00e9, des syst\u00e8mes de fixation alternatifs (tels que des attaches de s\u00e9curit\u00e9 ou des clips diff\u00e9rents) sont disponibles sur demande.<\/p>\n<p data-path-to-node=\"15\"><b>Caract\u00e9ristiques principales :<\/b><\/p>\n<ul data-path-to-node=\"16\">\n<li>\n<p data-path-to-node=\"16,0,0\"><b>Mat\u00e9riel:<\/b> Polyester plat et r\u00e9sistant, con\u00e7u pour l&#039;impression haute d\u00e9finition.<\/p>\n<\/li>\n<li>\n<p data-path-to-node=\"16,1,0\"><b>Personnalisation:<\/b> Correspondance parfaite des couleurs Pantone pour le tissu et l&#039;impression.<\/p>\n<\/li>\n<li>\n<p data-path-to-node=\"16,2,0\"><b>Options d&#039;impression\u00a0:<\/b> Disponible avec un logo plac\u00e9 sur une ou deux faces pour une visibilit\u00e9 maximale.<\/p>\n<\/li>\n<li>\n<p data-path-to-node=\"16,3,0\"><b>Dimensions standard :<\/b> 90 cm de longueur x 20 mm de largeur (standard) pour une adaptation universelle.<\/p>\n<\/li>\n<li>\n<p data-path-to-node=\"16,4,0\"><b>Mat\u00e9riel:<\/b> Mousqueton m\u00e9tallique robuste inclus ; accessoires personnalis\u00e9s disponibles.<\/p>\n<\/li>\n<li>\n<p data-path-to-node=\"16,5,0\"><b>Cas d&#039;utilisation :<\/b> Id\u00e9al pour les cartes d&#039;identit\u00e9 d&#039;entreprise, les badges du personnel et les cadeaux promotionnels lors d&#039;\u00e9v\u00e9nements.<\/p>\n<\/li>\n<\/ul>\n<\/div>\n<\/div>\n<\/div>\n<\/div>","protected":false},"excerpt":{"rendered":"<ul data-path-to-node=\"10\">\n<li>\n<p data-path-to-node=\"10,0,0\"><b>Image de marque \u00e0 fort impact\u00a0:<\/b> La surface lisse et plane en polyester assure une reproduction nette et contrast\u00e9e du logo.<\/p>\n<\/li>\n<li>\n<p data-path-to-node=\"10,1,0\"><b>Pr\u00e9cision Pantone :<\/b> Impression enti\u00e8rement personnalisable sur 1 ou 2 faces pour correspondre exactement aux couleurs de votre entreprise.<\/p>\n<\/li>\n<li>\n<p data-path-to-node=\"10,2,0\"><b>Solution de production en vrac \u00e9conomique\u00a0:<\/b> La norme du secteur pour les conf\u00e9rences, festivals et salons professionnels de grande envergure.<\/p>\n<\/li>\n<li>\n<p data-path-to-node=\"10,3,0\"><b>Mat\u00e9riel fiable :<\/b> Comprend de s\u00e9rie un mousqueton m\u00e9tallique robuste pour la fixation s\u00e9curis\u00e9e des badges et des cartes d&#039;identit\u00e9.<\/p>\n<\/li>\n<\/ul>","protected":false},"featured_media":6815,"comment_status":"closed","ping_status":"closed","template":"","meta":[],"product_brand":[],"product_cat":[104],"product_tag":[],"class_list":{"0":"post-1246","1":"product","2":"type-product","3":"status-publish","4":"has-post-thumbnail","6":"product_cat-custom-printed-lanyards","8":"first","9":"instock","10":"shipping-taxable","11":"purchasable","12":"product-type-simple"},"_links":{"self":[{"href":"https:\/\/displayproducts.eu\/fr\/wp-json\/wp\/v2\/product\/1246","targetHints":{"allow":["GET"]}}],"collection":[{"href":"https:\/\/displayproducts.eu\/fr\/wp-json\/wp\/v2\/product"}],"about":[{"href":"https:\/\/displayproducts.eu\/fr\/wp-json\/wp\/v2\/types\/product"}],"replies":[{"embeddable":true,"href":"https:\/\/displayproducts.eu\/fr\/wp-json\/wp\/v2\/comments?post=1246"}],"wp:featuredmedia":[{"embeddable":true,"href":"https:\/\/displayproducts.eu\/fr\/wp-json\/wp\/v2\/media\/6815"}],"wp:attachment":[{"href":"https:\/\/displayproducts.eu\/fr\/wp-json\/wp\/v2\/media?parent=1246"}],"wp:term":[{"taxonomy":"product_brand","embeddable":true,"href":"https:\/\/displayproducts.eu\/fr\/wp-json\/wp\/v2\/product_brand?post=1246"},{"taxonomy":"product_cat","embeddable":true,"href":"https:\/\/displayproducts.eu\/fr\/wp-json\/wp\/v2\/product_cat?post=1246"},{"taxonomy":"product_tag","embeddable":true,"href":"https:\/\/displayproducts.eu\/fr\/wp-json\/wp\/v2\/product_tag?post=1246"}],"curies":[{"name":"wp","href":"https:\/\/api.w.org\/{rel}","templated":true}]}}