{"id":1243,"date":"2024-10-27T11:54:13","date_gmt":"2024-10-27T08:54:13","guid":{"rendered":"https:\/\/wristbandfactory.eu\/toode\/seed-paper-lanyard\/"},"modified":"2026-04-01T21:52:36","modified_gmt":"2026-04-01T18:52:36","slug":"seed-paper-lanyards","status":"publish","type":"product","link":"https:\/\/displayproducts.eu\/fr\/p\/seed-paper-lanyards\/","title":{"rendered":"Tours de cou en papier ensemenc\u00e9 (\u00c0 planter)"},"content":{"rendered":"<p data-path-to-node=\"11\">Affirmez votre engagement environnemental lors de votre prochain \u00e9v\u00e9nement, exposition ou festival gr\u00e2ce \u00e0 nos solutions innovantes. <b>Lani\u00e8res en papier ensemenc\u00e9<\/b>. Con\u00e7ues pour donner une nouvelle vocation \u00e9cologique \u00e0 un produit traditionnellement \u00e0 usage unique, ces lani\u00e8res offrent une fa\u00e7on unique de d\u00e9montrer l&#039;engagement de votre organisation en faveur de la r\u00e9g\u00e9n\u00e9ration et du d\u00e9veloppement durable.<\/p>\n<p data-path-to-node=\"12\">Au lieu de jeter le cordon apr\u00e8s l&#039;\u00e9v\u00e9nement, les participants sont invit\u00e9s \u00e0 le planter directement dans la terre. Avec le temps, le papier biod\u00e9gradable se d\u00e9compose et les graines qu&#039;il renferme donnent naissance \u00e0 un magnifique m\u00e9lange de\u2026 <b>fleurs sauvages<\/b>. Cela cr\u00e9e un rappel positif et vivant de votre marque et de votre message, longtemps apr\u00e8s la fermeture des portes de la conf\u00e9rence.<\/p>\n<p data-path-to-node=\"13\">Chaque cordon est fabriqu\u00e9 en Europe \u00e0 partir de <b>papier ensemenc\u00e9 de 80 g\/m\u00b2<\/b>. Bien que d\u00e9licate, elle est id\u00e9ale pour les \u00e9v\u00e9nements ponctuels, les laissez-passer VIP ou les invitations exclusives. Votre visuel en couleur peut \u00eatre imprim\u00e9 sur une seule face. Afin de pr\u00e9server le caract\u00e8re \u00e9cologique du produit et d&#039;optimiser les taux de germination, nous recommandons des visuels couvrant moins de 50% de la surface (ce qui repr\u00e9sente \u00e9galement un avantage \u00e9conomique).<\/p>\n<p data-path-to-node=\"14\"><b>Caract\u00e9ristiques principales :<\/b><\/p>\n<ul data-path-to-node=\"15\">\n<li>\n<p data-path-to-node=\"15,0,0\"><b>Mat\u00e9riel:<\/b> Papier biod\u00e9gradable de 80 g\/m\u00b2 contenant un m\u00e9lange de graines de fleurs sauvages.<\/p>\n<\/li>\n<li>\n<p data-path-to-node=\"15,1,0\"><b>Utilisation apr\u00e8s l&#039;\u00e9v\u00e9nement\u00a0:<\/b> Enti\u00e8rement plantable ; transforme les d\u00e9chets en jardin de fleurs sauvages.<\/p>\n<\/li>\n<li>\n<p data-path-to-node=\"15,2,0\"><b>Impression:<\/b> Impression couleur recto (faible couverture d&#039;encre \u00e9cologique recommand\u00e9e).<\/p>\n<\/li>\n<li>\n<p data-path-to-node=\"15,3,0\"><b>Dimensions:<\/b> Taille standard 90 x 20 mm (environ).<\/p>\n<\/li>\n<li>\n<p data-path-to-node=\"15,4,0\"><b>Origine:<\/b> Fabriqu\u00e9 en Europe pour une empreinte carbone r\u00e9duite.<\/p>\n<\/li>\n<li>\n<p data-path-to-node=\"15,5,0\"><b>Cas d&#039;utilisation :<\/b> Id\u00e9al pour les \u00e9v\u00e9nements de courte dur\u00e9e, les lancements de produits et les mariages \u00e9co-responsables.<\/p>\n<\/li>\n<\/ul>","protected":false},"excerpt":{"rendered":"<ul data-path-to-node=\"9\">\n<li>\n<p data-path-to-node=\"9,0,0\"><b>Image de marque \u00e0 planter\u00a0:<\/b> La lani\u00e8re contient un m\u00e9lange de graines de fleurs sauvages qui fleuriront une fois plant\u00e9es dans la terre apr\u00e8s l&#039;\u00e9v\u00e9nement.<\/p>\n<\/li>\n<li>\n<p data-path-to-node=\"9,1,0\"><b>Cycle z\u00e9ro d\u00e9chet\u00a0:<\/b> Un produit enti\u00e8rement biod\u00e9gradable qui ne laisse aucun d\u00e9chet, seulement des fleurs.<\/p>\n<\/li>\n<li>\n<p data-path-to-node=\"9,2,0\"><b>\u00c9co-conception :<\/b> L&#039;impression est optimis\u00e9e pour une utilisation minimale d&#039;encre (couverture &lt;50% recommand\u00e9e) afin de garantir la viabilit\u00e9 des semences.<\/p>\n<\/li>\n<li>\n<p data-path-to-node=\"9,3,0\"><b>Fabriqu\u00e9 en Europe :<\/b> Fabriqu\u00e9 localement sur du papier de 80 g\/m\u00b2 afin de minimiser les \u00e9missions li\u00e9es au transport.<\/p>\n<\/li>\n<\/ul>","protected":false},"featured_media":6780,"comment_status":"closed","ping_status":"closed","template":"","meta":[],"product_brand":[],"product_cat":[43,107],"product_tag":[],"class_list":{"0":"post-1243","1":"product","2":"type-product","3":"status-publish","4":"has-post-thumbnail","6":"product_cat-lanyards","7":"product_cat-eco-friendly-lanyards","9":"first","10":"instock","11":"shipping-taxable","12":"purchasable","13":"product-type-simple"},"_links":{"self":[{"href":"https:\/\/displayproducts.eu\/fr\/wp-json\/wp\/v2\/product\/1243","targetHints":{"allow":["GET"]}}],"collection":[{"href":"https:\/\/displayproducts.eu\/fr\/wp-json\/wp\/v2\/product"}],"about":[{"href":"https:\/\/displayproducts.eu\/fr\/wp-json\/wp\/v2\/types\/product"}],"replies":[{"embeddable":true,"href":"https:\/\/displayproducts.eu\/fr\/wp-json\/wp\/v2\/comments?post=1243"}],"wp:featuredmedia":[{"embeddable":true,"href":"https:\/\/displayproducts.eu\/fr\/wp-json\/wp\/v2\/media\/6780"}],"wp:attachment":[{"href":"https:\/\/displayproducts.eu\/fr\/wp-json\/wp\/v2\/media?parent=1243"}],"wp:term":[{"taxonomy":"product_brand","embeddable":true,"href":"https:\/\/displayproducts.eu\/fr\/wp-json\/wp\/v2\/product_brand?post=1243"},{"taxonomy":"product_cat","embeddable":true,"href":"https:\/\/displayproducts.eu\/fr\/wp-json\/wp\/v2\/product_cat?post=1243"},{"taxonomy":"product_tag","embeddable":true,"href":"https:\/\/displayproducts.eu\/fr\/wp-json\/wp\/v2\/product_tag?post=1243"}],"curies":[{"name":"wp","href":"https:\/\/api.w.org\/{rel}","templated":true}]}}