{"id":1242,"date":"2024-10-27T11:54:14","date_gmt":"2024-10-27T08:54:14","guid":{"rendered":"https:\/\/wristbandfactory.eu\/toode\/corn-lanyards\/"},"modified":"2026-04-01T21:52:36","modified_gmt":"2026-04-01T18:52:36","slug":"printed-eco-corn-lanyards","status":"publish","type":"product","link":"https:\/\/displayproducts.eu\/fr\/p\/printed-eco-corn-lanyards\/","title":{"rendered":"Tours de cou en fibre de ma\u00efs (PLA biod\u00e9gradable)"},"content":{"rendered":"<div class=\"mx-12 md:mx-24 lg:mx-48\">\n<div class=\"container my-8 svelte-zlsknf\">\n<div class=\"my-24 rounded-lg border-0 border-gray-700 bg-gray-100 px-16 py-24\">\n<div class=\"mt-11 !text-gray-500\">\n<p data-path-to-node=\"11\">D\u00e9montrer un v\u00e9ritable leadership environnemental avec notre <b>Cordons de ma\u00efs \u00e9cologiques imprim\u00e9s<\/b>. Contrairement aux cordons synth\u00e9tiques traditionnels d\u00e9riv\u00e9s du p\u00e9trole, ces bracelets d&#039;identification innovants sont fabriqu\u00e9s \u00e0 partir de mat\u00e9riaux naturels. <b>Amidon de ma\u00efs 100% (PLA)<\/b> Fibres. Cela en fait une solution enti\u00e8rement biod\u00e9gradable et v\u00e9g\u00e9tale, id\u00e9ale pour les organisations avant-gardistes et les \u00e9v\u00e9nements durables.<\/p>\n<p data-path-to-node=\"12\">Ce qui rend ce produit unique, c&#039;est son caract\u00e8re sans compromis. Fabriqu\u00e9e \u00e0 partir de ma\u00efs, la fibre PLA obtenue imite la durabilit\u00e9, la texture et la r\u00e9sistance du polyester standard. Vous b\u00e9n\u00e9ficiez ainsi d&#039;une lani\u00e8re robuste et de haute qualit\u00e9, capable de r\u00e9sister \u00e0 des conf\u00e9rences de plusieurs jours, et compostable en fin de vie.<\/p>\n<p data-path-to-node=\"13\">Nous offrons des services professionnels <b>s\u00e9rigraphie<\/b> sur la surface lisse du PLA, garantissant une reproduction exacte de votre logo. <b>Couleurs de la marque Pantone<\/b>. Que vous optiez pour une impression recto ou recto verso, le r\u00e9sultat est net et \u00e9clatant. Chaque unit\u00e9 est fournie avec un kit standard. <b>mousqueton m\u00e9tallique<\/b>, alliant durabilit\u00e9 industrielle et respect de l&#039;environnement.<\/p>\n<p data-path-to-node=\"14\"><b>Caract\u00e9ristiques principales :<\/b><\/p>\n<ul data-path-to-node=\"15\">\n<li>\n<p data-path-to-node=\"15,0,0\"><b>Mat\u00e9riel:<\/b> 100% Fibre d&#039;amidon de ma\u00efs (PLA) \u2013 \u00c0 base de plantes et biod\u00e9gradable.<\/p>\n<\/li>\n<li>\n<p data-path-to-node=\"15,1,0\"><b>Performance:<\/b> Texture r\u00e9sistante et lisse, semblable au polyester traditionnel.<\/p>\n<\/li>\n<li>\n<p data-path-to-node=\"15,2,0\"><b>Durabilit\u00e9:<\/b> Empreinte carbone nettement inf\u00e9rieure \u00e0 celle des plastiques \u00e0 base de p\u00e9trole.<\/p>\n<\/li>\n<li>\n<p data-path-to-node=\"15,3,0\"><b>Impression:<\/b> Impression s\u00e9rigraphique de haute qualit\u00e9 avec correspondance des couleurs Pantone.<\/p>\n<\/li>\n<li>\n<p data-path-to-node=\"15,4,0\"><b>Mat\u00e9riel:<\/b> Comprend un mousqueton m\u00e9tallique fiable pour une fixation s\u00e9curis\u00e9e du badge.<\/p>\n<\/li>\n<li>\n<p data-path-to-node=\"15,5,0\"><b>Cas d&#039;utilisation :<\/b> Id\u00e9al pour les conf\u00e9rences \u201c vertes \u201d, les festivals \u00e9cologiques et les initiatives RSE.<\/p>\n<\/li>\n<\/ul>\n<\/div>\n<\/div>\n<\/div>\n<\/div>","protected":false},"excerpt":{"rendered":"<ul>\n<li>\n<p data-path-to-node=\"9,0,0\"><b>Innovation \u00e0 base de plantes\u00a0:<\/b> Fabriqu\u00e9 \u00e0 partir de fibres d&#039;amidon de ma\u00efs 100% (PLA), offrant une alternative enti\u00e8rement biod\u00e9gradable aux plastiques \u00e0 base de p\u00e9trole.<\/p>\n<\/li>\n<li>\n<p data-path-to-node=\"9,1,0\"><b>Performances comparables au polyester :<\/b> Elle a exactement les m\u00eames propri\u00e9t\u00e9s et le m\u00eame toucher qu&#039;un tissu synth\u00e9tique \u2014 durable et lisse \u2014, mais elle est enti\u00e8rement d&#039;origine v\u00e9g\u00e9tale.<\/p>\n<\/li>\n<li>\n<p data-path-to-node=\"9,2,0\"><b>Responsabilit\u00e9 sociale des entreprises :<\/b> Le choix id\u00e9al pour les entreprises appliquant des politiques strictes de z\u00e9ro d\u00e9chet ou de neutralit\u00e9 carbone.<\/p>\n<\/li>\n<li>\n<p data-path-to-node=\"9,3,0\"><b>Personnalisation de la marque\u00a0:<\/b> La surface lisse permet une s\u00e9rigraphie nette et conforme aux couleurs Pantone, sur une ou deux faces.<\/p>\n<\/li>\n<\/ul>","protected":false},"featured_media":6736,"comment_status":"closed","ping_status":"closed","template":"","meta":[],"product_brand":[],"product_cat":[104,107],"product_tag":[],"class_list":{"0":"post-1242","1":"product","2":"type-product","3":"status-publish","4":"has-post-thumbnail","6":"product_cat-custom-printed-lanyards","7":"product_cat-eco-friendly-lanyards","9":"first","10":"instock","11":"shipping-taxable","12":"purchasable","13":"product-type-simple"},"_links":{"self":[{"href":"https:\/\/displayproducts.eu\/fr\/wp-json\/wp\/v2\/product\/1242","targetHints":{"allow":["GET"]}}],"collection":[{"href":"https:\/\/displayproducts.eu\/fr\/wp-json\/wp\/v2\/product"}],"about":[{"href":"https:\/\/displayproducts.eu\/fr\/wp-json\/wp\/v2\/types\/product"}],"replies":[{"embeddable":true,"href":"https:\/\/displayproducts.eu\/fr\/wp-json\/wp\/v2\/comments?post=1242"}],"wp:featuredmedia":[{"embeddable":true,"href":"https:\/\/displayproducts.eu\/fr\/wp-json\/wp\/v2\/media\/6736"}],"wp:attachment":[{"href":"https:\/\/displayproducts.eu\/fr\/wp-json\/wp\/v2\/media?parent=1242"}],"wp:term":[{"taxonomy":"product_brand","embeddable":true,"href":"https:\/\/displayproducts.eu\/fr\/wp-json\/wp\/v2\/product_brand?post=1242"},{"taxonomy":"product_cat","embeddable":true,"href":"https:\/\/displayproducts.eu\/fr\/wp-json\/wp\/v2\/product_cat?post=1242"},{"taxonomy":"product_tag","embeddable":true,"href":"https:\/\/displayproducts.eu\/fr\/wp-json\/wp\/v2\/product_tag?post=1242"}],"curies":[{"name":"wp","href":"https:\/\/api.w.org\/{rel}","templated":true}]}}