{"id":1238,"date":"2024-10-27T11:54:14","date_gmt":"2024-10-27T08:54:14","guid":{"rendered":"https:\/\/wristbandfactory.eu\/toode\/standard-shoelace-lanyards\/"},"modified":"2026-04-01T21:52:36","modified_gmt":"2026-04-01T18:52:36","slug":"plain-shoelace-lanyards","status":"publish","type":"product","link":"https:\/\/displayproducts.eu\/fr\/p\/plain-shoelace-lanyards\/","title":{"rendered":"Lani\u00e8res de lacets sans impressions"},"content":{"rendered":"<p>Offrez \u00e0 votre \u00e9quipe une solution pratique et professionnelle pour une identification quotidienne. Nos cordons \u00e0 lacets sont une solution \u00e9conomique et \u00e9l\u00e9gante pour les entreprises et organisations qui recherchent un moyen fiable d&#039;afficher les cartes d&#039;identit\u00e9 de leurs employ\u00e9s ou les cartes d&#039;acc\u00e8s \u00e0 leurs \u00e9v\u00e9nements.<\/p>\n<p>Ces cordons arborent le c\u00e9l\u00e8bre design en lacets, r\u00e9put\u00e9 pour son confort et sa durabilit\u00e9, ce qui les rend parfaits \u00e0 porter toute la journ\u00e9e lors de conf\u00e9rences, de salons professionnels ou au bureau. Non imprim\u00e9s, ils sont disponibles dans une large gamme de couleurs, vous permettant de les assortir facilement \u00e0 l&#039;image de marque de votre entreprise ou au th\u00e8me de votre \u00e9v\u00e9nement. Chaque cordon est dot\u00e9 d&#039;un support m\u00e9tallique robuste permettant d&#039;y fixer solidement un porte-carte d&#039;identit\u00e9 ou un badge d&#039;acc\u00e8s.<\/p>\n<p><b>Caract\u00e9ristiques principales :<\/b><\/p>\n<ul>\n<li><b>Mod\u00e8le de lacet classique\u00a0:<\/b> Offre une solution confortable, l\u00e9g\u00e8re et durable pour un port quotidien.<\/li>\n<li><b>Solution d&#039;identification \u00e9conomique\u00a0:<\/b> Id\u00e9al pour les commandes group\u00e9es destin\u00e9es \u00e0 des \u00e9v\u00e9nements de grande envergure, des conf\u00e9rences ou \u00e0 l&#039;identification quotidienne du personnel.<\/li>\n<li><b>Plusieurs options de couleurs :<\/b> Disponible dans une large gamme de couleurs unies pour s&#039;harmoniser avec l&#039;image de marque de l&#039;entreprise ou pour cat\u00e9goriser les participants.<\/li>\n<li><b>Clip m\u00e9tallique standard :<\/b> Comprend un clip m\u00e9tallique fiable pour fixer solidement les porte-badges ou les laissez-passer pour \u00e9v\u00e9nements.<\/li>\n<\/ul>\n<p>&nbsp;<\/p>","protected":false},"excerpt":{"rendered":"<ul>\n<li>Une solution \u00e9conomique pour l&#039;identification quotidienne du personnel et l&#039;acc\u00e8s aux \u00e9v\u00e9nements.<\/li>\n<li>Dot\u00e9 d&#039;un syst\u00e8me de lacets classique et r\u00e9sistant pour un confort optimal tout au long de la journ\u00e9e.<\/li>\n<li>Disponible dans une large gamme de couleurs unies pour s&#039;harmoniser avec votre identit\u00e9 visuelle.<\/li>\n<li>Comprend un clip m\u00e9tallique standard pour les badges d&#039;identification et les cartes d&#039;acc\u00e8s.<\/li>\n<li><\/li>\n<\/ul>","protected":false},"featured_media":6723,"comment_status":"closed","ping_status":"closed","template":"","meta":[],"product_brand":[],"product_cat":[43,113],"product_tag":[],"class_list":{"0":"post-1238","1":"product","2":"type-product","3":"status-publish","4":"has-post-thumbnail","6":"product_cat-lanyards","7":"product_cat-plain-lanyards","9":"first","10":"instock","11":"shipping-taxable","12":"purchasable","13":"product-type-simple"},"_links":{"self":[{"href":"https:\/\/displayproducts.eu\/fr\/wp-json\/wp\/v2\/product\/1238","targetHints":{"allow":["GET"]}}],"collection":[{"href":"https:\/\/displayproducts.eu\/fr\/wp-json\/wp\/v2\/product"}],"about":[{"href":"https:\/\/displayproducts.eu\/fr\/wp-json\/wp\/v2\/types\/product"}],"replies":[{"embeddable":true,"href":"https:\/\/displayproducts.eu\/fr\/wp-json\/wp\/v2\/comments?post=1238"}],"wp:featuredmedia":[{"embeddable":true,"href":"https:\/\/displayproducts.eu\/fr\/wp-json\/wp\/v2\/media\/6723"}],"wp:attachment":[{"href":"https:\/\/displayproducts.eu\/fr\/wp-json\/wp\/v2\/media?parent=1238"}],"wp:term":[{"taxonomy":"product_brand","embeddable":true,"href":"https:\/\/displayproducts.eu\/fr\/wp-json\/wp\/v2\/product_brand?post=1238"},{"taxonomy":"product_cat","embeddable":true,"href":"https:\/\/displayproducts.eu\/fr\/wp-json\/wp\/v2\/product_cat?post=1238"},{"taxonomy":"product_tag","embeddable":true,"href":"https:\/\/displayproducts.eu\/fr\/wp-json\/wp\/v2\/product_tag?post=1238"}],"curies":[{"name":"wp","href":"https:\/\/api.w.org\/{rel}","templated":true}]}}