{"id":1235,"date":"2024-10-27T11:54:14","date_gmt":"2024-10-27T08:54:14","guid":{"rendered":"https:\/\/wristbandfactory.eu\/toode\/fluorescent-lanyards\/"},"modified":"2026-04-01T21:52:04","modified_gmt":"2026-04-01T18:52:04","slug":"fluorescent-lanyards","status":"publish","type":"product","link":"https:\/\/displayproducts.eu\/fr\/p\/fluorescent-lanyards\/","title":{"rendered":"Cordons fluorescents"},"content":{"rendered":"<p>Am\u00e9liorez la visibilit\u00e9 et la s\u00e9curit\u00e9 de votre prochain \u00e9v\u00e9nement gr\u00e2ce \u00e0 nos cordons fluorescents. Ces cordons sont indispensables aux organisateurs d&#039;\u00e9v\u00e9nements qui souhaitent identifier facilement le personnel, les VIP et les invit\u00e9s, quelles que soient les conditions d&#039;\u00e9clairage.<\/p>\n<p>Fabriqu\u00e9s \u00e0 partir de mat\u00e9riaux durables de haute qualit\u00e9, ces cordons sont con\u00e7us pour une utilisation de plusieurs jours. Le mat\u00e9riau fluorescent \u00e9clatant est tr\u00e8s visible en plein jour et <b>brille intens\u00e9ment sous la lumi\u00e8re UV (lumi\u00e8re noire)<\/b>, ce qui en fait la solution id\u00e9ale pour les bo\u00eetes de nuit, les concerts, les festivals et les \u00e9v\u00e9nements d&#039;entreprise en soir\u00e9e.<\/p>\n<p>Ce dispositif haute visibilit\u00e9 offre une s\u00e9curit\u00e9 renforc\u00e9e et permet l&#039;identification visuelle rapide du personnel autoris\u00e9. Disponible dans une vari\u00e9t\u00e9 de couleurs vives, il constitue un excellent support pour votre logo personnalis\u00e9, transformant ainsi un \u00e9l\u00e9ment de s\u00e9curit\u00e9 en outil promotionnel. Commandez en gros pour une gestion \u00e9conomique de votre \u00e9v\u00e9nement et la promotion de votre marque.<\/p>\n<p><b>Caract\u00e9ristiques principales :<\/b><\/p>\n<ul>\n<li><b>Mat\u00e9riau haute visibilit\u00e9 :<\/b> Offre une excellente visibilit\u00e9 \u00e0 la lumi\u00e8re du jour et brille intens\u00e9ment sous lumi\u00e8re UV\/noire.<\/li>\n<li><b>Construction durable :<\/b> Fabriqu\u00e9 \u00e0 partir de mat\u00e9riaux de haute qualit\u00e9 et durables, adapt\u00e9s aux \u00e9v\u00e9nements de plusieurs jours.<\/li>\n<li><b>S\u00e9curit\u00e9 renforc\u00e9e pour les \u00e9v\u00e9nements\u00a0:<\/b> Permet une identification visuelle facile et rapide du personnel ou des clients dans des conditions de faible luminosit\u00e9.<\/li>\n<li><b>Image de marque rentable\u00a0:<\/b> Une solution abordable pour promouvoir votre marque ou votre message \u00e0 grande \u00e9chelle lors d&#039;\u00e9v\u00e9nements de grande envergure.<\/li>\n<li><b>Plusieurs options de couleurs :<\/b> Disponible dans une gamme de couleurs fluorescentes vives pour s&#039;harmoniser avec le th\u00e8me de votre \u00e9v\u00e9nement.<\/li>\n<\/ul>","protected":false},"excerpt":{"rendered":"<ul>\n<li>Am\u00e9liorer la visibilit\u00e9 du personnel et des clients dans les environnements peu \u00e9clair\u00e9s.<\/li>\n<li>Ce mat\u00e9riau fluorescent aux couleurs vives brille intens\u00e9ment sous lumi\u00e8re UV\/noire.<\/li>\n<li>Mat\u00e9riau durable et de haute qualit\u00e9 pour une utilisation lors d&#039;\u00e9v\u00e9nements de plusieurs jours.<\/li>\n<li>Id\u00e9al pour l&#039;identification du personnel lors de festivals, de concerts et d&#039;\u00e9v\u00e9nements d&#039;entreprise.<\/li>\n<\/ul>","protected":false},"featured_media":6706,"comment_status":"closed","ping_status":"closed","template":"","meta":[],"product_brand":[],"product_cat":[43,109],"product_tag":[],"class_list":{"0":"post-1235","1":"product","2":"type-product","3":"status-publish","4":"has-post-thumbnail","6":"product_cat-lanyards","7":"product_cat-reflective-lanyards","9":"first","10":"instock","11":"shipping-taxable","12":"purchasable","13":"product-type-simple"},"_links":{"self":[{"href":"https:\/\/displayproducts.eu\/fr\/wp-json\/wp\/v2\/product\/1235","targetHints":{"allow":["GET"]}}],"collection":[{"href":"https:\/\/displayproducts.eu\/fr\/wp-json\/wp\/v2\/product"}],"about":[{"href":"https:\/\/displayproducts.eu\/fr\/wp-json\/wp\/v2\/types\/product"}],"replies":[{"embeddable":true,"href":"https:\/\/displayproducts.eu\/fr\/wp-json\/wp\/v2\/comments?post=1235"}],"wp:featuredmedia":[{"embeddable":true,"href":"https:\/\/displayproducts.eu\/fr\/wp-json\/wp\/v2\/media\/6706"}],"wp:attachment":[{"href":"https:\/\/displayproducts.eu\/fr\/wp-json\/wp\/v2\/media?parent=1235"}],"wp:term":[{"taxonomy":"product_brand","embeddable":true,"href":"https:\/\/displayproducts.eu\/fr\/wp-json\/wp\/v2\/product_brand?post=1235"},{"taxonomy":"product_cat","embeddable":true,"href":"https:\/\/displayproducts.eu\/fr\/wp-json\/wp\/v2\/product_cat?post=1235"},{"taxonomy":"product_tag","embeddable":true,"href":"https:\/\/displayproducts.eu\/fr\/wp-json\/wp\/v2\/product_tag?post=1235"}],"curies":[{"name":"wp","href":"https:\/\/api.w.org\/{rel}","templated":true}]}}