{"id":1233,"date":"2024-10-27T11:54:14","date_gmt":"2024-10-27T08:54:14","guid":{"rendered":"https:\/\/wristbandfactory.eu\/toode\/rpet-eco-lanyards\/"},"modified":"2026-04-01T21:52:36","modified_gmt":"2026-04-01T18:52:36","slug":"printed-rpet-lanyards","status":"publish","type":"product","link":"https:\/\/displayproducts.eu\/fr\/p\/printed-rpet-lanyards\/","title":{"rendered":"Tours de cou en rPET imprim\u00e9s (S\u00e9rigraphie)"},"content":{"rendered":"<p data-path-to-node=\"11\">Rejoignez le mouvement pour le d\u00e9veloppement durable et promouvez votre marque de mani\u00e8re responsable gr\u00e2ce \u00e0 notre <b>Lani\u00e8res imprim\u00e9es en rPET<\/b>. Ce produit est le choix id\u00e9al pour les organisations qui ont besoin d&#039;une lani\u00e8re \u00e9conomique et \u00e0 grand volume, conforme aux valeurs environnementales de l&#039;entreprise, sans pour autant d\u00e9passer leur budget.<\/p>\n<p data-path-to-node=\"12\">Ces cordons sont tiss\u00e9s \u00e0 partir de <b>100% polyester rPET<\/b>, une fibre r\u00e9sistante enti\u00e8rement issue du recyclage de bouteilles en plastique. En choisissant le rPET, vous contribuez activement \u00e0 r\u00e9duire les d\u00e9chets plastiques mis en d\u00e9charge et l&#039;empreinte carbone de votre \u00e9v\u00e9nement. Contrairement \u00e0 notre version par sublimation, ce mod\u00e8le sp\u00e9cifique utilise <b>impression s\u00e9rigraphique<\/b>. Cette m\u00e9thode est id\u00e9ale pour les logos aux couleurs unies, offrant une finition nette et audacieuse qui ressort particuli\u00e8rement sur le tissu \u00e0 texture c\u00f4tel\u00e9e.<\/p>\n<p data-path-to-node=\"13\">Nous proposons <b>correspondance pr\u00e9cise des couleurs Pantone<\/b> Pour l&#039;impression de votre logo, votre identit\u00e9 visuelle est parfaitement pr\u00e9serv\u00e9e. Le mat\u00e9riau est robuste et durable, d&#039;une r\u00e9sistance \u00e9quivalente \u00e0 celle du polyester vierge, ce qui en fait un accessoire fiable pour les conf\u00e9rences, les festivals et l&#039;usage quotidien au bureau. Chaque cordon est fourni avec un mousqueton en m\u00e9tal, offrant ainsi une solution pratique et \u00e9cologique pour vos participants.<\/p>\n<p data-path-to-node=\"14\"><b>Caract\u00e9ristiques principales :<\/b><\/p>\n<ul data-path-to-node=\"15\">\n<li>\n<p data-path-to-node=\"15,0,0\"><b>Mat\u00e9riel:<\/b> 100% rPET (Poly\u00e9thyl\u00e8ne t\u00e9r\u00e9phtalate recycl\u00e9).<\/p>\n<\/li>\n<li>\n<p data-path-to-node=\"15,1,0\"><b>Technologie d&#039;impression\u00a0:<\/b> Impression s\u00e9rigraphique (id\u00e9ale pour 1 \u00e0 4 couleurs d&#039;accompagnement).<\/p>\n<\/li>\n<li>\n<p data-path-to-node=\"15,2,0\"><b>\u00c9conomie:<\/b> Une alternative durable et \u00e9conomique au polyester vierge.<\/p>\n<\/li>\n<li>\n<p data-path-to-node=\"15,3,0\"><b>Pr\u00e9cision des couleurs\u00a0:<\/b> Correspondance Pantone disponible pour le logo imprim\u00e9.<\/p>\n<\/li>\n<li>\n<p data-path-to-node=\"15,4,0\"><b>Durabilit\u00e9:<\/b> Haute r\u00e9sistance \u00e0 la traction, adapt\u00e9e aux badges et cl\u00e9s lourds.<\/p>\n<\/li>\n<li>\n<p data-path-to-node=\"15,5,0\"><b>Mat\u00e9riel:<\/b> Comprend un mousqueton m\u00e9tallique standard (clips personnalis\u00e9s disponibles).<\/p>\n<\/li>\n<\/ul>","protected":false},"excerpt":{"rendered":"<ul>\n<li>\n<p data-path-to-node=\"9,0,0\"><b>Choix durable\u00a0:<\/b> Fabriqu\u00e9 \u00e0 partir de PET recycl\u00e9 100% (rPET) d\u00e9riv\u00e9 de bouteilles en plastique post-consommation.<\/p>\n<\/li>\n<li>\n<p data-path-to-node=\"9,1,0\"><b>\u00c9co-responsable et rentable :<\/b> Le point d&#039;entr\u00e9e le plus abordable pour les marques souhaitant adopter des solutions d&#039;identification durables.<\/p>\n<\/li>\n<li>\n<p data-path-to-node=\"9,2,0\"><b>Image de marque percutante\u00a0:<\/b> Impression s\u00e9rigraphique de haute qualit\u00e9 pour des logos nets et pr\u00e9cis gr\u00e2ce \u00e0 une correspondance exacte des couleurs Pantone.<\/p>\n<\/li>\n<li>\n<p data-path-to-node=\"9,3,0\"><b>Durable et robuste :<\/b> Il conserve la r\u00e9sistance du polyester standard, ce qui le rend adapt\u00e9 aux \u00e9v\u00e9nements de plusieurs jours et \u00e0 l&#039;usage du personnel.<\/p>\n<\/li>\n<\/ul>","protected":false},"featured_media":6754,"comment_status":"closed","ping_status":"closed","template":"","meta":[],"product_brand":[],"product_cat":[104,107],"product_tag":[],"class_list":{"0":"post-1233","1":"product","2":"type-product","3":"status-publish","4":"has-post-thumbnail","6":"product_cat-custom-printed-lanyards","7":"product_cat-eco-friendly-lanyards","9":"first","10":"instock","11":"shipping-taxable","12":"purchasable","13":"product-type-simple"},"_links":{"self":[{"href":"https:\/\/displayproducts.eu\/fr\/wp-json\/wp\/v2\/product\/1233","targetHints":{"allow":["GET"]}}],"collection":[{"href":"https:\/\/displayproducts.eu\/fr\/wp-json\/wp\/v2\/product"}],"about":[{"href":"https:\/\/displayproducts.eu\/fr\/wp-json\/wp\/v2\/types\/product"}],"replies":[{"embeddable":true,"href":"https:\/\/displayproducts.eu\/fr\/wp-json\/wp\/v2\/comments?post=1233"}],"wp:featuredmedia":[{"embeddable":true,"href":"https:\/\/displayproducts.eu\/fr\/wp-json\/wp\/v2\/media\/6754"}],"wp:attachment":[{"href":"https:\/\/displayproducts.eu\/fr\/wp-json\/wp\/v2\/media?parent=1233"}],"wp:term":[{"taxonomy":"product_brand","embeddable":true,"href":"https:\/\/displayproducts.eu\/fr\/wp-json\/wp\/v2\/product_brand?post=1233"},{"taxonomy":"product_cat","embeddable":true,"href":"https:\/\/displayproducts.eu\/fr\/wp-json\/wp\/v2\/product_cat?post=1233"},{"taxonomy":"product_tag","embeddable":true,"href":"https:\/\/displayproducts.eu\/fr\/wp-json\/wp\/v2\/product_tag?post=1233"}],"curies":[{"name":"wp","href":"https:\/\/api.w.org\/{rel}","templated":true}]}}