{"id":1232,"date":"2024-10-27T11:54:14","date_gmt":"2024-10-27T08:54:14","guid":{"rendered":"https:\/\/wristbandfactory.eu\/toode\/vinyl-wristbands\/"},"modified":"2026-04-01T21:52:36","modified_gmt":"2026-04-01T18:52:36","slug":"custom-printed-vinyl-wristbands","status":"publish","type":"product","link":"https:\/\/displayproducts.eu\/fr\/p\/custom-printed-vinyl-wristbands\/","title":{"rendered":"Bracelets en vinyle imprim\u00e9s"},"content":{"rendered":"<div class=\"mx-12 md:mx-24 lg:mx-48\">\n<div class=\"container my-8 svelte-zlsknf\">\n<div class=\"my-24 rounded-lg border-0 border-gray-700 bg-gray-100 px-16 py-24\">\n<div class=\"mt-11 !text-gray-500\">\n<p data-path-to-node=\"15\">S\u00e9curisez votre \u00e9v\u00e9nement avec notre <b data-path-to-node=\"15\" data-index-in-node=\"52\">Bracelets en vinyle imprim\u00e9s<\/b>, Ces bracelets constituent la norme du secteur pour le contr\u00f4le d&#039;acc\u00e8s sur plusieurs jours. Fabriqu\u00e9s \u00e0 partir de trois couches de vinyle souple mais extr\u00eamement r\u00e9sistant, ils restent confortables m\u00eame dans l&#039;eau, la transpiration et les environnements actifs comme les festivals, les parcs aquatiques et les complexes h\u00f4teliers.<\/p>\n<p data-path-to-node=\"16\">Contrairement aux \u00e9lastiques en papier, ceux-ci ne peuvent pas \u00eatre d\u00e9chir\u00e9s. <b data-path-to-node=\"16\" data-index-in-node=\"50\">fermeture \u00e0 pression en plastique \u00e0 usage unique<\/b> garantit qu&#039;une fois attach\u00e9, le bracelet doit \u00eatre coup\u00e9 pour \u00eatre retir\u00e9, emp\u00eachant ainsi les transferts non autoris\u00e9s. Disponible en <b data-path-to-node=\"16\" data-index-in-node=\"199\">Visage large<\/b> (pour les logos plus grands) ou <b data-path-to-node=\"16\" data-index-in-node=\"231\">Forme en L<\/b> Pour nos cr\u00e9ations, nous utilisons des mat\u00e9riaux de haute qualit\u00e9. <b data-path-to-node=\"16\" data-index-in-node=\"268\">impression s\u00e9rigraphique<\/b> pour appliquer votre logo ou votre texte dans une seule couleur vive qui r\u00e9siste \u00e0 la d\u00e9coloration.<\/p>\n<h2 data-path-to-node=\"17\">Caract\u00e9ristiques principales<\/h2>\n<ul data-path-to-node=\"18\">\n<li>\n<p data-path-to-node=\"18,0,0\"><b data-path-to-node=\"18,0,0\" data-index-in-node=\"0\">Serrure inviolable\u00a0:<\/b> La fermeture permanente \u00e0 pression emp\u00eache toute r\u00e9utilisation, garantissant ainsi un contr\u00f4le s\u00fbr des foules.<\/p>\n<\/li>\n<li>\n<p data-path-to-node=\"18,1,0\"><b data-path-to-node=\"18,1,0\" data-index-in-node=\"0\">Conception \u00e9tanche :<\/b> Id\u00e9al pour les environnements humides, notamment les piscines, les saunas et les festivals en plein air.<\/p>\n<\/li>\n<li>\n<p data-path-to-node=\"18,2,0\"><b data-path-to-node=\"18,2,0\" data-index-in-node=\"0\">Impression \u00e0 contraste \u00e9lev\u00e9\u00a0:<\/b> La technologie de la s\u00e9rigraphie permet d&#039;obtenir une impression nette et durable de votre logo ou message.<\/p>\n<\/li>\n<li>\n<p data-path-to-node=\"18,3,0\"><b data-path-to-node=\"18,3,0\" data-index-in-node=\"0\">Large gamme de couleurs :<\/b> Choisissez parmi des couleurs de base n\u00e9on, mates ou brillantes pour correspondre \u00e0 votre identit\u00e9 de marque.<\/p>\n<\/li>\n<\/ul>\n<h2 data-path-to-node=\"19\">Caract\u00e9ristiques<\/h2>\n<ul data-path-to-node=\"20\">\n<li>\n<p data-path-to-node=\"20,0,0\"><b data-path-to-node=\"20,0,0\" data-index-in-node=\"0\">Mat\u00e9riel:<\/b> Vinyle tri-lamin\u00e9 3 plis<\/p>\n<\/li>\n<li>\n<p data-path-to-node=\"20,1,0\"><b data-path-to-node=\"20,1,0\" data-index-in-node=\"0\">Impression:<\/b> S\u00e9rigraphie 1 couleur (durable et nette)<\/p>\n<\/li>\n<li>\n<p data-path-to-node=\"20,2,0\"><b data-path-to-node=\"20,2,0\" data-index-in-node=\"0\">Fermeture:<\/b> Bouton-pression en plastique \u00e0 usage unique<\/p>\n<\/li>\n<li>\n<p data-path-to-node=\"20,3,0\"><b data-path-to-node=\"20,3,0\" data-index-in-node=\"0\">Taille:<\/b> R\u00e9glable (Convient \u00e0 toutes les tailles de poignet)<\/p>\n<\/li>\n<li>\n<p data-path-to-node=\"20,4,0\"><b data-path-to-node=\"20,4,0\" data-index-in-node=\"0\">Dur\u00e9e d&#039;utilisation :<\/b> 3 \u00e0 7 jours et plus<\/p>\n<\/li>\n<li>\n<p data-path-to-node=\"20,5,0\"><b data-path-to-node=\"20,5,0\" data-index-in-node=\"0\">\u00c9tanche:<\/b> Oui (100%)<\/p>\n<\/li>\n<li>\n<p data-path-to-node=\"20,6,0\"><b data-path-to-node=\"20,6,0\" data-index-in-node=\"0\">Quantit\u00e9 minimale :<\/b> 100 unit\u00e9s<\/p>\n<\/li>\n<\/ul>\n<h2 data-path-to-node=\"21\">Cas d&#039;utilisation<\/h2>\n<ul data-path-to-node=\"22\">\n<li>\n<p data-path-to-node=\"22,0,0\"><b data-path-to-node=\"22,0,0\" data-index-in-node=\"0\">H\u00f4tels et complexes h\u00f4teliers :<\/b> Pi\u00e8ce d&#039;identit\u00e9 requise pour les forfaits tout compris (coffre-fort piscine et douche).<\/p>\n<\/li>\n<li>\n<p data-path-to-node=\"22,1,0\"><b data-path-to-node=\"22,1,0\" data-index-in-node=\"0\">Concerts et festivals :<\/b> Gestion s\u00e9curis\u00e9e des entr\u00e9es sur plusieurs jours.<\/p>\n<\/li>\n<li>\n<p data-path-to-node=\"22,2,0\"><b data-path-to-node=\"22,2,0\" data-index-in-node=\"0\">Parcs aquatiques :<\/b> Suffisamment r\u00e9sistant pour supporter le chlore et une exposition constante \u00e0 l&#039;eau.<\/p>\n<\/li>\n<li>\n<p data-path-to-node=\"22,3,0\"><b data-path-to-node=\"22,3,0\" data-index-in-node=\"0\">Bo\u00eetes de nuit et bars :<\/b> V\u00e9rification VIP ou d&#039;\u00e2ge active toute la nuit.<\/p>\n<\/li>\n<\/ul>\n<\/div>\n<\/div>\n<\/div>\n<\/div>","protected":false},"excerpt":{"rendered":"<ul>\n<li>\n<p data-path-to-node=\"14,0,0\"><b data-path-to-node=\"14,0,0\" data-index-in-node=\"0\">Haute s\u00e9curit\u00e9 :<\/b> Comporte un syst\u00e8me de fermeture \u00e0 pression en plastique \u00e0 usage unique pour emp\u00eacher tout transfert et toute falsification.<\/p>\n<\/li>\n<li>\n<p data-path-to-node=\"14,1,0\"><b data-path-to-node=\"14,1,0\" data-index-in-node=\"0\">Durabilit\u00e9 sur plusieurs jours\u00a0:<\/b> Fabriqu\u00e9 \u00e0 partir de vinyle 3 couches 100% imperm\u00e9able et r\u00e9sistant aux d\u00e9chirures.<\/p>\n<\/li>\n<li>\n<p data-path-to-node=\"14,2,0\"><b data-path-to-node=\"14,2,0\" data-index-in-node=\"0\">Personnalisation de la marque\u00a0:<\/b> Impression s\u00e9rigraphique monochrome durable pour logos et textes \u00e0 contraste \u00e9lev\u00e9.<\/p>\n<\/li>\n<li>\n<p data-path-to-node=\"14,3,0\"><b data-path-to-node=\"14,3,0\" data-index-in-node=\"0\">V\u00eatements confortables :<\/b> Mati\u00e8re douce et lisse con\u00e7ue pour un port prolong\u00e9 (3 \u00e0 7 jours et plus).<\/p>\n<\/li>\n<\/ul>","protected":false},"featured_media":6007,"comment_status":"closed","ping_status":"closed","template":"","meta":[],"product_brand":[],"product_cat":[66,51],"product_tag":[],"class_list":{"0":"post-1232","1":"product","2":"type-product","3":"status-publish","4":"has-post-thumbnail","6":"product_cat-wristbands","7":"product_cat-vinyl","9":"first","10":"instock","11":"shipping-taxable","12":"purchasable","13":"product-type-simple"},"_links":{"self":[{"href":"https:\/\/displayproducts.eu\/fr\/wp-json\/wp\/v2\/product\/1232","targetHints":{"allow":["GET"]}}],"collection":[{"href":"https:\/\/displayproducts.eu\/fr\/wp-json\/wp\/v2\/product"}],"about":[{"href":"https:\/\/displayproducts.eu\/fr\/wp-json\/wp\/v2\/types\/product"}],"replies":[{"embeddable":true,"href":"https:\/\/displayproducts.eu\/fr\/wp-json\/wp\/v2\/comments?post=1232"}],"wp:featuredmedia":[{"embeddable":true,"href":"https:\/\/displayproducts.eu\/fr\/wp-json\/wp\/v2\/media\/6007"}],"wp:attachment":[{"href":"https:\/\/displayproducts.eu\/fr\/wp-json\/wp\/v2\/media?parent=1232"}],"wp:term":[{"taxonomy":"product_brand","embeddable":true,"href":"https:\/\/displayproducts.eu\/fr\/wp-json\/wp\/v2\/product_brand?post=1232"},{"taxonomy":"product_cat","embeddable":true,"href":"https:\/\/displayproducts.eu\/fr\/wp-json\/wp\/v2\/product_cat?post=1232"},{"taxonomy":"product_tag","embeddable":true,"href":"https:\/\/displayproducts.eu\/fr\/wp-json\/wp\/v2\/product_tag?post=1232"}],"curies":[{"name":"wp","href":"https:\/\/api.w.org\/{rel}","templated":true}]}}