{"id":1229,"date":"2024-10-27T11:54:14","date_gmt":"2024-10-27T08:54:14","guid":{"rendered":"https:\/\/wristbandfactory.eu\/toode\/glitter-wristbands\/"},"modified":"2026-04-01T21:52:36","modified_gmt":"2026-04-01T18:52:36","slug":"glitter-vinyl-wristbands","status":"publish","type":"product","link":"https:\/\/displayproducts.eu\/fr\/p\/glitter-vinyl-wristbands\/","title":{"rendered":"Bracelets en vinyle paillet\u00e9"},"content":{"rendered":"<p data-path-to-node=\"8\">Sublimez votre prochain \u00e9v\u00e9nement haut de gamme avec nos bracelets en vinyle paillet\u00e9. Solution id\u00e9ale pour les galas, les espaces VIP et les soir\u00e9es exclusives o\u00f9 une finition impeccable et percutante est essentielle \u00e0 votre image de marque.<\/p>\n<p data-path-to-node=\"9\">Ces bracelets allient la durabilit\u00e9 de plusieurs jours et l&#039;\u00e9tanch\u00e9it\u00e9 de nos bracelets en vinyle standard \u00e0 une finition \u00e0 paillettes tr\u00e8s brillantes.<\/p>\n<h3>Commandez parmi les produits en stock ou imprim\u00e9s sur mesure<\/h3>\n<p data-path-to-node=\"11\">Pour respecter vos d\u00e9lais, nous vous proposons deux options\u00a0:<\/p>\n<ol start=\"1\" data-path-to-node=\"12\">\n<li>\n<p data-path-to-node=\"12,0,0\"><b>Non imprim\u00e9 (en stock) :<\/b> Pour une exp\u00e9dition imm\u00e9diate, nos bracelets \u00e0 paillettes non imprim\u00e9s sont disponibles en stock dans 6 couleurs \u00e9clatantes : or, argent, vert, bleu, rose ou rouge.<\/p>\n<\/li>\n<li>\n<p data-path-to-node=\"12,1,0\"><b>Impression personnalis\u00e9e\u00a0:<\/b> Pour le marquage, nous pouvons ajouter votre logo ou votre texte en impression monochrome durable, dans la couleur d&#039;encre de votre choix.<\/p>\n<\/li>\n<\/ol>\n<h3>S\u00e9curit\u00e9 incluse<\/h3>\n<p data-path-to-node=\"14\">Chaque bracelet est muni d&#039;une fermeture \u00e0 pression en plastique \u00e0 usage unique. Ce syst\u00e8me de verrouillage non transf\u00e9rable garantit la s\u00e9curit\u00e9 de votre \u00e9v\u00e9nement et emp\u00eache toute intrusion.<\/p>\n<p data-path-to-node=\"15\"><i>Remarque\u00a0: L\u2019impression personnalis\u00e9e sur les surfaces paillet\u00e9es est sensible aux lotions, au sable et \u00e0 l\u2019eau sal\u00e9e. Nous recommandons ces bracelets pour les \u00e9v\u00e9nements en int\u00e9rieur ou les festivals sans eau afin de garantir une dur\u00e9e de vie optimale de l\u2019impression.<\/i><\/p>\n<p data-path-to-node=\"16\"><b>Caract\u00e9ristiques principales :<\/b><\/p>\n<ul data-path-to-node=\"17\">\n<li>\n<p data-path-to-node=\"17,0,0\"><b>Finition paillet\u00e9e haut de gamme :<\/b> Mati\u00e8re tr\u00e8s scintillante, id\u00e9ale pour les VIP, les galas et les soir\u00e9es exclusives.<\/p>\n<\/li>\n<li>\n<p data-path-to-node=\"17,1,0\"><b>Fermeture de haute s\u00e9curit\u00e9 :<\/b> Comporte un syst\u00e8me de fermeture \u00e0 pression en plastique \u00e0 usage unique pour emp\u00eacher tout transfert.<\/p>\n<\/li>\n<li>\n<p data-path-to-node=\"17,2,0\"><b>Personnalisation de la marque\u00a0:<\/b> Disponible avec un logo ou un texte imprim\u00e9 en une couleur, r\u00e9sistant \u00e0 la lumi\u00e8re.<\/p>\n<\/li>\n<li>\n<p data-path-to-node=\"17,3,0\"><b>6 couleurs \u00e9clatantes :<\/b> Choisissez parmi les options boursi\u00e8res en or, argent, vert, bleu, rouge ou rose.<\/p>\n<\/li>\n<li>\n<p data-path-to-node=\"17,4,0\"><b>Disponibilit\u00e9 des stocks :<\/b> Des bracelets vierges sont disponibles en stock pour une exp\u00e9dition imm\u00e9diate.<\/p>\n<\/li>\n<\/ul>","protected":false},"excerpt":{"rendered":"<ul>\n<li>\n<p data-path-to-node=\"7,0,0\"><b>Finition VIP Premium :<\/b> Finition paillet\u00e9e \u00e0 fort impact, parfaite pour les bals de gala, les clients VIP et les soir\u00e9es exclusives.<\/p>\n<\/li>\n<li>\n<p data-path-to-node=\"7,1,0\"><b>Fermeture de haute s\u00e9curit\u00e9 :<\/b> Comporte un syst\u00e8me de fermeture \u00e0 pression en plastique s\u00e9curis\u00e9 et \u00e0 usage unique pour emp\u00eacher tout transfert.<\/p>\n<\/li>\n<li>\n<p data-path-to-node=\"7,2,0\"><b>Commande flexible\u00a0:<\/b> Disponible en stock sans impression (pour une livraison rapide) ou avec une impression de logo personnalis\u00e9e en une couleur.<\/p>\n<\/li>\n<li>\n<p data-path-to-node=\"7,3,0\"><b>6 couleurs de base\u00a0:<\/b> Choisissez parmi les couleurs or, argent, vert, bleu, rouge ou rose.<\/p>\n<\/li>\n<\/ul>","protected":false},"featured_media":6032,"comment_status":"closed","ping_status":"closed","template":"","meta":[],"product_brand":[],"product_cat":[66,51,68],"product_tag":[],"class_list":{"0":"post-1229","1":"product","2":"type-product","3":"status-publish","4":"has-post-thumbnail","6":"product_cat-wristbands","7":"product_cat-vinyl","8":"product_cat-event-supplies","10":"first","11":"instock","12":"shipping-taxable","13":"purchasable","14":"product-type-simple"},"_links":{"self":[{"href":"https:\/\/displayproducts.eu\/fr\/wp-json\/wp\/v2\/product\/1229","targetHints":{"allow":["GET"]}}],"collection":[{"href":"https:\/\/displayproducts.eu\/fr\/wp-json\/wp\/v2\/product"}],"about":[{"href":"https:\/\/displayproducts.eu\/fr\/wp-json\/wp\/v2\/types\/product"}],"replies":[{"embeddable":true,"href":"https:\/\/displayproducts.eu\/fr\/wp-json\/wp\/v2\/comments?post=1229"}],"wp:featuredmedia":[{"embeddable":true,"href":"https:\/\/displayproducts.eu\/fr\/wp-json\/wp\/v2\/media\/6032"}],"wp:attachment":[{"href":"https:\/\/displayproducts.eu\/fr\/wp-json\/wp\/v2\/media?parent=1229"}],"wp:term":[{"taxonomy":"product_brand","embeddable":true,"href":"https:\/\/displayproducts.eu\/fr\/wp-json\/wp\/v2\/product_brand?post=1229"},{"taxonomy":"product_cat","embeddable":true,"href":"https:\/\/displayproducts.eu\/fr\/wp-json\/wp\/v2\/product_cat?post=1229"},{"taxonomy":"product_tag","embeddable":true,"href":"https:\/\/displayproducts.eu\/fr\/wp-json\/wp\/v2\/product_tag?post=1229"}],"curies":[{"name":"wp","href":"https:\/\/api.w.org\/{rel}","templated":true}]}}