{"id":1228,"date":"2024-10-27T11:54:14","date_gmt":"2024-10-27T08:54:14","guid":{"rendered":"https:\/\/wristbandfactory.eu\/toode\/medical-wristbands\/"},"modified":"2026-04-01T21:52:36","modified_gmt":"2026-04-01T18:52:36","slug":"medical-wristbands","status":"publish","type":"product","link":"https:\/\/displayproducts.eu\/fr\/p\/medical-wristbands\/","title":{"rendered":"Bracelets d'identification"},"content":{"rendered":"<div class=\"mx-12 md:mx-24 lg:mx-48\">\n<div class=\"container my-8 svelte-zlsknf\">\n<div class=\"my-24 rounded-lg border-0 border-gray-700 bg-gray-100 px-16 py-24\">\n<div class=\"mt-11 !text-gray-500\">\n<p data-path-to-node=\"12\">Assurez la s\u00e9curit\u00e9 des patients et une identification pr\u00e9cise gr\u00e2ce \u00e0 notre <b data-path-to-node=\"12\" data-index-in-node=\"84\">Bracelets d&#039;identification m\u00e9dicale<\/b>. Con\u00e7us sp\u00e9cifiquement pour les h\u00f4pitaux, les accueils de retraite et les \u00e9tablissements de soins, ces bracelets offrent un moyen fiable et efficace d&#039;afficher les donn\u00e9es critiques des patients.<\/p>\n<p data-path-to-node=\"13\"><span data-path-to-node=\"13,0\">Les bracelets sont fabriqu\u00e9s en vinyle souple et hypoallerg\u00e9nique, ce qui garantit leur confort m\u00eame en cas de port prolong\u00e9 et leur innocuit\u00e9 pour les peaux sensibles. <\/span><span data-path-to-node=\"13,2\"><span class=\"citation-59\">Ce mat\u00e9riau est durable et r\u00e9sistant \u00e0 l&#039;eau, ce qui le rend adapt\u00e9 aux douches et aux environnements hospitaliers sans risque de taches ni de d\u00e9gradation.<\/span><\/span><span data-path-to-node=\"13,4\">.<\/span><\/p>\n<h2 data-path-to-node=\"14\">Caract\u00e9ristiques principales<\/h2>\n<ul data-path-to-node=\"15\">\n<li>\n<p data-path-to-node=\"15,0,0\"><b data-path-to-node=\"15,0,0\" data-index-in-node=\"0\">Syst\u00e8me de cartes \u00e0 ins\u00e9rer\u00a0:<\/b> Il est dot\u00e9 d&#039;une poche s\u00e9curis\u00e9e avec une fiche \u00e0 ins\u00e9rer en papier, permettant au personnel de noter rapidement les noms, les dates de naissance ou les num\u00e9ros d&#039;identification m\u00e9dicale sans imprimantes sp\u00e9ciales.<\/p>\n<\/li>\n<li>\n<p data-path-to-node=\"15,1,0\"><b data-path-to-node=\"15,1,0\" data-index-in-node=\"0\">Titre non transf\u00e9rable\u00a0:<\/b> Dot\u00e9 d&#039;une fermeture \u00e0 pression en plastique \u00e0 usage unique (clip) qui doit \u00eatre coup\u00e9e pour \u00eatre retir\u00e9e, emp\u00eachant le transfert non autoris\u00e9 entre patients.<\/p>\n<\/li>\n<li>\n<p data-path-to-node=\"15,2,0\"><b data-path-to-node=\"15,2,0\" data-index-in-node=\"0\">La s\u00e9curit\u00e9 des patients avant tout :<\/b> Fabriqu\u00e9 \u00e0 partir de mat\u00e9riaux hypoallerg\u00e9niques sans bords tranchants pour \u00e9viter les irritations ou les blessures cutan\u00e9es.<\/p>\n<\/li>\n<li>\n<p data-path-to-node=\"15,3,0\"><b data-path-to-node=\"15,3,0\" data-index-in-node=\"0\">Identit\u00e9 visuelle\u00a0:<\/b> Disponible en blanc standard (adultes), d&#039;autres couleurs sont disponibles sur demande pour aider \u00e0 cat\u00e9goriser les groupes de patients (par exemple, allergies, risque de chute).<\/p>\n<\/li>\n<\/ul>\n<h2 data-path-to-node=\"16\">Caract\u00e9ristiques<\/h2>\n<ul data-path-to-node=\"17\">\n<li>\n<p data-path-to-node=\"17,0,0\"><b data-path-to-node=\"17,0,0\" data-index-in-node=\"0\">Mat\u00e9riel:<\/b> PVC souple \/ Vinyle (hypoallerg\u00e9nique).<\/p>\n<\/li>\n<li>\n<p data-path-to-node=\"17,1,0\"><b data-path-to-node=\"17,1,0\" data-index-in-node=\"0\">Type de fermeture :<\/b> Fermeture\/clip en plastique \u00e0 usage unique.<\/p>\n<\/li>\n<li>\n<p data-path-to-node=\"17,2,0\"><b data-path-to-node=\"17,2,0\" data-index-in-node=\"0\">Zone d&#039;\u00e9criture :<\/b> Carte d&#039;insertion incluse.<\/p>\n<\/li>\n<li>\n<p data-path-to-node=\"17,3,0\"><b data-path-to-node=\"17,3,0\" data-index-in-node=\"0\">Tailles:<\/b> Mod\u00e8les pour adultes et enfants disponibles.<\/p>\n<\/li>\n<li>\n<p data-path-to-node=\"17,4,0\"><b data-path-to-node=\"17,4,0\" data-index-in-node=\"0\">Durabilit\u00e9:<\/b> R\u00e9sistant \u00e0 l&#039;eau et aux d\u00e9chirures.<\/p>\n<\/li>\n<li>\n<p data-path-to-node=\"17,5,0\"><b data-path-to-node=\"17,5,0\" data-index-in-node=\"0\">Quantit\u00e9 minimale de commande\u00a0:<\/b> 100 unit\u00e9s.<\/p>\n<\/li>\n<\/ul>\n<h2 data-path-to-node=\"18\">Cas d&#039;utilisation<\/h2>\n<ul data-path-to-node=\"19\">\n<li>\n<p data-path-to-node=\"19,0,0\"><b data-path-to-node=\"19,0,0\" data-index-in-node=\"0\">Admissions \u00e0 l&#039;h\u00f4pital :<\/b> Identification rapide des patients arrivant aux urgences ou dans les services d&#039;hospitalisation.<\/p>\n<\/li>\n<li>\n<p data-path-to-node=\"19,1,0\"><b data-path-to-node=\"19,1,0\" data-index-in-node=\"0\">Accueils de retraite :<\/b> Une pi\u00e8ce d&#039;identit\u00e9 durable pour les r\u00e9sidents de longue dur\u00e9e.<\/p>\n<\/li>\n<li>\n<p data-path-to-node=\"19,2,0\"><b data-path-to-node=\"19,2,0\" data-index-in-node=\"0\">Patients externes de la clinique :<\/b> \u00c9tiquetage sans impression pour les interventions ambulatoires.<\/p>\n<\/li>\n<li>\n<p data-path-to-node=\"19,3,0\"><b data-path-to-node=\"19,3,0\" data-index-in-node=\"0\">Triage m\u00e9dical :<\/b> Cat\u00e9gorisation rapide des patients lors d&#039;une intervention d&#039;urgence.<\/p>\n<\/li>\n<\/ul>\n<\/div>\n<\/div>\n<\/div>\n<\/div>","protected":false},"excerpt":{"rendered":"<ul>\n<li>\n<p data-path-to-node=\"11,0,1\"><span data-path-to-node=\"11,0,1,0\"><b data-path-to-node=\"11,0,1,0\" data-index-in-node=\"0\"><span class=\"citation-60\">Mat\u00e9riel:<\/span><\/b><span class=\"citation-60\"> Vinyle souple et hypoallerg\u00e9nique (r\u00e9sistant \u00e0 l&#039;eau)<\/span><\/span><span data-path-to-node=\"11,0,1,2\">.<\/span><\/p>\n<\/li>\n<li>\n<p data-path-to-node=\"11,1,0\"><b data-path-to-node=\"11,1,0\" data-index-in-node=\"0\">Saisie de donn\u00e9es\u00a0:<\/b> Pochette transparente avec fiche papier coulissante pour les informations du patient.<\/p>\n<\/li>\n<li>\n<p data-path-to-node=\"11,2,0\"><b data-path-to-node=\"11,2,0\" data-index-in-node=\"0\">S\u00e9curit\u00e9:<\/b> La fermeture \u00e0 pression en plastique \u00e0 usage unique emp\u00eache le transfert.<\/p>\n<\/li>\n<li>\n<p data-path-to-node=\"11,3,0\"><b data-path-to-node=\"11,3,0\" data-index-in-node=\"0\">Tailles :<\/b> Disponible en tailles adulte et enfant.<\/p>\n<\/li>\n<\/ul>","protected":false},"featured_media":6413,"comment_status":"closed","ping_status":"closed","template":"","meta":[],"product_brand":[],"product_cat":[66,51,72],"product_tag":[],"class_list":{"0":"post-1228","1":"product","2":"type-product","3":"status-publish","4":"has-post-thumbnail","6":"product_cat-wristbands","7":"product_cat-vinyl","8":"product_cat-medical-and-hospital","10":"first","11":"instock","12":"shipping-taxable","13":"purchasable","14":"product-type-simple"},"_links":{"self":[{"href":"https:\/\/displayproducts.eu\/fr\/wp-json\/wp\/v2\/product\/1228","targetHints":{"allow":["GET"]}}],"collection":[{"href":"https:\/\/displayproducts.eu\/fr\/wp-json\/wp\/v2\/product"}],"about":[{"href":"https:\/\/displayproducts.eu\/fr\/wp-json\/wp\/v2\/types\/product"}],"replies":[{"embeddable":true,"href":"https:\/\/displayproducts.eu\/fr\/wp-json\/wp\/v2\/comments?post=1228"}],"wp:featuredmedia":[{"embeddable":true,"href":"https:\/\/displayproducts.eu\/fr\/wp-json\/wp\/v2\/media\/6413"}],"wp:attachment":[{"href":"https:\/\/displayproducts.eu\/fr\/wp-json\/wp\/v2\/media?parent=1228"}],"wp:term":[{"taxonomy":"product_brand","embeddable":true,"href":"https:\/\/displayproducts.eu\/fr\/wp-json\/wp\/v2\/product_brand?post=1228"},{"taxonomy":"product_cat","embeddable":true,"href":"https:\/\/displayproducts.eu\/fr\/wp-json\/wp\/v2\/product_cat?post=1228"},{"taxonomy":"product_tag","embeddable":true,"href":"https:\/\/displayproducts.eu\/fr\/wp-json\/wp\/v2\/product_tag?post=1228"}],"curies":[{"name":"wp","href":"https:\/\/api.w.org\/{rel}","templated":true}]}}