{"id":1217,"date":"2024-10-27T11:54:36","date_gmt":"2024-10-27T08:54:36","guid":{"rendered":"https:\/\/wristbandfactory.eu\/toode\/polyester-wristbands-with-woven-logo\/"},"modified":"2026-04-01T21:52:36","modified_gmt":"2026-04-01T18:52:36","slug":"woven-fabric-wristbands-up-to-4-colours","status":"publish","type":"product","link":"https:\/\/displayproducts.eu\/fr\/p\/woven-fabric-wristbands-up-to-4-colours\/","title":{"rendered":"Bracelets en tissu tiss\u00e9 (jusqu'\u00e0 4 couleurs)"},"content":{"rendered":"<div class=\"mx-12 md:mx-24 lg:mx-48\">\n<div class=\"container my-8 svelte-zlsknf\">\n<div class=\"my-24 rounded-lg border-0 border-gray-700 bg-gray-100 px-16 py-24\">\n<div class=\"mt-11 !text-gray-500\">\n<p data-path-to-node=\"8\">Valorisez l&#039;image de votre \u00e9v\u00e9nement avec nos bracelets en tissu tiss\u00e9 haut de gamme. Contrairement aux mod\u00e8les imprim\u00e9s, ce design int\u00e8gre votre logo et votre message (jusqu&#039;\u00e0 4 couleurs diff\u00e9rentes) directement dans le tissu polyester r\u00e9sistant. Ce proc\u00e9d\u00e9 de tissage offre une finition textur\u00e9e durable et de haute qualit\u00e9, r\u00e9sistante \u00e0 la d\u00e9coloration et \u00e0 l&#039;usure, ce qui en fait le choix id\u00e9al pour les festivals de plusieurs jours et les \u00e9v\u00e9nements d&#039;entreprise o\u00f9 le prestige de la marque est primordial.<\/p>\n<h3 data-path-to-node=\"9\"><b>Configurez votre bracelet tiss\u00e9 id\u00e9al<\/b><\/h3>\n<ol start=\"1\" data-path-to-node=\"10\">\n<li>\n<p data-path-to-node=\"10,0,0\"><b>Choisissez votre serrure\u00a0:<\/b> Choisissez le syst\u00e8me de fermeture adapt\u00e9 aux besoins de s\u00e9curit\u00e9 de votre \u00e9v\u00e9nement. Ce bracelet est compatible avec toute notre gamme de cadenas, notamment\u00a0:<\/p>\n<ul data-path-to-node=\"10,0,1\">\n<li>\n<p data-path-to-node=\"10,0,1,0,0\"><b>Serrures haute s\u00e9curit\u00e9\u00a0:<\/b> Un dispositif de fermeture \u00e0 usage unique pour emp\u00eacher la transmission et garantir un contr\u00f4le d&#039;acc\u00e8s robuste.<\/p>\n<\/li>\n<li>\n<p data-path-to-node=\"10,0,1,1,0\"><b>Cadenas r\u00e9utilisables\u00a0:<\/b> Une perle ajustable pour une utilisation flexible sur plusieurs jours.<\/p>\n<\/li>\n<li>\n<p data-path-to-node=\"10,0,1,2,0\"><b>Cadenas \u00e9cologiques\u00a0:<\/b> Notre cadenas en bambou durable et \u00e0 usage unique.<\/p>\n<\/li>\n<\/ul>\n<\/li>\n<li>\n<p data-path-to-node=\"10,1,0\"><b>Ajouter un traitement antibact\u00e9rien optionnel\u00a0:<\/b> Pour les \u00e9v\u00e9nements exigeant les normes d&#039;hygi\u00e8ne les plus strictes, ces bracelets sont disponibles avec une option <b>Traitement antibact\u00e9rien certifi\u00e9 conforme \u00e0 la norme ISO 20743<\/b>. Cela constitue un niveau de s\u00e9curit\u00e9 essentiel pour les participants aux conf\u00e9rences sur les soins de sant\u00e9, aux festivals gastronomiques ou aux grands rassemblements publics.<\/p>\n<\/li>\n<\/ol>\n<h3 data-path-to-node=\"11\"><b>Caract\u00e9ristiques principales :<\/b><\/h3>\n<ul data-path-to-node=\"12\">\n<li>\n<p data-path-to-node=\"12,0,0\"><b>Logo tiss\u00e9 de qualit\u00e9 sup\u00e9rieure\u00a0:<\/b> Votre motif est tiss\u00e9 dans le tissu (jusqu&#039;\u00e0 4 couleurs) pour une finition durable et haut de gamme.<\/p>\n<\/li>\n<li>\n<p data-path-to-node=\"12,1,0\"><b>Options de verrouillage de s\u00e9curit\u00e9\u00a0:<\/b> Choisissez entre les mod\u00e8les haute s\u00e9curit\u00e9 (\u00e0 usage unique), r\u00e9utilisables ou en bambou \u00e9cologique.<\/p>\n<\/li>\n<li>\n<p data-path-to-node=\"12,2,0\"><b>Traitement antibact\u00e9rien optionnel\u00a0:<\/b> Certifi\u00e9 ISO 20743 pour une hygi\u00e8ne renforc\u00e9e.<\/p>\n<\/li>\n<li>\n<p data-path-to-node=\"12,3,0\"><b>Polyester durable :<\/b> Mat\u00e9riau r\u00e9sistant, id\u00e9al pour une utilisation prolong\u00e9e.<\/p>\n<\/li>\n<li>\n<p data-path-to-node=\"12,4,0\"><b>Commande minimum:<\/b> 100 pi\u00e8ces.<\/p>\n<\/li>\n<\/ul>\n<p data-path-to-node=\"13\">\n<\/div>\n<\/div>\n<\/div>\n<\/div>","protected":false},"excerpt":{"rendered":"<ul>\n<li>\n<p data-path-to-node=\"7,0,0\">Design tiss\u00e9 haut de gamme\u00a0: votre logo est tiss\u00e9 directement dans le tissu en utilisant jusqu\u2019\u00e0 4 couleurs pour une finition durable et inalt\u00e9rable.<\/p>\n<\/li>\n<li>\n<p data-path-to-node=\"7,1,0\">Options de verrouillage\u00a0: Choisissez entre haute s\u00e9curit\u00e9 (\u00e0 usage unique), r\u00e9utilisable ou en bambou \u00e9cologique.<\/p>\n<\/li>\n<li>\n<p data-path-to-node=\"7,2,0\">Traitement antibact\u00e9rien optionnel\u00a0: traitement certifi\u00e9 ISO 20743 pour une hygi\u00e8ne renforc\u00e9e et une s\u00e9curit\u00e9 accrue des participants.<\/p>\n<\/li>\n<li>\n<p data-path-to-node=\"7,3,0\">Mati\u00e8re polyester r\u00e9sistante, id\u00e9ale pour les festivals de plusieurs jours.<\/p>\n<\/li>\n<\/ul>","protected":false},"featured_media":6385,"comment_status":"closed","ping_status":"closed","template":"","meta":[],"product_brand":[],"product_cat":[66,47],"product_tag":[],"class_list":{"0":"post-1217","1":"product","2":"type-product","3":"status-publish","4":"has-post-thumbnail","6":"product_cat-wristbands","7":"product_cat-fabric-wristbands","9":"first","10":"instock","11":"shipping-taxable","12":"purchasable","13":"product-type-simple"},"_links":{"self":[{"href":"https:\/\/displayproducts.eu\/fr\/wp-json\/wp\/v2\/product\/1217","targetHints":{"allow":["GET"]}}],"collection":[{"href":"https:\/\/displayproducts.eu\/fr\/wp-json\/wp\/v2\/product"}],"about":[{"href":"https:\/\/displayproducts.eu\/fr\/wp-json\/wp\/v2\/types\/product"}],"replies":[{"embeddable":true,"href":"https:\/\/displayproducts.eu\/fr\/wp-json\/wp\/v2\/comments?post=1217"}],"wp:featuredmedia":[{"embeddable":true,"href":"https:\/\/displayproducts.eu\/fr\/wp-json\/wp\/v2\/media\/6385"}],"wp:attachment":[{"href":"https:\/\/displayproducts.eu\/fr\/wp-json\/wp\/v2\/media?parent=1217"}],"wp:term":[{"taxonomy":"product_brand","embeddable":true,"href":"https:\/\/displayproducts.eu\/fr\/wp-json\/wp\/v2\/product_brand?post=1217"},{"taxonomy":"product_cat","embeddable":true,"href":"https:\/\/displayproducts.eu\/fr\/wp-json\/wp\/v2\/product_cat?post=1217"},{"taxonomy":"product_tag","embeddable":true,"href":"https:\/\/displayproducts.eu\/fr\/wp-json\/wp\/v2\/product_tag?post=1217"}],"curies":[{"name":"wp","href":"https:\/\/api.w.org\/{rel}","templated":true}]}}