{"id":1216,"date":"2024-10-27T11:54:36","date_gmt":"2024-10-27T08:54:36","guid":{"rendered":"https:\/\/wristbandfactory.eu\/toode\/adjustable-cord-wristbands\/"},"modified":"2026-04-01T21:52:04","modified_gmt":"2026-04-01T18:52:04","slug":"adjustable-rope-wristbands-custom-printed-cord-with-logo","status":"publish","type":"product","link":"https:\/\/displayproducts.eu\/fr\/p\/adjustable-rope-wristbands-custom-printed-cord-with-logo\/","title":{"rendered":"Bracelets paracorde \u2013 Personnalis\u00e9"},"content":{"rendered":"<div class=\"mx-12 md:mx-24 lg:mx-48\">\n<div class=\"container my-8 svelte-zlsknf\">\n<div class=\"my-24 rounded-lg border-0 border-gray-700 bg-gray-100 px-16 py-24\">\n<div class=\"mt-11 !text-gray-500\">\n<p data-path-to-node=\"9\"><b>Branding \u00e9l\u00e9gant et polyvalent\u00a0: bracelets en corde ajustables personnalis\u00e9s<\/b><\/p>\n<p data-path-to-node=\"10\">Mettez en valeur vos objets publicitaires avec nos bracelets en corde ajustables et personnalisables. Con\u00e7us pour durer, ces bracelets sont dot\u00e9s d&#039;un cordon rond robuste en polyester et d&#039;un tube en caoutchouc personnalisable, offrant une alternative moderne aux bracelets plats traditionnels. Ils sont la solution id\u00e9ale pour les campagnes de notori\u00e9t\u00e9, les \u00e9v\u00e9nements caritatifs et les cadeaux VIP.<\/p>\n<p data-path-to-node=\"11\"><b>Commodit\u00e9 universelle<\/b> Gr\u00e2ce \u00e0 son syst\u00e8me de cordon coulissant intelligent, le bracelet s&#039;adapte facilement \u00e0 toutes les tailles de poignet, des enfants aux adultes. Cette polyvalence \u201c\u00a0taille unique\u00a0\u201d simplifie votre processus de commande et vous \u00e9vite d&#039;avoir \u00e0 deviner les proportions pour votre client\u00e8le.<\/p>\n<p data-path-to-node=\"12\"><b>Image de marque cibl\u00e9e<\/b> Contrairement aux impressions enveloppantes, ces bracelets mettent en valeur votre logo ou message imprim\u00e9 clairement sur le tube en caoutchouc central. L&#039;impression monochrome \u00e0 fort contraste assure une visibilit\u00e9 optimale de votre marque sur le fond \u00e9l\u00e9gant du cordon bicolore.<\/p>\n<p data-path-to-node=\"13\"><b>Options d&#039;hygi\u00e8ne et de s\u00e9curit\u00e9<\/b> Pour les \u00e9v\u00e9nements exigeant des normes sanitaires plus strictes, nous proposons un traitement antibact\u00e9rien optionnel certifi\u00e9 ISO 20743 pour le cordon en polyester. Cette option offre une tranquillit\u00e9 d&#039;esprit suppl\u00e9mentaire aux utilisateurs et positionne votre marque comme un leader responsable du secteur.<\/p>\n<p data-path-to-node=\"14\"><b>Caract\u00e9ristiques principales :<\/b><\/p>\n<ul data-path-to-node=\"15\">\n<li>\n<p data-path-to-node=\"15,0,0\"><b>Cordon de haute qualit\u00e9 :<\/b> Le polyester tiss\u00e9 r\u00e9sistant conserve sa forme et sa couleur.<\/p>\n<\/li>\n<li>\n<p data-path-to-node=\"15,1,0\"><b>Design distinctif :<\/b> Disponible en combinaisons bicolores pour s&#039;harmoniser avec les th\u00e8mes de la marque.<\/p>\n<\/li>\n<li>\n<p data-path-to-node=\"15,2,0\"><b>Curseur r\u00e9glable :<\/b> M\u00e9canisme de tube coulissant s\u00e9curis\u00e9 et facile \u00e0 utiliser.<\/p>\n<\/li>\n<li>\n<p data-path-to-node=\"15,3,0\"><b>Longue dur\u00e9e:<\/b> Con\u00e7u pour un port prolong\u00e9, maximisant l&#039;impact de la marque.<\/p>\n<\/li>\n<li>\n<p data-path-to-node=\"15,4,0\"><b>Pr\u00eat pour la vente en gros :<\/b> Optimis\u00e9 pour les commandes en gros avec un contr\u00f4le qualit\u00e9 constant.<\/p>\n<\/li>\n<\/ul>\n<\/div>\n<\/div>\n<\/div>\n<\/div>","protected":false},"excerpt":{"rendered":"<ul>\n<li>\n<p data-path-to-node=\"6,0,0\"><b>Mat\u00e9riel:<\/b> Cordon rond bicolore en polyester avec tube coulissant en caoutchouc.<\/p>\n<\/li>\n<li>\n<p data-path-to-node=\"6,1,0\"><b>Personnalisation:<\/b> Logo net imprim\u00e9 en une couleur sur le tube central.<\/p>\n<\/li>\n<li>\n<p data-path-to-node=\"6,2,0\"><b>Ajuster:<\/b> M\u00e9canisme de n\u0153ud coulissant enti\u00e8rement r\u00e9glable (taille unique).<\/p>\n<\/li>\n<li>\n<p data-path-to-node=\"6,3,0\"><b>S\u00e9curit\u00e9:<\/b> Traitement antibact\u00e9rien ISO 20743 en option.<\/p>\n<\/li>\n<\/ul>","protected":false},"featured_media":6400,"comment_status":"closed","ping_status":"closed","template":"","meta":[],"product_brand":[],"product_cat":[66,112],"product_tag":[],"class_list":{"0":"post-1216","1":"product","2":"type-product","3":"status-publish","4":"has-post-thumbnail","6":"product_cat-wristbands","7":"product_cat-paracord-wristbands","9":"first","10":"instock","11":"shipping-taxable","12":"purchasable","13":"product-type-simple"},"_links":{"self":[{"href":"https:\/\/displayproducts.eu\/fr\/wp-json\/wp\/v2\/product\/1216","targetHints":{"allow":["GET"]}}],"collection":[{"href":"https:\/\/displayproducts.eu\/fr\/wp-json\/wp\/v2\/product"}],"about":[{"href":"https:\/\/displayproducts.eu\/fr\/wp-json\/wp\/v2\/types\/product"}],"replies":[{"embeddable":true,"href":"https:\/\/displayproducts.eu\/fr\/wp-json\/wp\/v2\/comments?post=1216"}],"wp:featuredmedia":[{"embeddable":true,"href":"https:\/\/displayproducts.eu\/fr\/wp-json\/wp\/v2\/media\/6400"}],"wp:attachment":[{"href":"https:\/\/displayproducts.eu\/fr\/wp-json\/wp\/v2\/media?parent=1216"}],"wp:term":[{"taxonomy":"product_brand","embeddable":true,"href":"https:\/\/displayproducts.eu\/fr\/wp-json\/wp\/v2\/product_brand?post=1216"},{"taxonomy":"product_cat","embeddable":true,"href":"https:\/\/displayproducts.eu\/fr\/wp-json\/wp\/v2\/product_cat?post=1216"},{"taxonomy":"product_tag","embeddable":true,"href":"https:\/\/displayproducts.eu\/fr\/wp-json\/wp\/v2\/product_tag?post=1216"}],"curies":[{"name":"wp","href":"https:\/\/api.w.org\/{rel}","templated":true}]}}