{"id":1212,"date":"2024-10-27T11:54:36","date_gmt":"2024-10-27T08:54:36","guid":{"rendered":"https:\/\/wristbandfactory.eu\/toode\/safety-wristbands-for-children\/"},"modified":"2026-04-01T21:52:36","modified_gmt":"2026-04-01T18:52:36","slug":"safety-wristbands-for-children","status":"publish","type":"product","link":"https:\/\/displayproducts.eu\/fr\/p\/safety-wristbands-for-children\/","title":{"rendered":"Bracelets de s\u00e9curit\u00e9 pour enfants"},"content":{"rendered":"<div class=\"wpb_text_column wpb_content_element\">\n<div class=\"wpb_wrapper\">\n<p>Les brassards sont totalement s\u00fbrs pour la sant\u00e9 et la peau des enfants, comme le prouvent les certificats appropri\u00e9s. Nous collaborons avec les fabricants de mat\u00e9riaux les plus exp\u00e9riment\u00e9s pour garantir \u00e0 nos clients un produit absolument s\u00fbr.<\/p>\n<\/div>\n<\/div>\n<p>agr\u00e9\u00e9<br \/>\napprouv\u00e9 par l&#039;Institut national d&#039;hygi\u00e8ne de Pologne<\/p>\n<p>mat\u00e9riel<br \/>\nmat\u00e9riau sp\u00e9cial doux pour la peau de l&#039;enfant<\/p>\n<p>hypoallerg\u00e9nique<br \/>\naucun compos\u00e9 allerg\u00e8ne<\/p>\n<p>hypoallerg\u00e9nique<br \/>\nConditions de partenariat favorables<\/p>\n<p>plus de 300 pi\u00e8ces<br \/>\nfaibles quantit\u00e9s de production possibles<\/p>\n<p>temps<br \/>\nd\u00e9lais de fabrication courts<br \/>\ndurabilit\u00e9<br \/>\nle mat\u00e9riau est flexible, d\u00e9licat et durable \u00e0 la fois<\/p>\n<p>r\u00e9utilisable<br \/>\nfermoirs du bracelet con\u00e7us pour permettre une utilisation multiple du bracelet<\/p>\n<p>couleur<br \/>\nle fermoir change de couleur lorsqu&#039;il est expos\u00e9 \u00e0 de forts rayons UV<\/p>","protected":false},"excerpt":{"rendered":"<div>\n<p class=\"text-gray-500\">Une large gamme de motifs color\u00e9s et uniques, con\u00e7us par un illustrateur et un \u00e9ducateur. De plus, le client peut cr\u00e9er n&#039;importe quel motif et l&#039;apposer sur un brassard. C&#039;est la solution id\u00e9ale pour les entreprises \u00e0 la recherche d&#039;un support publicitaire unique, d&#039;un gadget innovant et imaginatif, ou d&#039;un cadeau utile pour leurs employ\u00e9s et clients. Le visuel publicitaire peut couvrir toute la surface du brassard (hors fermoir).<\/p>\n<\/div>","protected":false},"featured_media":6439,"comment_status":"closed","ping_status":"closed","template":"","meta":[],"product_brand":[],"product_cat":[66,68],"product_tag":[],"class_list":{"0":"post-1212","1":"product","2":"type-product","3":"status-publish","4":"has-post-thumbnail","6":"product_cat-wristbands","7":"product_cat-event-supplies","9":"first","10":"instock","11":"shipping-taxable","12":"purchasable","13":"product-type-simple"},"_links":{"self":[{"href":"https:\/\/displayproducts.eu\/fr\/wp-json\/wp\/v2\/product\/1212","targetHints":{"allow":["GET"]}}],"collection":[{"href":"https:\/\/displayproducts.eu\/fr\/wp-json\/wp\/v2\/product"}],"about":[{"href":"https:\/\/displayproducts.eu\/fr\/wp-json\/wp\/v2\/types\/product"}],"replies":[{"embeddable":true,"href":"https:\/\/displayproducts.eu\/fr\/wp-json\/wp\/v2\/comments?post=1212"}],"wp:featuredmedia":[{"embeddable":true,"href":"https:\/\/displayproducts.eu\/fr\/wp-json\/wp\/v2\/media\/6439"}],"wp:attachment":[{"href":"https:\/\/displayproducts.eu\/fr\/wp-json\/wp\/v2\/media?parent=1212"}],"wp:term":[{"taxonomy":"product_brand","embeddable":true,"href":"https:\/\/displayproducts.eu\/fr\/wp-json\/wp\/v2\/product_brand?post=1212"},{"taxonomy":"product_cat","embeddable":true,"href":"https:\/\/displayproducts.eu\/fr\/wp-json\/wp\/v2\/product_cat?post=1212"},{"taxonomy":"product_tag","embeddable":true,"href":"https:\/\/displayproducts.eu\/fr\/wp-json\/wp\/v2\/product_tag?post=1212"}],"curies":[{"name":"wp","href":"https:\/\/api.w.org\/{rel}","templated":true}]}}